{"id":742106,"date":"2025-03-03T18:18:49","date_gmt":"2025-03-03T17:18:49","guid":{"rendered":"https:\/\/stoic-curie.212-227-153-4.plesk.page\/producto\/sprenger-dvostruka-kolotura-s-nosacem-70-mm-za-konop-do-14-mm\/"},"modified":"2026-02-25T00:00:58","modified_gmt":"2026-02-25T00:00:58","slug":"sprenger-dvostruka-kolotura-s-nosacem-70-mm-za-konop-do-14-mm","status":"publish","type":"product","link":"https:\/\/stoic-curie.212-227-153-4.plesk.page\/hr\/product\/sprenger-dvostruka-kolotura-s-nosacem-70-mm-za-konop-do-14-mm\/","title":{"rendered":"Sprenger dvostruka kolotura s nosa\u010dem 70 mm, za konop do 14 mm"},"content":{"rendered":"<p>Sprenger dvostruka kolotura s nosa\u010dem 70 mm, za konop do 14 mm &#8211; <\/p>\n<p>HS blokovi kliznih le\u017eajeva za u\u017ead do 14 mm.<br \/>Klizni le\u017eaj: UV otporna Hi-Q plastika<br \/>Promjer kolotura 70 mm: UV otporna Hi-Q plastika<br \/>Bo\u010dne strane: UV otporna Hi-Q plastika i \u010deli\u010dne trake<br \/>Nosivost: 2500 Kg.<\/p>\n","protected":false},"excerpt":{"rendered":"<p>Sprenger dvostruka kolotura s nosa\u010dem 70 mm, za konop do 14 mm &#8211; HS blokovi kliznih le\u017eajeva za u\u017ead do<\/p>\n","protected":false},"featured_media":5943423,"comment_status":"open","ping_status":"closed","template":"","meta":[],"product_brand":[3431],"product_cat":[1769],"product_tag":[],"class_list":{"0":"post-742106","1":"product","2":"type-product","3":"status-publish","4":"has-post-thumbnail","6":"product_brand-sprenger-hs-hr","7":"product_cat-koloture-za-jedrilice-sprenger","9":"first","10":"instock","11":"shipping-taxable","12":"purchasable","13":"product-type-simple"},"_links":{"self":[{"href":"https:\/\/stoic-curie.212-227-153-4.plesk.page\/hr\/wp-json\/wp\/v2\/product\/742106","targetHints":{"allow":["GET"]}}],"collection":[{"href":"https:\/\/stoic-curie.212-227-153-4.plesk.page\/hr\/wp-json\/wp\/v2\/product"}],"about":[{"href":"https:\/\/stoic-curie.212-227-153-4.plesk.page\/hr\/wp-json\/wp\/v2\/types\/product"}],"replies":[{"embeddable":true,"href":"https:\/\/stoic-curie.212-227-153-4.plesk.page\/hr\/wp-json\/wp\/v2\/comments?post=742106"}],"version-history":[{"count":0,"href":"https:\/\/stoic-curie.212-227-153-4.plesk.page\/hr\/wp-json\/wp\/v2\/product\/742106\/revisions"}],"wp:featuredmedia":[{"embeddable":true,"href":"https:\/\/stoic-curie.212-227-153-4.plesk.page\/hr\/wp-json\/wp\/v2\/media\/5943423"}],"wp:attachment":[{"href":"https:\/\/stoic-curie.212-227-153-4.plesk.page\/hr\/wp-json\/wp\/v2\/media?parent=742106"}],"wp:term":[{"taxonomy":"product_brand","embeddable":true,"href":"https:\/\/stoic-curie.212-227-153-4.plesk.page\/hr\/wp-json\/wp\/v2\/product_brand?post=742106"},{"taxonomy":"product_cat","embeddable":true,"href":"https:\/\/stoic-curie.212-227-153-4.plesk.page\/hr\/wp-json\/wp\/v2\/product_cat?post=742106"},{"taxonomy":"product_tag","embeddable":true,"href":"https:\/\/stoic-curie.212-227-153-4.plesk.page\/hr\/wp-json\/wp\/v2\/product_tag?post=742106"}],"curies":[{"name":"wp","href":"https:\/\/api.w.org\/{rel}","templated":true}]}}