{"id":742108,"date":"2025-03-03T18:18:49","date_gmt":"2025-03-03T17:18:49","guid":{"rendered":"https:\/\/stoic-curie.212-227-153-4.plesk.page\/producto\/sprenger-koloturnikjednostruki-okretni-sa-stoperom-i-nosacem-36-mm-za-konop-do-10-mm\/"},"modified":"2026-02-25T00:00:58","modified_gmt":"2026-02-25T00:00:58","slug":"sprenger-koloturnikjednostruki-okretni-sa-stoperom-i-nosacem-36-mm-za-konop-do-10-mm","status":"publish","type":"product","link":"https:\/\/stoic-curie.212-227-153-4.plesk.page\/hr\/product\/sprenger-koloturnikjednostruki-okretni-sa-stoperom-i-nosacem-36-mm-za-konop-do-10-mm\/","title":{"rendered":"Sprenger koloturnik,jednostruki, okretni, sa \u0161toperom i nosacem, 36 mm, za konop do 10 mm"},"content":{"rendered":"<p>Sprenger koloturnik,jednostruki, okretni, sa \u0161toperom i nosacem, 36 mm, za konop do 10 mm &#8211; <\/p>\n<p>Klizni le\u017eajevi HS blokovi za u\u017eeta do 10 mm. Klizni le\u017eaj: UV-otporna Hi-Q plastika. Promjer kolotura 36 mm: UV-otporna Hi-Q plastika. Vijke: UV-otporna Hi-Q plastika i nehr\u0111aju\u0107i \u010delik. Granica lomljenja: 850 Kg.<\/p>\n","protected":false},"excerpt":{"rendered":"<p>Sprenger koloturnik,jednostruki, okretni, sa \u0161toperom i nosacem, 36 mm, za konop do 10 mm &#8211; Klizni le\u017eajevi HS blokovi za<\/p>\n","protected":false},"featured_media":5936187,"comment_status":"open","ping_status":"closed","template":"","meta":[],"product_brand":[3431],"product_cat":[1769],"product_tag":[],"class_list":{"0":"post-742108","1":"product","2":"type-product","3":"status-publish","4":"has-post-thumbnail","6":"product_brand-sprenger-hs-hr","7":"product_cat-koloture-za-jedrilice-sprenger","9":"first","10":"instock","11":"shipping-taxable","12":"purchasable","13":"product-type-simple"},"_links":{"self":[{"href":"https:\/\/stoic-curie.212-227-153-4.plesk.page\/hr\/wp-json\/wp\/v2\/product\/742108","targetHints":{"allow":["GET"]}}],"collection":[{"href":"https:\/\/stoic-curie.212-227-153-4.plesk.page\/hr\/wp-json\/wp\/v2\/product"}],"about":[{"href":"https:\/\/stoic-curie.212-227-153-4.plesk.page\/hr\/wp-json\/wp\/v2\/types\/product"}],"replies":[{"embeddable":true,"href":"https:\/\/stoic-curie.212-227-153-4.plesk.page\/hr\/wp-json\/wp\/v2\/comments?post=742108"}],"version-history":[{"count":0,"href":"https:\/\/stoic-curie.212-227-153-4.plesk.page\/hr\/wp-json\/wp\/v2\/product\/742108\/revisions"}],"wp:featuredmedia":[{"embeddable":true,"href":"https:\/\/stoic-curie.212-227-153-4.plesk.page\/hr\/wp-json\/wp\/v2\/media\/5936187"}],"wp:attachment":[{"href":"https:\/\/stoic-curie.212-227-153-4.plesk.page\/hr\/wp-json\/wp\/v2\/media?parent=742108"}],"wp:term":[{"taxonomy":"product_brand","embeddable":true,"href":"https:\/\/stoic-curie.212-227-153-4.plesk.page\/hr\/wp-json\/wp\/v2\/product_brand?post=742108"},{"taxonomy":"product_cat","embeddable":true,"href":"https:\/\/stoic-curie.212-227-153-4.plesk.page\/hr\/wp-json\/wp\/v2\/product_cat?post=742108"},{"taxonomy":"product_tag","embeddable":true,"href":"https:\/\/stoic-curie.212-227-153-4.plesk.page\/hr\/wp-json\/wp\/v2\/product_tag?post=742108"}],"curies":[{"name":"wp","href":"https:\/\/api.w.org\/{rel}","templated":true}]}}