{"id":742114,"date":"2025-03-03T18:18:51","date_gmt":"2025-03-03T17:18:51","guid":{"rendered":"https:\/\/stoic-curie.212-227-153-4.plesk.page\/producto\/t-tracnica-antal-32mm-x-2mt\/"},"modified":"2026-02-25T00:00:58","modified_gmt":"2026-02-25T00:00:58","slug":"t-tracnica-antal-32mm-x-2mt","status":"publish","type":"product","link":"https:\/\/stoic-curie.212-227-153-4.plesk.page\/hr\/product\/t-tracnica-antal-32mm-x-2mt\/","title":{"rendered":"T-tra\u010dnica Antal 32mm x 2mt"},"content":{"rendered":"<p>T-tra\u010dnica Antal 32mm x 2mt &#8211; <\/p>\n<p>Crni aluminijski kota\u010di\u0107 s niskom trenjem na nylonu. Rotiraju\u0107a (\u00c2\u00b150\u00c2\u00b0) baza od 316 nehr\u0111aju\u0107eg \u010delika za remen. Raskidna paleta s 2 bo\u010dna (samohranjiva) kugli\u010dna le\u017eaja, \u0161iroki odjel za dva jarnja. Igla 316 od nehr\u0111aju\u0107eg \u010delika s blokiraju\u0107om pozicijom. Prednji becket.\u00a0\u00a0Radna optere\u0107enja (SWL) 2800 kg.\u00a0\u00a0T tra\u010dnica s udaljenostima rupa od 100 mm.\u00a0\u00a0Visokouporabni anodizirani aluminij.\u00a0\u00a0Monta\u017ea s 6 mm vijcima.<\/p>\n","protected":false},"excerpt":{"rendered":"<p>T-tra\u010dnica Antal 32mm x 2mt &#8211; Crni aluminijski kota\u010di\u0107 s niskom trenjem na nylonu. Rotiraju\u0107a (\u00c2\u00b150\u00c2\u00b0) baza od 316 nehr\u0111aju\u0107eg<\/p>\n","protected":false},"featured_media":5943433,"comment_status":"open","ping_status":"closed","template":"","meta":[],"product_brand":[2786],"product_cat":[1759],"product_tag":[],"class_list":{"0":"post-742114","1":"product","2":"type-product","3":"status-publish","4":"has-post-thumbnail","6":"product_brand-antal-hr","7":"product_cat-sustavi-klizaca-genove","9":"first","10":"outofstock","11":"shipping-taxable","12":"purchasable","13":"product-type-simple"},"_links":{"self":[{"href":"https:\/\/stoic-curie.212-227-153-4.plesk.page\/hr\/wp-json\/wp\/v2\/product\/742114","targetHints":{"allow":["GET"]}}],"collection":[{"href":"https:\/\/stoic-curie.212-227-153-4.plesk.page\/hr\/wp-json\/wp\/v2\/product"}],"about":[{"href":"https:\/\/stoic-curie.212-227-153-4.plesk.page\/hr\/wp-json\/wp\/v2\/types\/product"}],"replies":[{"embeddable":true,"href":"https:\/\/stoic-curie.212-227-153-4.plesk.page\/hr\/wp-json\/wp\/v2\/comments?post=742114"}],"version-history":[{"count":0,"href":"https:\/\/stoic-curie.212-227-153-4.plesk.page\/hr\/wp-json\/wp\/v2\/product\/742114\/revisions"}],"wp:featuredmedia":[{"embeddable":true,"href":"https:\/\/stoic-curie.212-227-153-4.plesk.page\/hr\/wp-json\/wp\/v2\/media\/5943433"}],"wp:attachment":[{"href":"https:\/\/stoic-curie.212-227-153-4.plesk.page\/hr\/wp-json\/wp\/v2\/media?parent=742114"}],"wp:term":[{"taxonomy":"product_brand","embeddable":true,"href":"https:\/\/stoic-curie.212-227-153-4.plesk.page\/hr\/wp-json\/wp\/v2\/product_brand?post=742114"},{"taxonomy":"product_cat","embeddable":true,"href":"https:\/\/stoic-curie.212-227-153-4.plesk.page\/hr\/wp-json\/wp\/v2\/product_cat?post=742114"},{"taxonomy":"product_tag","embeddable":true,"href":"https:\/\/stoic-curie.212-227-153-4.plesk.page\/hr\/wp-json\/wp\/v2\/product_tag?post=742114"}],"curies":[{"name":"wp","href":"https:\/\/api.w.org\/{rel}","templated":true}]}}