{"id":742121,"date":"2025-03-03T18:18:53","date_gmt":"2025-03-03T17:18:53","guid":{"rendered":"https:\/\/stoic-curie.212-227-153-4.plesk.page\/producto\/palubni-organizatori-za-jedrilice-antal-v-cam-814-3-valjci-14mm-konop\/"},"modified":"2026-02-25T00:00:58","modified_gmt":"2026-02-25T00:00:58","slug":"palubni-organizatori-za-jedrilice-antal-v-cam-814-3-valjci-14mm-konop","status":"publish","type":"product","link":"https:\/\/stoic-curie.212-227-153-4.plesk.page\/hr\/product\/palubni-organizatori-za-jedrilice-antal-v-cam-814-3-valjci-14mm-konop\/","title":{"rendered":"Palubni organizatori za jedrilice Antal V-cam 814 3 valjci &#8211; 14mm konop"},"content":{"rendered":"<p>Palubni organizatori za jedrilice Antal V-cam 814 3 valjci &#8211; 14mm konop &#8211; <\/p>\n<p>Organizer koji omogu\u0107uje preusmjeravanje u\u017eeta prema vitlu. Crni aluminijski ku\u0107i\u0161te i pulte s kugli\u010dnim le\u017eajevima. Maksimalno radno optere\u0107enje 400 kg.<\/p>\n","protected":false},"excerpt":{"rendered":"<p>Palubni organizatori za jedrilice Antal V-cam 814 3 valjci &#8211; 14mm konop &#8211; Organizer koji omogu\u0107uje preusmjeravanje u\u017eeta prema vitlu.<\/p>\n","protected":false},"featured_media":5940020,"comment_status":"open","ping_status":"closed","template":"","meta":[],"product_brand":[2786],"product_cat":[1760],"product_tag":[],"class_list":{"0":"post-742121","1":"product","2":"type-product","3":"status-publish","4":"has-post-thumbnail","6":"product_brand-antal-hr","7":"product_cat-palubni-organizatori-za-jedrilice","9":"first","10":"instock","11":"shipping-taxable","12":"purchasable","13":"product-type-simple"},"_links":{"self":[{"href":"https:\/\/stoic-curie.212-227-153-4.plesk.page\/hr\/wp-json\/wp\/v2\/product\/742121","targetHints":{"allow":["GET"]}}],"collection":[{"href":"https:\/\/stoic-curie.212-227-153-4.plesk.page\/hr\/wp-json\/wp\/v2\/product"}],"about":[{"href":"https:\/\/stoic-curie.212-227-153-4.plesk.page\/hr\/wp-json\/wp\/v2\/types\/product"}],"replies":[{"embeddable":true,"href":"https:\/\/stoic-curie.212-227-153-4.plesk.page\/hr\/wp-json\/wp\/v2\/comments?post=742121"}],"version-history":[{"count":0,"href":"https:\/\/stoic-curie.212-227-153-4.plesk.page\/hr\/wp-json\/wp\/v2\/product\/742121\/revisions"}],"wp:featuredmedia":[{"embeddable":true,"href":"https:\/\/stoic-curie.212-227-153-4.plesk.page\/hr\/wp-json\/wp\/v2\/media\/5940020"}],"wp:attachment":[{"href":"https:\/\/stoic-curie.212-227-153-4.plesk.page\/hr\/wp-json\/wp\/v2\/media?parent=742121"}],"wp:term":[{"taxonomy":"product_brand","embeddable":true,"href":"https:\/\/stoic-curie.212-227-153-4.plesk.page\/hr\/wp-json\/wp\/v2\/product_brand?post=742121"},{"taxonomy":"product_cat","embeddable":true,"href":"https:\/\/stoic-curie.212-227-153-4.plesk.page\/hr\/wp-json\/wp\/v2\/product_cat?post=742121"},{"taxonomy":"product_tag","embeddable":true,"href":"https:\/\/stoic-curie.212-227-153-4.plesk.page\/hr\/wp-json\/wp\/v2\/product_tag?post=742121"}],"curies":[{"name":"wp","href":"https:\/\/api.w.org\/{rel}","templated":true}]}}