{"id":742122,"date":"2025-03-03T18:18:53","date_gmt":"2025-03-03T17:18:53","guid":{"rendered":"https:\/\/stoic-curie.212-227-153-4.plesk.page\/producto\/antal-4261-11-1mt\/"},"modified":"2026-02-25T00:00:58","modified_gmt":"2026-02-25T00:00:58","slug":"antal-4261-11-1mt","status":"publish","type":"product","link":"https:\/\/stoic-curie.212-227-153-4.plesk.page\/hr\/product\/antal-4261-11-1mt\/","title":{"rendered":"Antal 4261 1:1 &#8211; 1mt"},"content":{"rendered":"<p>Antal 4261 1:1 &#8211; 1mt &#8211; <\/p>\n<p>Predstavljamo inovativni Antal 4261 sustav za klizanje glavne jedra na jedrilici, vrhunsko rje\u0161enje dizajnirano za pobolj\u0161anje va\u0161eg jedrili\u010darskog iskustva. Ovaj napredni sustav pa\u017eljivo je konstruiran s precizno\u0161\u0107u, s kuglicama promjera 1\/4\u201d koje uklju\u010duju ukupno 50 Torlon kuglica strate\u0161ki postavljenih u donje staze te jo\u0161 50 Delrin kuglica u gornjim stazama. Ovi visokokvalitetni materijali osiguravaju glatko djelovanje i trajnost, \u010dine\u0107i ovaj sustav pouzdanim izborom za jedrili\u010dare koji zahtijevaju najbolje.<\/p>\n<p>Bo\u010dne sheve, koje su posebno dizajnirane za kontrolu kolica, imaju promjer od 35 mm, \u0161to omogu\u0107ava neometano prilago\u0111avanje tijekom jedrenja. Cjelokupni paket pa\u017eljivo je sastavljen, dolazi s tra\u010dnicom i sustavom remenica, kao i s Antal koloturnikom koji je savr\u0161eno prilago\u0111en za punu veli\u010dinu 100. Tako\u0111er, uklju\u010duje i becket s visinom od 1,5 metara, referencu i taper tack, pru\u017eaju\u0107i sve \u0161to vam je potrebno za sveobuhvatan jedrili\u010darski set.<\/p>\n<p>Ovaj sveobuhvatni sustav integrira tra\u010dnicu, kolica i dva naslona, osiguravaju\u0107i jednostavnu funkcionalnost i lako\u0107u upotrebe. Samo kolica dizajnirana su s precizno\u0161\u0107u, mjere\u0107i 98 mm u du\u017eini i 62 mm u \u0161irini, dok te\u017ee 230 grama. Unato\u010d svom laganom dizajnu, sposobna su podnijeti izvanredan teret do 820 kg, \u0161to ih \u010dini prikladnim za razli\u010dite jedrili\u010darske uvjete i zahtjeve.<\/p>\n<p>Kolica sadr\u017ee iste kuglice promjera 1\/4\u201d, s 50 Torlon kuglica u donjim stazama i 50 Delrin kuglica u gornjim stazama, osiguravaju\u0107i dosljednu izvedbu i pouzdanost. Kontrolne sheve na kolicima, s promjerom od 35 mm, olak\u0161avaju glatko i u\u010dinkovito djelovanje, omogu\u0107avaju\u0107i jedrili\u010darima brze prilagodbe po potrebi.<\/p>\n<p>Nadalje, cjelokupni sustav uklju\u010duje \u010dvrstu tra\u010dnicu du\u017eine 1,5 metara i opremljen je &#8216;STAND UP&#8217; pri\u010dvr\u0161\u0107ivanjem za kolica. Ova pri\u010dvr\u0161\u0107enja dizajnirana su s gumenim zaustavlja\u010dem, \u0161to pobolj\u0161ava stabilnost i osigurava da sustav ostane sigurno na svom mjestu tijekom upotrebe. Tako\u0111er je kompatibilan s remenicama promjera 55 mm, \u0161to ga \u010dini svestranom dodatkom va\u0161oj jedrili\u010darskoj opremi. Uz Antal 4261 sustav klizanja glavne jedra na jedrilici, mo\u017eete jedriti s povjerenjem, znaju\u0107i da imate vrhunski proizvod na raspolaganju.<\/p>\n","protected":false},"excerpt":{"rendered":"<p>Antal 4261 1:1 &#8211; 1mt &#8211; Predstavljamo inovativni Antal 4261 sustav za klizanje glavne jedra na jedrilici, vrhunsko rje\u0161enje dizajnirano<\/p>\n","protected":false},"featured_media":5943434,"comment_status":"open","ping_status":"closed","template":"","meta":[],"product_brand":[2786],"product_cat":[1759],"product_tag":[],"class_list":{"0":"post-742122","1":"product","2":"type-product","3":"status-publish","4":"has-post-thumbnail","6":"product_brand-antal-hr","7":"product_cat-sustavi-klizaca-genove","9":"first","10":"instock","11":"shipping-taxable","12":"purchasable","13":"product-type-simple"},"_links":{"self":[{"href":"https:\/\/stoic-curie.212-227-153-4.plesk.page\/hr\/wp-json\/wp\/v2\/product\/742122","targetHints":{"allow":["GET"]}}],"collection":[{"href":"https:\/\/stoic-curie.212-227-153-4.plesk.page\/hr\/wp-json\/wp\/v2\/product"}],"about":[{"href":"https:\/\/stoic-curie.212-227-153-4.plesk.page\/hr\/wp-json\/wp\/v2\/types\/product"}],"replies":[{"embeddable":true,"href":"https:\/\/stoic-curie.212-227-153-4.plesk.page\/hr\/wp-json\/wp\/v2\/comments?post=742122"}],"version-history":[{"count":0,"href":"https:\/\/stoic-curie.212-227-153-4.plesk.page\/hr\/wp-json\/wp\/v2\/product\/742122\/revisions"}],"wp:featuredmedia":[{"embeddable":true,"href":"https:\/\/stoic-curie.212-227-153-4.plesk.page\/hr\/wp-json\/wp\/v2\/media\/5943434"}],"wp:attachment":[{"href":"https:\/\/stoic-curie.212-227-153-4.plesk.page\/hr\/wp-json\/wp\/v2\/media?parent=742122"}],"wp:term":[{"taxonomy":"product_brand","embeddable":true,"href":"https:\/\/stoic-curie.212-227-153-4.plesk.page\/hr\/wp-json\/wp\/v2\/product_brand?post=742122"},{"taxonomy":"product_cat","embeddable":true,"href":"https:\/\/stoic-curie.212-227-153-4.plesk.page\/hr\/wp-json\/wp\/v2\/product_cat?post=742122"},{"taxonomy":"product_tag","embeddable":true,"href":"https:\/\/stoic-curie.212-227-153-4.plesk.page\/hr\/wp-json\/wp\/v2\/product_tag?post=742122"}],"curies":[{"name":"wp","href":"https:\/\/api.w.org\/{rel}","templated":true}]}}