{"id":742125,"date":"2025-03-03T18:18:54","date_gmt":"2025-03-03T17:18:54","guid":{"rendered":"https:\/\/stoic-curie.212-227-153-4.plesk.page\/producto\/polyform-f13-1950x800mm\/"},"modified":"2026-02-25T00:00:58","modified_gmt":"2026-02-25T00:00:58","slug":"polyform-f13-1950x800mm","status":"publish","type":"product","link":"https:\/\/stoic-curie.212-227-153-4.plesk.page\/hr\/product\/polyform-f13-1950x800mm\/","title":{"rendered":"Polyform F13"},"content":{"rendered":"<p>Polyform F13 &#8211; <\/p>\n<p style=\"color: rgb(34, 34, 34); font-family: Arial, Helvetica, sans-serif; font-size: small;\">Polyform F13 (1950x800mm) je premium plovak velikih dimenzija, izra\u0111en od jedinstvene kombinacije visokokvalitetnih materijala u jednom be\u0161avnom komadu. Dizajniran za dugotrajnost, ovi plovci opremljeni su rupom za u\u017ee oja\u010danom rebrima i rotomolded su od izdr\u017eljivog, fleksibilnog vinila, osiguravaju\u0107i da izdr\u017ee sve vrste vremenskih uvjeta. HL-serija plovaka koristi se \u0161irom svijeta za razne namjene, poput plovaka za mre\u017ee u komercijalnom ribolovu, oznaka za duge linije, plovaka za jastoge i rakove, kao i robusnih odbojnika.<\/p>\n<p style=\"color: rgb(34, 34, 34); font-family: Arial, Helvetica, sans-serif; font-size: small;\">Specifikacije uklju\u010duju:<\/p>\n<ul style=\"color: rgb(34, 34, 34); font-family: Arial, Helvetica, sans-serif; font-size: small;\">\n<li>Broj artikla: F13<\/li>\n<li>Maksimalni promjer: 750 mm<\/li>\n<li>Maksimalna visina: 1880 mm<\/li>\n<li>Nominalna te\u017eina: 23,0 kg<\/li>\n<li>Promjer oka za u\u017ee: 40 mm<\/li>\n<li>Vrsta ventila: V40<\/li>\n<li>Bruto volumen: 700 L<\/li>\n<\/ul>\n<p style=\"color: rgb(34, 34, 34); font-family: Arial, Helvetica, sans-serif; font-size: small;\">Polyform je istaknuti proizvo\u0111a\u010d plovaka, odbojnika i floata, prepoznat kao pionir modernog napuhavaju\u0107eg plasti\u010dnog plovka. Smje\u0161ten u \u00c5lesundu, Norve\u0161ka, tvrtka uspijeva u jednom od najnaprednijih pomorskih okru\u017eenja na svijetu. Polyform AS nudi \u0161irok spektar proizvoda, uklju\u010duju\u0107i:<\/p>\n<ul style=\"color: rgb(34, 34, 34); font-family: Arial, Helvetica, sans-serif; font-size: small;\">\n<li>Napuhavaju\u0107i plovci i odbojnici izra\u0111eni od mekih vinil materijala<\/li>\n<li>Plovci za mre\u017eu, plovci i marina odbojnici izra\u0111eni od BACELL zatvorenih stanica pjene<\/li>\n<li>Plovci sa tvrdom \u0161koljkom i pontonski floati napravljeni od PE i ispunjeni pjenom<\/li>\n<\/ul>\n","protected":false},"excerpt":{"rendered":"<p>Polyform F13 &#8211; Polyform F13 (1950x800mm) je premium plovak velikih dimenzija, izra\u0111en od jedinstvene kombinacije visokokvalitetnih materijala u jednom be\u0161avnom<\/p>\n","protected":false},"featured_media":5940085,"comment_status":"open","ping_status":"closed","template":"","meta":[],"product_brand":[3271],"product_cat":[1848],"product_tag":[],"class_list":{"0":"post-742125","1":"product","2":"type-product","3":"status-publish","4":"has-post-thumbnail","6":"product_brand-polyform-hr","7":"product_cat-brodski-bokobrani","9":"first","10":"instock","11":"shipping-taxable","12":"purchasable","13":"product-type-simple"},"_links":{"self":[{"href":"https:\/\/stoic-curie.212-227-153-4.plesk.page\/hr\/wp-json\/wp\/v2\/product\/742125","targetHints":{"allow":["GET"]}}],"collection":[{"href":"https:\/\/stoic-curie.212-227-153-4.plesk.page\/hr\/wp-json\/wp\/v2\/product"}],"about":[{"href":"https:\/\/stoic-curie.212-227-153-4.plesk.page\/hr\/wp-json\/wp\/v2\/types\/product"}],"replies":[{"embeddable":true,"href":"https:\/\/stoic-curie.212-227-153-4.plesk.page\/hr\/wp-json\/wp\/v2\/comments?post=742125"}],"version-history":[{"count":0,"href":"https:\/\/stoic-curie.212-227-153-4.plesk.page\/hr\/wp-json\/wp\/v2\/product\/742125\/revisions"}],"wp:featuredmedia":[{"embeddable":true,"href":"https:\/\/stoic-curie.212-227-153-4.plesk.page\/hr\/wp-json\/wp\/v2\/media\/5940085"}],"wp:attachment":[{"href":"https:\/\/stoic-curie.212-227-153-4.plesk.page\/hr\/wp-json\/wp\/v2\/media?parent=742125"}],"wp:term":[{"taxonomy":"product_brand","embeddable":true,"href":"https:\/\/stoic-curie.212-227-153-4.plesk.page\/hr\/wp-json\/wp\/v2\/product_brand?post=742125"},{"taxonomy":"product_cat","embeddable":true,"href":"https:\/\/stoic-curie.212-227-153-4.plesk.page\/hr\/wp-json\/wp\/v2\/product_cat?post=742125"},{"taxonomy":"product_tag","embeddable":true,"href":"https:\/\/stoic-curie.212-227-153-4.plesk.page\/hr\/wp-json\/wp\/v2\/product_tag?post=742125"}],"curies":[{"name":"wp","href":"https:\/\/api.w.org\/{rel}","templated":true}]}}