{"id":742128,"date":"2025-03-03T18:18:54","date_gmt":"2025-03-03T17:18:54","guid":{"rendered":"https:\/\/stoic-curie.212-227-153-4.plesk.page\/producto\/fendress-navlaka-za-bokobran-a5-crna\/"},"modified":"2026-02-25T00:00:58","modified_gmt":"2026-02-25T00:00:58","slug":"fendress-navlaka-za-bokobran-a5-crna","status":"publish","type":"product","link":"https:\/\/stoic-curie.212-227-153-4.plesk.page\/hr\/product\/fendress-navlaka-za-bokobran-a5-crna\/","title":{"rendered":"Fendress navlaka za bokobran  A5 crna"},"content":{"rendered":"<p>Fendress navlaka za bokobran  A5 crna &#8211; <\/p>\n<p>Ru\u010dne ra\u0111eni Fendress fender pokriva\u010di od pli\u0161ane flisa. Premijumska za\u0161tita za va\u0161e fendere, dok eliminira dosadno \u0161kripanje fendera i ogrebotine. Mekani i izdr\u017eljivi, ovi fender pokriva\u010di u\u010dinkovito \u0161tite va\u0161u gel-coat boju i produ\u017euju vijek trajanja va\u0161ih fendera.<\/p>\n<p>\u2022 \u201eFendress Covers\u201c su 100% akrilne, ru\u010dno ra\u0111ene, visoke kvalitete, otporne su i neabrazivne. Mekani, pli\u0161ani fender pokriva\u010di nude ultimativnu za\u0161titu za va\u0161e gornje strane.<br \/>\u2022 \u201eFendress Covers\u201c su otporne na UV zrake i morsku vodu, u\u010dinkovito \u0161tite\u0107i va\u0161u gel-coat boju od ogrebotina i abrazija. Izdr\u017eljiva flis tkanina sadr\u017ei sve najbolje karakteristike, uklju\u010duju\u0107i otpornost na kidanje i abraziju, brzo su\u0161enje i jednostavno uklanjanje za \u010di\u0161\u0107enje.<br \/>\u2022 \u201eFendress Covers\u201c produ\u017eavaju vijek trajanja va\u0161ih fendera i eliminiraju iritantno \u0161kripanje fendera. Boje otporne na UV zrake ne ostavljaju tragove na va\u0161im gornjim dijelovima. Mogu se prati u perilici.<br \/>\u2022 \u201eFendress Covers\u201c visoke otpornosti na vrhu i elasti\u010dna donja rub omogu\u0107uju prilago\u0111eno pristajanje za sve vrste fendera. Pokriva\u010di su dostupni u 9 boja.<\/p>\n","protected":false},"excerpt":{"rendered":"<p>Fendress navlaka za bokobran A5 crna &#8211; Ru\u010dne ra\u0111eni Fendress fender pokriva\u010di od pli\u0161ane flisa. Premijumska za\u0161tita za va\u0161e fendere,<\/p>\n","protected":false},"featured_media":5943435,"comment_status":"open","ping_status":"closed","template":"","meta":[],"product_brand":[2233,2936],"product_cat":[1851],"product_tag":[],"class_list":{"0":"post-742128","1":"product","2":"type-product","3":"status-publish","4":"has-post-thumbnail","6":"product_brand-fendress","7":"product_brand-fendress-hr","8":"product_cat-navlake-za-bokobrane","10":"first","11":"instock","12":"shipping-taxable","13":"purchasable","14":"product-type-simple"},"_links":{"self":[{"href":"https:\/\/stoic-curie.212-227-153-4.plesk.page\/hr\/wp-json\/wp\/v2\/product\/742128","targetHints":{"allow":["GET"]}}],"collection":[{"href":"https:\/\/stoic-curie.212-227-153-4.plesk.page\/hr\/wp-json\/wp\/v2\/product"}],"about":[{"href":"https:\/\/stoic-curie.212-227-153-4.plesk.page\/hr\/wp-json\/wp\/v2\/types\/product"}],"replies":[{"embeddable":true,"href":"https:\/\/stoic-curie.212-227-153-4.plesk.page\/hr\/wp-json\/wp\/v2\/comments?post=742128"}],"version-history":[{"count":0,"href":"https:\/\/stoic-curie.212-227-153-4.plesk.page\/hr\/wp-json\/wp\/v2\/product\/742128\/revisions"}],"wp:featuredmedia":[{"embeddable":true,"href":"https:\/\/stoic-curie.212-227-153-4.plesk.page\/hr\/wp-json\/wp\/v2\/media\/5943435"}],"wp:attachment":[{"href":"https:\/\/stoic-curie.212-227-153-4.plesk.page\/hr\/wp-json\/wp\/v2\/media?parent=742128"}],"wp:term":[{"taxonomy":"product_brand","embeddable":true,"href":"https:\/\/stoic-curie.212-227-153-4.plesk.page\/hr\/wp-json\/wp\/v2\/product_brand?post=742128"},{"taxonomy":"product_cat","embeddable":true,"href":"https:\/\/stoic-curie.212-227-153-4.plesk.page\/hr\/wp-json\/wp\/v2\/product_cat?post=742128"},{"taxonomy":"product_tag","embeddable":true,"href":"https:\/\/stoic-curie.212-227-153-4.plesk.page\/hr\/wp-json\/wp\/v2\/product_tag?post=742128"}],"curies":[{"name":"wp","href":"https:\/\/api.w.org\/{rel}","templated":true}]}}