{"id":742129,"date":"2025-03-03T18:18:55","date_gmt":"2025-03-03T17:18:55","guid":{"rendered":"https:\/\/stoic-curie.212-227-153-4.plesk.page\/producto\/fendress-navlaka-za-bokobran-a5-mekano-siva\/"},"modified":"2026-02-25T00:00:58","modified_gmt":"2026-02-25T00:00:58","slug":"fendress-navlaka-za-bokobran-a5-mekano-siva","status":"publish","type":"product","link":"https:\/\/stoic-curie.212-227-153-4.plesk.page\/hr\/product\/fendress-navlaka-za-bokobran-a5-mekano-siva\/","title":{"rendered":"Fendress navlaka za bokobran A5 mekano siva"},"content":{"rendered":"<p>Fendress navlaka za bokobran A5 mekano siva &#8211; <\/p>\n<p>Ru\u010dno ra\u0111ene Fendress navlake za Fender od mekanog flisa. Premium za\u0161tita za va\u0161e fendere, dok eliminiraju neugodne zvukove fendera i tragove habanja. Nje\u017ene i izdr\u017eljive, ove navlake u\u010dinkovito \u0161tite va\u0161u gel-coat boju i produ\u017euju vijek trajanja va\u0161ih fendera. <\/p>\n<p>\u2022 \u201cFendress Covers\u201d su 100% akrilne, ru\u010dno ra\u0111ene, pri visokom kvaliteti, otporne i neabrazivne. Mekane, pli\u0161ane flis navlake za fendere nude najbolju za\u0161titu za va\u0161u nadgradnju. <br \/>\u2022 \u201cFendress Covers\u201d su otporne na UV zra\u010denje i morsku vodu, u\u010dinkovito \u0161tite\u0107i va\u0161u gel-coat boju od tragova habanja i abrazija. \u010cvrsta tkanina od flisa sadr\u017ei sve najbolje karakteristike, uklju\u010duju\u0107i otpornost na kidanje i abraziju, brzo su\u0161enje i lako uklanjanje za \u010di\u0161\u0107enje. <br \/>\u2022 \u201cFendress Covers\u201d produ\u017euju vijek trajanja va\u0161ih fendera i eliminiraju iritantne zvukove fendera. Boje otporne na UV zra\u010denje ne ostavljaju tragove na va\u0161oj nadgradnji. Perive u perilici. <br \/>\u2022 \u201cFendress Covers\u201d s visokom otporno\u0161\u0107u na vrhu i elasti\u010dnom donjom rubom omogu\u0107uju prilago\u0111eno pristajanje za sve vrste fendera. Navlake su dostupne u 9 boja.<\/p>\n","protected":false},"excerpt":{"rendered":"<p>Fendress navlaka za bokobran A5 mekano siva &#8211; Ru\u010dno ra\u0111ene Fendress navlake za Fender od mekanog flisa. Premium za\u0161tita za<\/p>\n","protected":false},"featured_media":5943435,"comment_status":"open","ping_status":"closed","template":"","meta":[],"product_brand":[2233,2936],"product_cat":[1851],"product_tag":[],"class_list":{"0":"post-742129","1":"product","2":"type-product","3":"status-publish","4":"has-post-thumbnail","6":"product_brand-fendress","7":"product_brand-fendress-hr","8":"product_cat-navlake-za-bokobrane","10":"first","11":"instock","12":"shipping-taxable","13":"purchasable","14":"product-type-simple"},"_links":{"self":[{"href":"https:\/\/stoic-curie.212-227-153-4.plesk.page\/hr\/wp-json\/wp\/v2\/product\/742129","targetHints":{"allow":["GET"]}}],"collection":[{"href":"https:\/\/stoic-curie.212-227-153-4.plesk.page\/hr\/wp-json\/wp\/v2\/product"}],"about":[{"href":"https:\/\/stoic-curie.212-227-153-4.plesk.page\/hr\/wp-json\/wp\/v2\/types\/product"}],"replies":[{"embeddable":true,"href":"https:\/\/stoic-curie.212-227-153-4.plesk.page\/hr\/wp-json\/wp\/v2\/comments?post=742129"}],"version-history":[{"count":0,"href":"https:\/\/stoic-curie.212-227-153-4.plesk.page\/hr\/wp-json\/wp\/v2\/product\/742129\/revisions"}],"wp:featuredmedia":[{"embeddable":true,"href":"https:\/\/stoic-curie.212-227-153-4.plesk.page\/hr\/wp-json\/wp\/v2\/media\/5943435"}],"wp:attachment":[{"href":"https:\/\/stoic-curie.212-227-153-4.plesk.page\/hr\/wp-json\/wp\/v2\/media?parent=742129"}],"wp:term":[{"taxonomy":"product_brand","embeddable":true,"href":"https:\/\/stoic-curie.212-227-153-4.plesk.page\/hr\/wp-json\/wp\/v2\/product_brand?post=742129"},{"taxonomy":"product_cat","embeddable":true,"href":"https:\/\/stoic-curie.212-227-153-4.plesk.page\/hr\/wp-json\/wp\/v2\/product_cat?post=742129"},{"taxonomy":"product_tag","embeddable":true,"href":"https:\/\/stoic-curie.212-227-153-4.plesk.page\/hr\/wp-json\/wp\/v2\/product_tag?post=742129"}],"curies":[{"name":"wp","href":"https:\/\/api.w.org\/{rel}","templated":true}]}}