{"id":742131,"date":"2025-03-03T18:18:55","date_gmt":"2025-03-03T17:18:55","guid":{"rendered":"https:\/\/stoic-curie.212-227-153-4.plesk.page\/producto\/fendress-navlaka-za-bokobran-a6-mornaricko-plava\/"},"modified":"2026-02-25T00:00:58","modified_gmt":"2026-02-25T00:00:58","slug":"fendress-navlaka-za-bokobran-a6-mornaricko-plava","status":"publish","type":"product","link":"https:\/\/stoic-curie.212-227-153-4.plesk.page\/hr\/product\/fendress-navlaka-za-bokobran-a6-mornaricko-plava\/","title":{"rendered":"Fendress navlaka za bokobran A6 mornari\u010dko plava"},"content":{"rendered":"<p>Fendress navlaka za bokobran A6 mornari\u010dko plava &#8211; <\/p>\n<p>Pametan Fleece ru\u010dno izra\u0111ene Fendress pokrove za fendere. Premium za\u0161tita za va\u0161e fendere, dok istovremeno eliminira squeak i ogrebotine. Mekani i \u010dvrsti, ovi pokrovi za fendere u\u010dinkovito \u0161tite va\u0161u gelcoat boju i produ\u017euju \u017eivotni vijek va\u0161ih fendera.<\/p>\n<p>\u2022 \u201cFendress Covers\u201d su 100% akrilni, ru\u010dno izra\u0111eni, vrhunske kvalitete, otporni i neabrazivni. Mekani, pli\u0161asti fleece pokriva\u010di za fendere nude vrhunsku za\u0161titu za gornje dijelove. \u2022 \u201cFendress Covers\u201d su otporni na UV zra\u010denje i morsku vodu, u\u010dinkovito \u0161tite\u0107i va\u0161u gelcoat boju od ogrebotina. Te\u0161ka i robusna fleece tkanina sadr\u017ei sve najbolje karakteristike, uklju\u010duju\u0107i otpornost na kidanje i abraziju, brzo su\u0161enje i lako uklanjanje za \u010di\u0161\u0107enje. \u2022 \u201cFendress Covers\u201d produ\u017euju \u017eivotni vijek va\u0161ih fendera i eliminiraju iritiraju\u0107e squeak. Boje otporne na UV zra\u010denje ne ostavljaju mrlje na va\u0161im gornjim dijelovima. Pranje u ma\u0161ini. \u2022 \u201cFendress Covers\u201d imaju vrh visoke otpornosti i elasti\u010dnu donju ivicu koja omogu\u0107ava prilago\u0111eno prianjanje za sve vrste fendera. Pokriva\u010di su dostupni u 9 boja.<\/p>\n","protected":false},"excerpt":{"rendered":"<p>Fendress navlaka za bokobran A6 mornari\u010dko plava &#8211; Pametan Fleece ru\u010dno izra\u0111ene Fendress pokrove za fendere. Premium za\u0161tita za va\u0161e<\/p>\n","protected":false},"featured_media":5943435,"comment_status":"open","ping_status":"closed","template":"","meta":[],"product_brand":[2936],"product_cat":[1851],"product_tag":[],"class_list":{"0":"post-742131","1":"product","2":"type-product","3":"status-publish","4":"has-post-thumbnail","6":"product_brand-fendress-hr","7":"product_cat-navlake-za-bokobrane","9":"first","10":"instock","11":"shipping-taxable","12":"purchasable","13":"product-type-simple"},"_links":{"self":[{"href":"https:\/\/stoic-curie.212-227-153-4.plesk.page\/hr\/wp-json\/wp\/v2\/product\/742131","targetHints":{"allow":["GET"]}}],"collection":[{"href":"https:\/\/stoic-curie.212-227-153-4.plesk.page\/hr\/wp-json\/wp\/v2\/product"}],"about":[{"href":"https:\/\/stoic-curie.212-227-153-4.plesk.page\/hr\/wp-json\/wp\/v2\/types\/product"}],"replies":[{"embeddable":true,"href":"https:\/\/stoic-curie.212-227-153-4.plesk.page\/hr\/wp-json\/wp\/v2\/comments?post=742131"}],"version-history":[{"count":0,"href":"https:\/\/stoic-curie.212-227-153-4.plesk.page\/hr\/wp-json\/wp\/v2\/product\/742131\/revisions"}],"wp:featuredmedia":[{"embeddable":true,"href":"https:\/\/stoic-curie.212-227-153-4.plesk.page\/hr\/wp-json\/wp\/v2\/media\/5943435"}],"wp:attachment":[{"href":"https:\/\/stoic-curie.212-227-153-4.plesk.page\/hr\/wp-json\/wp\/v2\/media?parent=742131"}],"wp:term":[{"taxonomy":"product_brand","embeddable":true,"href":"https:\/\/stoic-curie.212-227-153-4.plesk.page\/hr\/wp-json\/wp\/v2\/product_brand?post=742131"},{"taxonomy":"product_cat","embeddable":true,"href":"https:\/\/stoic-curie.212-227-153-4.plesk.page\/hr\/wp-json\/wp\/v2\/product_cat?post=742131"},{"taxonomy":"product_tag","embeddable":true,"href":"https:\/\/stoic-curie.212-227-153-4.plesk.page\/hr\/wp-json\/wp\/v2\/product_tag?post=742131"}],"curies":[{"name":"wp","href":"https:\/\/api.w.org\/{rel}","templated":true}]}}