{"id":742133,"date":"2025-03-03T18:18:55","date_gmt":"2025-03-03T17:18:55","guid":{"rendered":"https:\/\/stoic-curie.212-227-153-4.plesk.page\/producto\/fendress-navlaka-za-bokobran-a6-bez\/"},"modified":"2026-02-25T00:00:58","modified_gmt":"2026-02-25T00:00:58","slug":"fendress-navlaka-za-bokobran-a6-bez","status":"publish","type":"product","link":"https:\/\/stoic-curie.212-227-153-4.plesk.page\/hr\/product\/fendress-navlaka-za-bokobran-a6-bez\/","title":{"rendered":"Fendress navlaka za bokobran A6 Be\u017e"},"content":{"rendered":"<p>Fendress navlaka za bokobran A6 Be\u017e &#8211; <\/p>\n<p>Ru\u010dno ra\u0111ene Fendress navlake za fendr od pli\u0161ane tkanine. Premium za\u0161tita za va\u0161e fendre, koja eliminira \u0161kripanje i tragove tro\u0161enja. Mekane i izdr\u017eljive, ove navlake u\u010dinkovito \u0161tite va\u0161u gelcoat boju i produ\u017euju vijek trajanja va\u0161ih fendra.<\/p>\n<p>\u2022 &#8220;Fendress Covers&#8221; su 100 % akrilne, ru\u010dno ra\u0111ene od premium kvalitete, otporne i neabrazivne petljaste pletenine. Mekane, pli\u0161aste navlake za fendre nude ultimativnu za\u0161titu za va\u0161e povr\u0161ine.<br \/>\u2022 &#8220;Fendress Covers&#8221; su otporne na UV zra\u010denje i morsku vodu, u\u010dinkovito \u0161tite\u0107i va\u0161u gelcoat boju od tragova tro\u0161enja i ogrebotina. \u010cvrsta pli\u0161ana tkanina sadr\u017ei sve najbolje karakteristike, uklju\u010duju\u0107i otpornost na kidanje i abraziju, brzo su\u0161enje i lako uklanjanje za \u010di\u0161\u0107enje.<br \/>\u2022 &#8220;Fendress Covers&#8221; produ\u017euju trajnost va\u0161ih fendra i eliminiraju iritantno \u0161kripanje. Otpornim UV bojama ne ostavljaju tragove na va\u0161im povr\u0161inama. Perive u perilici rublja.<br \/>\u2022 &#8220;Fendress Covers&#8221; s visokom otporno\u0161\u0107u na vrhu i elasti\u010dnom donjom rubom omogu\u0107uju prilago\u0111eno pristajanje za sve vrste fendra. Navlake su dostupne u 9 boja.<\/p>\n","protected":false},"excerpt":{"rendered":"<p>Fendress navlaka za bokobran A6 Be\u017e &#8211; Ru\u010dno ra\u0111ene Fendress navlake za fendr od pli\u0161ane tkanine. Premium za\u0161tita za va\u0161e<\/p>\n","protected":false},"featured_media":5943435,"comment_status":"open","ping_status":"closed","template":"","meta":[],"product_brand":[2936],"product_cat":[1851],"product_tag":[],"class_list":{"0":"post-742133","1":"product","2":"type-product","3":"status-publish","4":"has-post-thumbnail","6":"product_brand-fendress-hr","7":"product_cat-navlake-za-bokobrane","9":"first","10":"instock","11":"shipping-taxable","12":"purchasable","13":"product-type-simple"},"_links":{"self":[{"href":"https:\/\/stoic-curie.212-227-153-4.plesk.page\/hr\/wp-json\/wp\/v2\/product\/742133","targetHints":{"allow":["GET"]}}],"collection":[{"href":"https:\/\/stoic-curie.212-227-153-4.plesk.page\/hr\/wp-json\/wp\/v2\/product"}],"about":[{"href":"https:\/\/stoic-curie.212-227-153-4.plesk.page\/hr\/wp-json\/wp\/v2\/types\/product"}],"replies":[{"embeddable":true,"href":"https:\/\/stoic-curie.212-227-153-4.plesk.page\/hr\/wp-json\/wp\/v2\/comments?post=742133"}],"version-history":[{"count":0,"href":"https:\/\/stoic-curie.212-227-153-4.plesk.page\/hr\/wp-json\/wp\/v2\/product\/742133\/revisions"}],"wp:featuredmedia":[{"embeddable":true,"href":"https:\/\/stoic-curie.212-227-153-4.plesk.page\/hr\/wp-json\/wp\/v2\/media\/5943435"}],"wp:attachment":[{"href":"https:\/\/stoic-curie.212-227-153-4.plesk.page\/hr\/wp-json\/wp\/v2\/media?parent=742133"}],"wp:term":[{"taxonomy":"product_brand","embeddable":true,"href":"https:\/\/stoic-curie.212-227-153-4.plesk.page\/hr\/wp-json\/wp\/v2\/product_brand?post=742133"},{"taxonomy":"product_cat","embeddable":true,"href":"https:\/\/stoic-curie.212-227-153-4.plesk.page\/hr\/wp-json\/wp\/v2\/product_cat?post=742133"},{"taxonomy":"product_tag","embeddable":true,"href":"https:\/\/stoic-curie.212-227-153-4.plesk.page\/hr\/wp-json\/wp\/v2\/product_tag?post=742133"}],"curies":[{"name":"wp","href":"https:\/\/api.w.org\/{rel}","templated":true}]}}