{"id":742134,"date":"2025-03-03T18:18:56","date_gmt":"2025-03-03T17:18:56","guid":{"rendered":"https:\/\/stoic-curie.212-227-153-4.plesk.page\/producto\/fendress-navlaka-za-bokobran-jedinica-a6-mekana-siva\/"},"modified":"2026-02-25T00:00:58","modified_gmt":"2026-02-25T00:00:58","slug":"fendress-navlaka-za-bokobran-jedinica-a6-mekana-siva","status":"publish","type":"product","link":"https:\/\/stoic-curie.212-227-153-4.plesk.page\/hr\/product\/fendress-navlaka-za-bokobran-jedinica-a6-mekana-siva\/","title":{"rendered":"Fendress navlaka za bokobran jedinica A6 mekana siva"},"content":{"rendered":"<p>Fendress navlaka za bokobran jedinica A6 mekana siva &#8211; <\/p>\n<p>Mekane fleece ru\u010dno izra\u0111ene Fendress za\u0161tite za fendere. Premium za\u0161tita za va\u0161e fendere, dok eliminiraju \u0161kripanje i ogrebotine. Mekani i \u010dvrsti, ove za\u0161tite u\u010dinkovito \u0161tite va\u0161u gel-coat boju i produ\u017euju vijek trajanja va\u0161ih fendera.<\/p>\n<p>\u2022 \u201cFendress Covers\u201d su 100% akrilne, ru\u010dno izra\u0111ene, premium kvalitete, otporne i neabrazivne. Mekane, pli\u0161ane fleece za\u0161tite za fendere nude ultimativnu za\u0161titu za va\u0161e gornje strane. \u2022 \u201cFendress Covers\u201d su otporne na UV zra\u010denje i morsku vodu, u\u010dinkovito \u0161tite\u0107i va\u0161u gel-coat boju od ogrebotina i abrazija. \u010cvrsto fleece tkivo sadr\u017ei sve najbolje karakteristike, uklju\u010duju\u0107i otpornost na kidanje i abraziju, brzo su\u0161enje i lako uklanjanje za \u010di\u0161\u0107enje. \u2022 \u201cFendress Covers\u201d produ\u017euju \u017eivot va\u0161ih fendera i eliminiraju iritantno \u0161kripanje. Boje otporne na UV ne ostavljaju tragove na va\u0161im gornjim stranama. Perivo u perilici. \u2022 \u201cFendress Covers\u201d imaju vi\u0161enamjenski gornji dio i elasti\u010dni donji rub koji omogu\u0107avaju prilago\u0111eno pristajanje za sve vrste fendera. Za\u0161tite su dostupne u 9 boja.<\/p>\n","protected":false},"excerpt":{"rendered":"<p>Fendress navlaka za bokobran jedinica A6 mekana siva &#8211; Mekane fleece ru\u010dno izra\u0111ene Fendress za\u0161tite za fendere. Premium za\u0161tita za<\/p>\n","protected":false},"featured_media":5943435,"comment_status":"open","ping_status":"closed","template":"","meta":[],"product_brand":[2936],"product_cat":[1851],"product_tag":[],"class_list":{"0":"post-742134","1":"product","2":"type-product","3":"status-publish","4":"has-post-thumbnail","6":"product_brand-fendress-hr","7":"product_cat-navlake-za-bokobrane","9":"first","10":"instock","11":"shipping-taxable","12":"purchasable","13":"product-type-simple"},"_links":{"self":[{"href":"https:\/\/stoic-curie.212-227-153-4.plesk.page\/hr\/wp-json\/wp\/v2\/product\/742134","targetHints":{"allow":["GET"]}}],"collection":[{"href":"https:\/\/stoic-curie.212-227-153-4.plesk.page\/hr\/wp-json\/wp\/v2\/product"}],"about":[{"href":"https:\/\/stoic-curie.212-227-153-4.plesk.page\/hr\/wp-json\/wp\/v2\/types\/product"}],"replies":[{"embeddable":true,"href":"https:\/\/stoic-curie.212-227-153-4.plesk.page\/hr\/wp-json\/wp\/v2\/comments?post=742134"}],"version-history":[{"count":0,"href":"https:\/\/stoic-curie.212-227-153-4.plesk.page\/hr\/wp-json\/wp\/v2\/product\/742134\/revisions"}],"wp:featuredmedia":[{"embeddable":true,"href":"https:\/\/stoic-curie.212-227-153-4.plesk.page\/hr\/wp-json\/wp\/v2\/media\/5943435"}],"wp:attachment":[{"href":"https:\/\/stoic-curie.212-227-153-4.plesk.page\/hr\/wp-json\/wp\/v2\/media?parent=742134"}],"wp:term":[{"taxonomy":"product_brand","embeddable":true,"href":"https:\/\/stoic-curie.212-227-153-4.plesk.page\/hr\/wp-json\/wp\/v2\/product_brand?post=742134"},{"taxonomy":"product_cat","embeddable":true,"href":"https:\/\/stoic-curie.212-227-153-4.plesk.page\/hr\/wp-json\/wp\/v2\/product_cat?post=742134"},{"taxonomy":"product_tag","embeddable":true,"href":"https:\/\/stoic-curie.212-227-153-4.plesk.page\/hr\/wp-json\/wp\/v2\/product_tag?post=742134"}],"curies":[{"name":"wp","href":"https:\/\/api.w.org\/{rel}","templated":true}]}}