{"id":742135,"date":"2025-03-03T18:18:56","date_gmt":"2025-03-03T17:18:56","guid":{"rendered":"https:\/\/stoic-curie.212-227-153-4.plesk.page\/producto\/fendress-navlaka-za-bokobran-a6-bordeaux\/"},"modified":"2026-02-25T00:00:58","modified_gmt":"2026-02-25T00:00:58","slug":"fendress-navlaka-za-bokobran-a6-bordeaux","status":"publish","type":"product","link":"https:\/\/stoic-curie.212-227-153-4.plesk.page\/hr\/product\/fendress-navlaka-za-bokobran-a6-bordeaux\/","title":{"rendered":"Fendress navlaka za bokobran A6 Bordeaux"},"content":{"rendered":"<p>Fendress navlaka za bokobran A6 Bordeaux &#8211; <\/p>\n<p>Fendress fender pokriva\u010di od plush materijala, ru\u010dno ra\u0111eni. Premium za\u0161tita za va\u0161e fendere, dok eliminira \u0161kripanje fendera i ogrebotine. Mekani i \u010dvrsti, ovi fender pokriva\u010di u\u010dinkovito \u0161tite va\u0161 gel-coat premaz i produ\u017euju trajnost va\u0161ih fendera. <br \/> \u2022 &#8220;Fendress Covers&#8221; su 100% akrilni, ru\u010dno ra\u0111eni, visoke kvalitete, otporni i neabrazivni. Mekani, pli\u0161ani fleece fender pokriva\u010di nude vrhunsku za\u0161titu za va\u0161e bo\u010dne strane. <br \/> \u2022 &#8220;Fendress Covers&#8221; su otporni na UV zra\u010denje i slanu vodu, u\u010dinkovito \u0161tite\u0107i va\u0161 gel-coat premaz od ogrebotina i tragova. Mnogobrojne blagodati jakog fleece materijala uklju\u010duju otpornost na kidanje i abraziju, brzo su\u0161enje i jednostavno uklanjanje za \u010di\u0161\u0107enje. <br \/> \u2022 &#8220;Fendress Covers&#8221; produ\u017euju trajnost va\u0161ih fendera i elimini\u0161u iritiraju\u0107i zvuk fender \u0161kripanja. Boje otporne na UV zra\u010denje ne ostavljaju tragove na va\u0161im povr\u0161inama. Mogu se prati u ma\u0161ini. <br \/> \u2022 &#8220;Fendress Covers&#8221; visoko otporni gornji deo i elasti\u010dni donji rub omogu\u0107uju prilago\u0111eno pristajanje za sve tipove fendera. Pokriva\u010di su dostupni u 9 boja.<\/p>\n","protected":false},"excerpt":{"rendered":"<p>Fendress navlaka za bokobran A6 Bordeaux &#8211; Fendress fender pokriva\u010di od plush materijala, ru\u010dno ra\u0111eni. Premium za\u0161tita za va\u0161e fendere,<\/p>\n","protected":false},"featured_media":5943435,"comment_status":"open","ping_status":"closed","template":"","meta":[],"product_brand":[2936],"product_cat":[1851],"product_tag":[],"class_list":{"0":"post-742135","1":"product","2":"type-product","3":"status-publish","4":"has-post-thumbnail","6":"product_brand-fendress-hr","7":"product_cat-navlake-za-bokobrane","9":"first","10":"instock","11":"shipping-taxable","12":"purchasable","13":"product-type-simple"},"_links":{"self":[{"href":"https:\/\/stoic-curie.212-227-153-4.plesk.page\/hr\/wp-json\/wp\/v2\/product\/742135","targetHints":{"allow":["GET"]}}],"collection":[{"href":"https:\/\/stoic-curie.212-227-153-4.plesk.page\/hr\/wp-json\/wp\/v2\/product"}],"about":[{"href":"https:\/\/stoic-curie.212-227-153-4.plesk.page\/hr\/wp-json\/wp\/v2\/types\/product"}],"replies":[{"embeddable":true,"href":"https:\/\/stoic-curie.212-227-153-4.plesk.page\/hr\/wp-json\/wp\/v2\/comments?post=742135"}],"version-history":[{"count":0,"href":"https:\/\/stoic-curie.212-227-153-4.plesk.page\/hr\/wp-json\/wp\/v2\/product\/742135\/revisions"}],"wp:featuredmedia":[{"embeddable":true,"href":"https:\/\/stoic-curie.212-227-153-4.plesk.page\/hr\/wp-json\/wp\/v2\/media\/5943435"}],"wp:attachment":[{"href":"https:\/\/stoic-curie.212-227-153-4.plesk.page\/hr\/wp-json\/wp\/v2\/media?parent=742135"}],"wp:term":[{"taxonomy":"product_brand","embeddable":true,"href":"https:\/\/stoic-curie.212-227-153-4.plesk.page\/hr\/wp-json\/wp\/v2\/product_brand?post=742135"},{"taxonomy":"product_cat","embeddable":true,"href":"https:\/\/stoic-curie.212-227-153-4.plesk.page\/hr\/wp-json\/wp\/v2\/product_cat?post=742135"},{"taxonomy":"product_tag","embeddable":true,"href":"https:\/\/stoic-curie.212-227-153-4.plesk.page\/hr\/wp-json\/wp\/v2\/product_tag?post=742135"}],"curies":[{"name":"wp","href":"https:\/\/api.w.org\/{rel}","templated":true}]}}