{"id":742141,"date":"2025-03-03T18:18:57","date_gmt":"2025-03-03T17:18:57","guid":{"rendered":"https:\/\/stoic-curie.212-227-153-4.plesk.page\/producto\/plasticni-spremnik-goriva-lima-420-lt\/"},"modified":"2026-02-25T00:00:58","modified_gmt":"2026-02-25T00:00:58","slug":"plasticni-spremnik-goriva-lima-420-lt","status":"publish","type":"product","link":"https:\/\/stoic-curie.212-227-153-4.plesk.page\/hr\/product\/plasticni-spremnik-goriva-lima-420-lt\/","title":{"rendered":"Plasticni spremnik goriva Lima 420 lt"},"content":{"rendered":"<p>Plasticni spremnik goriva Lima 420 lt &#8211; <\/p>\n<p>Sa zadovoljstvom vam predstavljamo Lima rezervoar za gorivo za \u010damce od 420 litara, proizvod pa\u017eljivo osmi\u0161ljen koji je posebno dizajniran da ispuni raznolike potrebe vlasnika \u010damaca. Ovaj rezervoar ima pa\u017eljivo oblikovanu donju \u0161koljku koja pobolj\u0161ava njegovu stabilnost i performanse kada je instaliran na va\u0161em plovilu. Izra\u0111en od robusnog umre\u017eenog polietilena, ovaj rezervoar je konstruiran da izdr\u017ei zahtjeve morskih okru\u017eenja, osiguravaju\u0107i dugotrajnost i pouzdanost.<\/p>\n<p>Jedna od istaknutih zna\u010dajki Lima rezervoara za gorivo je njegov sveobuhvatan raspon priklju\u010daka i komponenata. Opremljen je inspekcijskim prozorom koji omogu\u0107ava lako pra\u0107enje razine goriva i stanja rezervoara. Rezervoar tako\u0111er uklju\u010duje ventil s promjerom od 17\/19 mm, \u0161to je od su\u0161tinske va\u017enosti za odr\u017eavanje pravog tlaka i sprje\u010davanje nakupljanja isparenja goriva. Osim toga, ima vi\u0161e ulaza od 38\/50\/60 mm, zajedno s cijevi za uranjanje goriva promjera 12 mm, pru\u017eaju\u0107i fleksibilnost za razne sustave isporuke goriva.<\/p>\n<p>Lima rezervoar za gorivo zadovoljava stroge CE-ISO21487 certifikacijske standarde, \u0161to jam\u010di njegovu kvalitetu i sigurnost za kori\u0161tenje u morskim primjenama. Izra\u0111en od polietilena visoke gusto\u0107e, kompatibilan je s raznim gorivima i kiselinama, \u0161to ga \u010dini svestranim izborom za vlasnike \u010damaca koji zahtijevaju pouzdano rje\u0161enje za skladi\u0161tenje goriva.<\/p>\n<p>Nadalje, rezervoar sadr\u017ei standardni inspekcijski prozor s sigurnim poklopcem, ventilom i zra\u010dni terminal od 3\/8\u201d. Tako\u0111er uklju\u010duje usis za gorivo, osiguravaju\u0107i da bude spreman za trenutnu upotrebu nakon instalacije. Prozor je dizajniran za smje\u0161taj mjera\u010da goriva, bilo mehani\u010dkog ili elektri\u010dnog, i uklju\u010duje kutni terminal od 1\/4\u201d za gumenu cijev. Ova zna\u010dajka omogu\u0107uje mu da funkcioni\u0161e kao sekundarni usis goriva ili povrat dizela za fiksne instalacije, pru\u017eaju\u0107i izvanrednu svestranost za u\u010dinkovito zadovoljavanje va\u0161ih potreba za plovidbom.<\/p>\n","protected":false},"excerpt":{"rendered":"<p>Plasticni spremnik goriva Lima 420 lt &#8211; Sa zadovoljstvom vam predstavljamo Lima rezervoar za gorivo za \u010damce od 420 litara,<\/p>\n","protected":false},"featured_media":5943437,"comment_status":"open","ping_status":"closed","template":"","meta":[],"product_brand":[2856],"product_cat":[1800],"product_tag":[],"class_list":{"0":"post-742141","1":"product","2":"type-product","3":"status-publish","4":"has-post-thumbnail","6":"product_brand-can-marine-hr","7":"product_cat-spremnici-goriva","9":"first","10":"instock","11":"shipping-taxable","12":"purchasable","13":"product-type-simple"},"_links":{"self":[{"href":"https:\/\/stoic-curie.212-227-153-4.plesk.page\/hr\/wp-json\/wp\/v2\/product\/742141","targetHints":{"allow":["GET"]}}],"collection":[{"href":"https:\/\/stoic-curie.212-227-153-4.plesk.page\/hr\/wp-json\/wp\/v2\/product"}],"about":[{"href":"https:\/\/stoic-curie.212-227-153-4.plesk.page\/hr\/wp-json\/wp\/v2\/types\/product"}],"replies":[{"embeddable":true,"href":"https:\/\/stoic-curie.212-227-153-4.plesk.page\/hr\/wp-json\/wp\/v2\/comments?post=742141"}],"version-history":[{"count":0,"href":"https:\/\/stoic-curie.212-227-153-4.plesk.page\/hr\/wp-json\/wp\/v2\/product\/742141\/revisions"}],"wp:featuredmedia":[{"embeddable":true,"href":"https:\/\/stoic-curie.212-227-153-4.plesk.page\/hr\/wp-json\/wp\/v2\/media\/5943437"}],"wp:attachment":[{"href":"https:\/\/stoic-curie.212-227-153-4.plesk.page\/hr\/wp-json\/wp\/v2\/media?parent=742141"}],"wp:term":[{"taxonomy":"product_brand","embeddable":true,"href":"https:\/\/stoic-curie.212-227-153-4.plesk.page\/hr\/wp-json\/wp\/v2\/product_brand?post=742141"},{"taxonomy":"product_cat","embeddable":true,"href":"https:\/\/stoic-curie.212-227-153-4.plesk.page\/hr\/wp-json\/wp\/v2\/product_cat?post=742141"},{"taxonomy":"product_tag","embeddable":true,"href":"https:\/\/stoic-curie.212-227-153-4.plesk.page\/hr\/wp-json\/wp\/v2\/product_tag?post=742141"}],"curies":[{"name":"wp","href":"https:\/\/api.w.org\/{rel}","templated":true}]}}