{"id":742143,"date":"2025-03-03T18:18:58","date_gmt":"2025-03-03T17:18:58","guid":{"rendered":"https:\/\/stoic-curie.212-227-153-4.plesk.page\/producto\/spremnik-za-gorivo-od-nehrdajuceg-celika-69-l-700-x-350-x-200-mm\/"},"modified":"2026-02-25T00:00:58","modified_gmt":"2026-02-25T00:00:58","slug":"spremnik-za-gorivo-od-nehrdajuceg-celika-69-l-700-x-350-x-200-mm","status":"publish","type":"product","link":"https:\/\/stoic-curie.212-227-153-4.plesk.page\/hr\/product\/spremnik-za-gorivo-od-nehrdajuceg-celika-69-l-700-x-350-x-200-mm\/","title":{"rendered":"Spremnik za gorivo od nehr\u0111aju\u0107eg \u010delika 69 l (700 x 350 x 200 mm)"},"content":{"rendered":"<p>Spremnik za gorivo od nehr\u0111aju\u0107eg \u010delika 69 l (700 x 350 x 200 mm) &#8211; <\/p>\n<p>Standardni spremnici od nehr\u0111aju\u0107eg \u010delika s inspekcijskim portalom, \u010depom, otpu\u0161nim ventilom od cijevi do crijeva promjera 16 mm i spojem za gorivo od cijevi do crijeva promjera 10 mm.<\/p>\n","protected":false},"excerpt":{"rendered":"<p>Spremnik za gorivo od nehr\u0111aju\u0107eg \u010delika 69 l (700 x 350 x 200 mm) &#8211; Standardni spremnici od nehr\u0111aju\u0107eg \u010delika<\/p>\n","protected":false},"featured_media":5940260,"comment_status":"open","ping_status":"closed","template":"","meta":[],"product_brand":[2856],"product_cat":[1800],"product_tag":[],"class_list":{"0":"post-742143","1":"product","2":"type-product","3":"status-publish","4":"has-post-thumbnail","6":"product_brand-can-marine-hr","7":"product_cat-spremnici-goriva","9":"first","10":"instock","11":"shipping-taxable","12":"purchasable","13":"product-type-simple"},"_links":{"self":[{"href":"https:\/\/stoic-curie.212-227-153-4.plesk.page\/hr\/wp-json\/wp\/v2\/product\/742143","targetHints":{"allow":["GET"]}}],"collection":[{"href":"https:\/\/stoic-curie.212-227-153-4.plesk.page\/hr\/wp-json\/wp\/v2\/product"}],"about":[{"href":"https:\/\/stoic-curie.212-227-153-4.plesk.page\/hr\/wp-json\/wp\/v2\/types\/product"}],"replies":[{"embeddable":true,"href":"https:\/\/stoic-curie.212-227-153-4.plesk.page\/hr\/wp-json\/wp\/v2\/comments?post=742143"}],"version-history":[{"count":0,"href":"https:\/\/stoic-curie.212-227-153-4.plesk.page\/hr\/wp-json\/wp\/v2\/product\/742143\/revisions"}],"wp:featuredmedia":[{"embeddable":true,"href":"https:\/\/stoic-curie.212-227-153-4.plesk.page\/hr\/wp-json\/wp\/v2\/media\/5940260"}],"wp:attachment":[{"href":"https:\/\/stoic-curie.212-227-153-4.plesk.page\/hr\/wp-json\/wp\/v2\/media?parent=742143"}],"wp:term":[{"taxonomy":"product_brand","embeddable":true,"href":"https:\/\/stoic-curie.212-227-153-4.plesk.page\/hr\/wp-json\/wp\/v2\/product_brand?post=742143"},{"taxonomy":"product_cat","embeddable":true,"href":"https:\/\/stoic-curie.212-227-153-4.plesk.page\/hr\/wp-json\/wp\/v2\/product_cat?post=742143"},{"taxonomy":"product_tag","embeddable":true,"href":"https:\/\/stoic-curie.212-227-153-4.plesk.page\/hr\/wp-json\/wp\/v2\/product_tag?post=742143"}],"curies":[{"name":"wp","href":"https:\/\/api.w.org\/{rel}","templated":true}]}}