{"id":742148,"date":"2025-03-03T18:18:59","date_gmt":"2025-03-03T17:18:59","guid":{"rendered":"https:\/\/stoic-curie.212-227-153-4.plesk.page\/producto\/dizel-filter-40lt-m-swk-2000-40-separator-vode\/"},"modified":"2026-02-25T00:00:58","modified_gmt":"2026-02-25T00:00:58","slug":"dizel-filter-40lt-m-swk-2000-40-separator-vode","status":"publish","type":"product","link":"https:\/\/stoic-curie.212-227-153-4.plesk.page\/hr\/product\/dizel-filter-40lt-m-swk-2000-40-separator-vode\/","title":{"rendered":"Dizel filter Separ SWK 2000\/40"},"content":{"rendered":"<p>Dizel filter Separ SWK 2000\/40 &#8211; <\/p>\n<p style=\"color: rgb(34, 34, 34); font-family: Arial, Helvetica, sans-serif; font-size: small;\"><strong>Separ SWK 2000\/40 Filter za Dizelska Goriva<\/strong><\/p>\n<p style=\"color: rgb(34, 34, 34); font-family: Arial, Helvetica, sans-serif; font-size: small;\">Filter Separ SWK-2000\/40 je separator vode za gorivo sposoban obra\u0111ivati do 2,400 litara po satu (LPH). Posebno je dizajniran za izravno montiranje na dizelske motore. Ovaj filter ima multi-centifugalni sustav koji u\u010dinkovito o\u010distiti dizelsko gorivo uklanjaju\u0107i vodu i druge ne\u010disto\u0107e.<\/p>\n<p style=\"color: rgb(34, 34, 34); font-family: Arial, Helvetica, sans-serif; font-size: small;\">Separ morska filtar serija uklju\u010duje \u0161tit za po\u017ear, za\u0161titne zna\u010dajke i senzor za vodu. Ve\u0107ina posuda je prozirna, ali model 2000\/40 ima metalnu posudu, \u010dime se eliminira potreba za \u0161titnikom.<\/p>\n<p style=\"color: rgb(34, 34, 34); font-family: Arial, Helvetica, sans-serif; font-size: small;\"><strong>Zna\u010dajke:<\/strong><\/p>\n<ul style=\"color: rgb(34, 34, 34); font-family: Arial, Helvetica, sans-serif; font-size: small;\">\n<li>U\u010dinkovito odvaja vodu i \u010destice iz dizelskog goriva.<\/li>\n<li>Sposobnost povratnog ispiranja produ\u017eava vrijeme izme\u0111u zamjena elemenata.<\/li>\n<li>Niska otpornost smanjuje tro\u0161enje pumpe za gorivo i poma\u017ee odr\u017eavanju punih okretaja.<\/li>\n<li>Fleksibilna instalacija s dva ulaza i dva izlaza.<\/li>\n<li>Kompatibilan s B100 biodizelom.<\/li>\n<li>Available with various filter options.<\/li>\n<\/ul>\n<p style=\"color: rgb(34, 34, 34); font-family: Arial, Helvetica, sans-serif; font-size: small;\"><strong>Specifikacije:<\/strong><\/p>\n<ul style=\"color: rgb(34, 34, 34); font-family: Arial, Helvetica, sans-serif; font-size: small;\">\n<li>Protok: 634 GPH \/ 2,400 litara po satu (LPH).<\/li>\n<li>Ograni\u010denje pri maksimalnom protoku s 30-mikronskim elementom: 0.95 in\u010da \u017eive (in. Hg).<\/li>\n<li>Portovi: 1 5\/16&#8243; &#8211; 12 ravni O-prsten SAE.<\/li>\n<li>Boja: Bijela.<\/li>\n<li>Dolazi s 30-mikronskim elementom.<\/li>\n<\/ul>\n","protected":false},"excerpt":{"rendered":"<p>Dizel filter Separ SWK 2000\/40 &#8211; Separ SWK 2000\/40 Filter za Dizelska Goriva Filter Separ SWK-2000\/40 je separator vode za<\/p>\n","protected":false},"featured_media":5943442,"comment_status":"open","ping_status":"closed","template":"","meta":[],"product_brand":[3371],"product_cat":[1797],"product_tag":[],"class_list":{"0":"post-742148","1":"product","2":"type-product","3":"status-publish","4":"has-post-thumbnail","6":"product_brand-separ-hr","7":"product_cat-filtri-separatora-vode-za-gorivo","9":"first","10":"outofstock","11":"shipping-taxable","12":"purchasable","13":"product-type-simple"},"_links":{"self":[{"href":"https:\/\/stoic-curie.212-227-153-4.plesk.page\/hr\/wp-json\/wp\/v2\/product\/742148","targetHints":{"allow":["GET"]}}],"collection":[{"href":"https:\/\/stoic-curie.212-227-153-4.plesk.page\/hr\/wp-json\/wp\/v2\/product"}],"about":[{"href":"https:\/\/stoic-curie.212-227-153-4.plesk.page\/hr\/wp-json\/wp\/v2\/types\/product"}],"replies":[{"embeddable":true,"href":"https:\/\/stoic-curie.212-227-153-4.plesk.page\/hr\/wp-json\/wp\/v2\/comments?post=742148"}],"version-history":[{"count":0,"href":"https:\/\/stoic-curie.212-227-153-4.plesk.page\/hr\/wp-json\/wp\/v2\/product\/742148\/revisions"}],"wp:featuredmedia":[{"embeddable":true,"href":"https:\/\/stoic-curie.212-227-153-4.plesk.page\/hr\/wp-json\/wp\/v2\/media\/5943442"}],"wp:attachment":[{"href":"https:\/\/stoic-curie.212-227-153-4.plesk.page\/hr\/wp-json\/wp\/v2\/media?parent=742148"}],"wp:term":[{"taxonomy":"product_brand","embeddable":true,"href":"https:\/\/stoic-curie.212-227-153-4.plesk.page\/hr\/wp-json\/wp\/v2\/product_brand?post=742148"},{"taxonomy":"product_cat","embeddable":true,"href":"https:\/\/stoic-curie.212-227-153-4.plesk.page\/hr\/wp-json\/wp\/v2\/product_cat?post=742148"},{"taxonomy":"product_tag","embeddable":true,"href":"https:\/\/stoic-curie.212-227-153-4.plesk.page\/hr\/wp-json\/wp\/v2\/product_tag?post=742148"}],"curies":[{"name":"wp","href":"https:\/\/api.w.org\/{rel}","templated":true}]}}