{"id":742155,"date":"2025-03-03T18:19:01","date_gmt":"2025-03-03T17:19:01","guid":{"rendered":"https:\/\/stoic-curie.212-227-153-4.plesk.page\/producto\/kolo-kormila-od-mahagonija-s-ruckom-od-nehrdajuceg-celika-od-600-mm\/"},"modified":"2026-02-25T00:00:58","modified_gmt":"2026-02-25T00:00:58","slug":"kolo-kormila-od-mahagonija-s-ruckom-od-nehrdajuceg-celika-od-600-mm","status":"publish","type":"product","link":"https:\/\/stoic-curie.212-227-153-4.plesk.page\/hr\/product\/kolo-kormila-od-mahagonija-s-ruckom-od-nehrdajuceg-celika-od-600-mm\/","title":{"rendered":"Kolo kormila od mahagonija s ruckom od nehr\u0111aju\u0107eg \u010delika od 600 mm"},"content":{"rendered":"<p>Kolo kormila od mahagonija s ruckom od nehr\u0111aju\u0107eg \u010delika od 600 mm &#8211; <\/p>\n<p>Kromirani mjeden sredi\u0161nji dio s helmsmanovim volanom od mahagonija i dr\u0161kom od nehr\u0111aju\u0107eg \u010delika. Sredi\u0161nji dio dimenzija 19 mm &#8211; 17 mm s utorom \u0161irine 5 mm.<\/p>\n","protected":false},"excerpt":{"rendered":"<p>Kolo kormila od mahagonija s ruckom od nehr\u0111aju\u0107eg \u010delika od 600 mm &#8211; Kromirani mjeden sredi\u0161nji dio s helmsmanovim volanom<\/p>\n","protected":false},"featured_media":5935636,"comment_status":"open","ping_status":"closed","template":"","meta":[],"product_brand":[3331],"product_cat":[1822],"product_tag":[],"class_list":{"0":"post-742155","1":"product","2":"type-product","3":"status-publish","4":"has-post-thumbnail","6":"product_brand-savoretti-hr","7":"product_cat-kola-kormila","9":"first","10":"instock","11":"shipping-taxable","12":"purchasable","13":"product-type-simple"},"_links":{"self":[{"href":"https:\/\/stoic-curie.212-227-153-4.plesk.page\/hr\/wp-json\/wp\/v2\/product\/742155","targetHints":{"allow":["GET"]}}],"collection":[{"href":"https:\/\/stoic-curie.212-227-153-4.plesk.page\/hr\/wp-json\/wp\/v2\/product"}],"about":[{"href":"https:\/\/stoic-curie.212-227-153-4.plesk.page\/hr\/wp-json\/wp\/v2\/types\/product"}],"replies":[{"embeddable":true,"href":"https:\/\/stoic-curie.212-227-153-4.plesk.page\/hr\/wp-json\/wp\/v2\/comments?post=742155"}],"version-history":[{"count":0,"href":"https:\/\/stoic-curie.212-227-153-4.plesk.page\/hr\/wp-json\/wp\/v2\/product\/742155\/revisions"}],"wp:featuredmedia":[{"embeddable":true,"href":"https:\/\/stoic-curie.212-227-153-4.plesk.page\/hr\/wp-json\/wp\/v2\/media\/5935636"}],"wp:attachment":[{"href":"https:\/\/stoic-curie.212-227-153-4.plesk.page\/hr\/wp-json\/wp\/v2\/media?parent=742155"}],"wp:term":[{"taxonomy":"product_brand","embeddable":true,"href":"https:\/\/stoic-curie.212-227-153-4.plesk.page\/hr\/wp-json\/wp\/v2\/product_brand?post=742155"},{"taxonomy":"product_cat","embeddable":true,"href":"https:\/\/stoic-curie.212-227-153-4.plesk.page\/hr\/wp-json\/wp\/v2\/product_cat?post=742155"},{"taxonomy":"product_tag","embeddable":true,"href":"https:\/\/stoic-curie.212-227-153-4.plesk.page\/hr\/wp-json\/wp\/v2\/product_tag?post=742155"}],"curies":[{"name":"wp","href":"https:\/\/api.w.org\/{rel}","templated":true}]}}