{"id":742158,"date":"2025-03-03T18:19:02","date_gmt":"2025-03-03T17:19:02","guid":{"rendered":"https:\/\/stoic-curie.212-227-153-4.plesk.page\/producto\/kolo-kormila-riviera-sa-sivom-poliuretanskom-oblogom-od-350-mm\/"},"modified":"2026-02-25T00:00:58","modified_gmt":"2026-02-25T00:00:58","slug":"kolo-kormila-riviera-sa-sivom-poliuretanskom-oblogom-od-350-mm","status":"publish","type":"product","link":"https:\/\/stoic-curie.212-227-153-4.plesk.page\/hr\/product\/kolo-kormila-riviera-sa-sivom-poliuretanskom-oblogom-od-350-mm\/","title":{"rendered":"Kolo kormila Riviera sa sivom poliuretanskom oblogom od 350 mm"},"content":{"rendered":"<p>Kolo kormila Riviera sa sivom poliuretanskom oblogom od 350 mm &#8211; <\/p>\n<p>5-krakasti volani od nehr\u0111aju\u0107eg \u010delika s dr\u017ea\u010dem od poliuretana ili mahagonija.<\/p>\n","protected":false},"excerpt":{"rendered":"<p>Kolo kormila Riviera sa sivom poliuretanskom oblogom od 350 mm &#8211; 5-krakasti volani od nehr\u0111aju\u0107eg \u010delika s dr\u017ea\u010dem od poliuretana<\/p>\n","protected":false},"featured_media":5936665,"comment_status":"open","ping_status":"closed","template":"","meta":[],"product_brand":[3306],"product_cat":[1822],"product_tag":[],"class_list":{"0":"post-742158","1":"product","2":"type-product","3":"status-publish","4":"has-post-thumbnail","6":"product_brand-riviera-hr","7":"product_cat-kola-kormila","9":"first","10":"instock","11":"shipping-taxable","12":"purchasable","13":"product-type-simple"},"_links":{"self":[{"href":"https:\/\/stoic-curie.212-227-153-4.plesk.page\/hr\/wp-json\/wp\/v2\/product\/742158","targetHints":{"allow":["GET"]}}],"collection":[{"href":"https:\/\/stoic-curie.212-227-153-4.plesk.page\/hr\/wp-json\/wp\/v2\/product"}],"about":[{"href":"https:\/\/stoic-curie.212-227-153-4.plesk.page\/hr\/wp-json\/wp\/v2\/types\/product"}],"replies":[{"embeddable":true,"href":"https:\/\/stoic-curie.212-227-153-4.plesk.page\/hr\/wp-json\/wp\/v2\/comments?post=742158"}],"version-history":[{"count":0,"href":"https:\/\/stoic-curie.212-227-153-4.plesk.page\/hr\/wp-json\/wp\/v2\/product\/742158\/revisions"}],"wp:featuredmedia":[{"embeddable":true,"href":"https:\/\/stoic-curie.212-227-153-4.plesk.page\/hr\/wp-json\/wp\/v2\/media\/5936665"}],"wp:attachment":[{"href":"https:\/\/stoic-curie.212-227-153-4.plesk.page\/hr\/wp-json\/wp\/v2\/media?parent=742158"}],"wp:term":[{"taxonomy":"product_brand","embeddable":true,"href":"https:\/\/stoic-curie.212-227-153-4.plesk.page\/hr\/wp-json\/wp\/v2\/product_brand?post=742158"},{"taxonomy":"product_cat","embeddable":true,"href":"https:\/\/stoic-curie.212-227-153-4.plesk.page\/hr\/wp-json\/wp\/v2\/product_cat?post=742158"},{"taxonomy":"product_tag","embeddable":true,"href":"https:\/\/stoic-curie.212-227-153-4.plesk.page\/hr\/wp-json\/wp\/v2\/product_tag?post=742158"}],"curies":[{"name":"wp","href":"https:\/\/api.w.org\/{rel}","templated":true}]}}