{"id":742168,"date":"2025-03-03T18:19:05","date_gmt":"2025-03-03T17:19:05","guid":{"rendered":"https:\/\/stoic-curie.212-227-153-4.plesk.page\/producto\/nauticus-sx-smart-automatski-flapsovi-sx9510-80-6-7mt\/"},"modified":"2026-02-25T00:00:59","modified_gmt":"2026-02-25T00:00:59","slug":"nauticus-sx-smart-automatski-flapsovi-sx9510-80-6-7mt","status":"publish","type":"product","link":"https:\/\/stoic-curie.212-227-153-4.plesk.page\/hr\/product\/nauticus-sx-smart-automatski-flapsovi-sx9510-80-6-7mt\/","title":{"rendered":"Nauticus SX Smart automatski flapsovi Sx9510-80 (6-7mt)"},"content":{"rendered":"<p>Nauticus SX Smart automatski flapsovi Sx9510-80 (6-7mt) &#8211; <\/p>\n<p>Plo\u010de Smart Tabs SX automatske od oja\u010danog termoformiranog polimera, otporne na hr\u0111u i galvansku koroziju. Automatski pode\u0161avaju i odr\u017eavaju razinu \/ stabiliziraju \u010damac zahvaljuju\u0107i progresivnim oprugama aktuatora. Ne zahtijevaju pode\u0161avanje i ne trebaju upravlja\u010dku jedinicu ni prilagodbu od strane operatora. Brza i jednostavna instalacija bez prolaza. U\u0161tedite novac smanjenjem potro\u0161nje goriva. Pove\u0107ajte potisak i maksimalnu brzinu. Izletite na pola vremena. Smanjite kut podizanja pramca. Smanjite poniranje.<\/p>\n","protected":false},"excerpt":{"rendered":"<p>Nauticus SX Smart automatski flapsovi Sx9510-80 (6-7mt) &#8211; Plo\u010de Smart Tabs SX automatske od oja\u010danog termoformiranog polimera, otporne na hr\u0111u<\/p>\n","protected":false},"featured_media":5940383,"comment_status":"open","ping_status":"closed","template":"","meta":[],"product_brand":[3171],"product_cat":[1806],"product_tag":[],"class_list":{"0":"post-742168","1":"product","2":"type-product","3":"status-publish","4":"has-post-thumbnail","6":"product_brand-nauticus-hr","7":"product_cat-trim-ploce","9":"first","10":"outofstock","11":"shipping-taxable","12":"purchasable","13":"product-type-simple"},"_links":{"self":[{"href":"https:\/\/stoic-curie.212-227-153-4.plesk.page\/hr\/wp-json\/wp\/v2\/product\/742168","targetHints":{"allow":["GET"]}}],"collection":[{"href":"https:\/\/stoic-curie.212-227-153-4.plesk.page\/hr\/wp-json\/wp\/v2\/product"}],"about":[{"href":"https:\/\/stoic-curie.212-227-153-4.plesk.page\/hr\/wp-json\/wp\/v2\/types\/product"}],"replies":[{"embeddable":true,"href":"https:\/\/stoic-curie.212-227-153-4.plesk.page\/hr\/wp-json\/wp\/v2\/comments?post=742168"}],"version-history":[{"count":0,"href":"https:\/\/stoic-curie.212-227-153-4.plesk.page\/hr\/wp-json\/wp\/v2\/product\/742168\/revisions"}],"wp:featuredmedia":[{"embeddable":true,"href":"https:\/\/stoic-curie.212-227-153-4.plesk.page\/hr\/wp-json\/wp\/v2\/media\/5940383"}],"wp:attachment":[{"href":"https:\/\/stoic-curie.212-227-153-4.plesk.page\/hr\/wp-json\/wp\/v2\/media?parent=742168"}],"wp:term":[{"taxonomy":"product_brand","embeddable":true,"href":"https:\/\/stoic-curie.212-227-153-4.plesk.page\/hr\/wp-json\/wp\/v2\/product_brand?post=742168"},{"taxonomy":"product_cat","embeddable":true,"href":"https:\/\/stoic-curie.212-227-153-4.plesk.page\/hr\/wp-json\/wp\/v2\/product_cat?post=742168"},{"taxonomy":"product_tag","embeddable":true,"href":"https:\/\/stoic-curie.212-227-153-4.plesk.page\/hr\/wp-json\/wp\/v2\/product_tag?post=742168"}],"curies":[{"name":"wp","href":"https:\/\/api.w.org\/{rel}","templated":true}]}}