{"id":742170,"date":"2025-03-03T18:19:06","date_gmt":"2025-03-03T17:19:06","guid":{"rendered":"https:\/\/stoic-curie.212-227-153-4.plesk.page\/producto\/nauticus-sx-smart-automatski-flapsovi-sx10512-90\/"},"modified":"2026-02-25T00:00:59","modified_gmt":"2026-02-25T00:00:59","slug":"nauticus-sx-smart-automatski-flapsovi-sx10512-90","status":"publish","type":"product","link":"https:\/\/stoic-curie.212-227-153-4.plesk.page\/hr\/product\/nauticus-sx-smart-automatski-flapsovi-sx10512-90\/","title":{"rendered":"Nauticus SX Smart automatski flapsovi Sx10512-90"},"content":{"rendered":"<p>Nauticus SX Smart automatski flapsovi Sx10512-90 &#8211; <\/p>\n<p>Otporne na hr\u0111u i galvansku koroziju oja\u010dane termo-oblikovane Polymer Smart Tabs SX automatske krilce. Automatski postavljaju i odr\u017eavaju razinu \/ stabiliziraju \u010damac zahvaljuju\u0107i opruzi progresivnih aktuatora. Ne zahtijevaju postavljanje i ne trebaju upravlja\u010dku kutiju ili prilagodbu od strane operatera. Brza i jednostavna instalacija bez prolaznih rupa. U\u0161tedite novac smanjenjem potro\u0161nje goriva. Pove\u0107ajte potisak i maksimalnu brzinu. Postignite planiranje za polovicu vremena. Smanjite kut podizanja prova. Smanjite skakanje.<\/p>\n","protected":false},"excerpt":{"rendered":"<p>Nauticus SX Smart automatski flapsovi Sx10512-90 &#8211; Otporne na hr\u0111u i galvansku koroziju oja\u010dane termo-oblikovane Polymer Smart Tabs SX automatske<\/p>\n","protected":false},"featured_media":5940383,"comment_status":"open","ping_status":"closed","template":"","meta":[],"product_brand":[3171],"product_cat":[1806],"product_tag":[],"class_list":{"0":"post-742170","1":"product","2":"type-product","3":"status-publish","4":"has-post-thumbnail","6":"product_brand-nauticus-hr","7":"product_cat-trim-ploce","9":"first","10":"outofstock","11":"shipping-taxable","12":"purchasable","13":"product-type-simple"},"_links":{"self":[{"href":"https:\/\/stoic-curie.212-227-153-4.plesk.page\/hr\/wp-json\/wp\/v2\/product\/742170","targetHints":{"allow":["GET"]}}],"collection":[{"href":"https:\/\/stoic-curie.212-227-153-4.plesk.page\/hr\/wp-json\/wp\/v2\/product"}],"about":[{"href":"https:\/\/stoic-curie.212-227-153-4.plesk.page\/hr\/wp-json\/wp\/v2\/types\/product"}],"replies":[{"embeddable":true,"href":"https:\/\/stoic-curie.212-227-153-4.plesk.page\/hr\/wp-json\/wp\/v2\/comments?post=742170"}],"version-history":[{"count":0,"href":"https:\/\/stoic-curie.212-227-153-4.plesk.page\/hr\/wp-json\/wp\/v2\/product\/742170\/revisions"}],"wp:featuredmedia":[{"embeddable":true,"href":"https:\/\/stoic-curie.212-227-153-4.plesk.page\/hr\/wp-json\/wp\/v2\/media\/5940383"}],"wp:attachment":[{"href":"https:\/\/stoic-curie.212-227-153-4.plesk.page\/hr\/wp-json\/wp\/v2\/media?parent=742170"}],"wp:term":[{"taxonomy":"product_brand","embeddable":true,"href":"https:\/\/stoic-curie.212-227-153-4.plesk.page\/hr\/wp-json\/wp\/v2\/product_brand?post=742170"},{"taxonomy":"product_cat","embeddable":true,"href":"https:\/\/stoic-curie.212-227-153-4.plesk.page\/hr\/wp-json\/wp\/v2\/product_cat?post=742170"},{"taxonomy":"product_tag","embeddable":true,"href":"https:\/\/stoic-curie.212-227-153-4.plesk.page\/hr\/wp-json\/wp\/v2\/product_tag?post=742170"}],"curies":[{"name":"wp","href":"https:\/\/api.w.org\/{rel}","templated":true}]}}