{"id":742173,"date":"2025-03-03T18:19:07","date_gmt":"2025-03-03T17:19:07","guid":{"rendered":"https:\/\/stoic-curie.212-227-153-4.plesk.page\/producto\/pramcani-potisnik-quick-btq-140-30-12v\/"},"modified":"2026-02-25T00:00:59","modified_gmt":"2026-02-25T00:00:59","slug":"pramcani-potisnik-quick-btq-140-30-12v","status":"publish","type":"product","link":"https:\/\/stoic-curie.212-227-153-4.plesk.page\/hr\/product\/pramcani-potisnik-quick-btq-140-30-12v\/","title":{"rendered":"Pram\u010dani potisnik Quick BTQ 140-30 12v"},"content":{"rendered":"<p>Pram\u010dani potisnik Quick BTQ 140-30 12v &#8211; <\/p>\n<p style=\"color: rgb(34, 34, 34); font-family: Arial, Helvetica, sans-serif; font-size: small;\"><strong>Bow Thruster BTQ 140-30 30KGF &#8211; 12V &#8211; D140 &#8211; 1.5kW<\/strong><\/p>\n<p style=\"color: rgb(34, 34, 34); font-family: Arial, Helvetica, sans-serif; font-size: small;\">Sa zadovoljstvom predstavljamo Quick BTQ140 Bow Thruster, pomno dizajniran za superiorne performanse i pouzdanost. Ovaj model je opremljen jednom propelerom izra\u0111enim od robusnih kompozitnih materijala, uparenim s izdr\u017eljivom bron\u010danom mjenja\u010dom. Za\u0161titni poklopac solenoidnog ventila tako\u0111er je izra\u0111en od visokokvalitetnog kompozitnog materijala, \u0161to osigurava produljenu trajnost. Osim toga, cink anod je dizajniran da bude neovisan od mjenja\u010da, \u0161to omogu\u0107ava jednostavnu zamjenu. Ova jedinica ima elasti\u010dnu spojnicu, \u0161to je \u010dini idealnom za plovila duljine izme\u0111u 6 i 10 metara (20 do 33 stope).<\/p>\n<p style=\"color: rgb(34, 34, 34); font-family: Arial, Helvetica, sans-serif; font-size: small;\"><strong>Optimizirana Performansa s Ni\u017eom Potro\u0161njom Energije<\/strong><\/p>\n<p style=\"color: rgb(34, 34, 34); font-family: Arial, Helvetica, sans-serif; font-size: small;\">Propeleri s \u010detiri o\u0161trice posebno su dizajnirani da pru\u017ee maksimalni potisak uz minimalnu potro\u0161nju elektri\u010dne energije. Izra\u0111eni od jakih kompozitnih materijala, pru\u017eaju pouzdanu izvedbu u raznim uvjetima. Sustav suprotno rotacije pobolj\u0161ava u\u010dinkovitost potiska, pri \u010demu su svaki propelerski prilago\u0111eni lijevoj i desnoj orijentaciji kako bi se osigurao dosljedan rad u oba smjera.<\/p>\n<p style=\"color: rgb(34, 34, 34); font-family: Arial, Helvetica, sans-serif; font-size: small;\"><strong>Izvanredne Karakteristike:<\/strong><\/p>\n<ul style=\"color: rgb(34, 34, 34); font-family: Arial, Helvetica, sans-serif; font-size: small;\">\n<li>Mjenja\u010d je dizajniran da odr\u017eava performanse propelera bez obzira na smjer rotacije.<\/li>\n<li>Bron\u010dana zup\u010danika propelerka ima hidrodinami\u010dki dizajn koji smanjuje turbulenciju.<\/li>\n<li>Osigurana je funkcionalnost bez odr\u017eavanja, jer posebno izra\u0111eni dijelovi stvaraju do\u017eivotni brtveni podmazivanje.<\/li>\n<li>Anodizirana aluminijska za\u0161tita lako se zamjenjuje. U slu\u010daju potpune korozije, propeler ostaje sigurno pri\u010dvr\u0161\u0107en na pod, neovisno od anode.<\/li>\n<li>Elasti\u010dna spojka optimizira poravnanje izme\u0111u motora i mjenja\u010da, \u0161to je karakteristi\u010dan Quick dizajn koji djeluje kao napetostni ure\u0111aj, \u0161tite\u0107i sustav od stresova povezanih s bow thrusterom, \u0161to dovodi do pobolj\u0161anih performansi.<\/li>\n<\/ul>\n<p style=\"color: rgb(34, 34, 34); font-family: Arial, Helvetica, sans-serif; font-size: small;\"><strong>Motori<\/strong><\/p>\n<p style=\"color: rgb(34, 34, 34); font-family: Arial, Helvetica, sans-serif; font-size: small;\">Koristimo napredne materijale kako bismo osigurali dosljedan izlaz i vrhunske performanse, \u010dak i u izazovnim uvjetima tipi\u010dnim za ovu primjenu.<\/p>\n<p style=\"color: rgb(34, 34, 34); font-family: Arial, Helvetica, sans-serif; font-size: small;\"><strong>Sigurnosne Karakteristike<\/strong><\/p>\n<p style=\"color: rgb(34, 34, 34); font-family: Arial, Helvetica, sans-serif; font-size: small;\">U slu\u010daju gre\u0161ke releja, TMS sustav daljinskog prekida\u010da automatski prekida napajanje motora s bilo kojeg mjesta opremljenog TDC panelima ili TSC hitnim tipkama. BTQ motori su dizajnirani da rade bez termalne sonde, omogu\u0107uju\u0107i im da isporu\u010duju maksimalnu snagu kada je to potrebno. Za\u0161tita od pregrijavanja upravlja se softverom integriranim u dodirni ili joystick panel, osiguravaju\u0107i sigurnu radnju u svakom trenutku.<\/p>\n","protected":false},"excerpt":{"rendered":"<p>Pram\u010dani potisnik Quick BTQ 140-30 12v &#8211; Bow Thruster BTQ 140-30 30KGF &#8211; 12V &#8211; D140 &#8211; 1.5kW Sa zadovoljstvom<\/p>\n","protected":false},"featured_media":5943452,"comment_status":"open","ping_status":"closed","template":"","meta":[],"product_brand":[3281],"product_cat":[1610],"product_tag":[],"class_list":{"0":"post-742173","1":"product","2":"type-product","3":"status-publish","4":"has-post-thumbnail","6":"product_brand-quick-hr","7":"product_cat-pramcani-potisnici-quick","9":"first","10":"instock","11":"shipping-taxable","12":"purchasable","13":"product-type-simple"},"_links":{"self":[{"href":"https:\/\/stoic-curie.212-227-153-4.plesk.page\/hr\/wp-json\/wp\/v2\/product\/742173","targetHints":{"allow":["GET"]}}],"collection":[{"href":"https:\/\/stoic-curie.212-227-153-4.plesk.page\/hr\/wp-json\/wp\/v2\/product"}],"about":[{"href":"https:\/\/stoic-curie.212-227-153-4.plesk.page\/hr\/wp-json\/wp\/v2\/types\/product"}],"replies":[{"embeddable":true,"href":"https:\/\/stoic-curie.212-227-153-4.plesk.page\/hr\/wp-json\/wp\/v2\/comments?post=742173"}],"version-history":[{"count":0,"href":"https:\/\/stoic-curie.212-227-153-4.plesk.page\/hr\/wp-json\/wp\/v2\/product\/742173\/revisions"}],"wp:featuredmedia":[{"embeddable":true,"href":"https:\/\/stoic-curie.212-227-153-4.plesk.page\/hr\/wp-json\/wp\/v2\/media\/5943452"}],"wp:attachment":[{"href":"https:\/\/stoic-curie.212-227-153-4.plesk.page\/hr\/wp-json\/wp\/v2\/media?parent=742173"}],"wp:term":[{"taxonomy":"product_brand","embeddable":true,"href":"https:\/\/stoic-curie.212-227-153-4.plesk.page\/hr\/wp-json\/wp\/v2\/product_brand?post=742173"},{"taxonomy":"product_cat","embeddable":true,"href":"https:\/\/stoic-curie.212-227-153-4.plesk.page\/hr\/wp-json\/wp\/v2\/product_cat?post=742173"},{"taxonomy":"product_tag","embeddable":true,"href":"https:\/\/stoic-curie.212-227-153-4.plesk.page\/hr\/wp-json\/wp\/v2\/product_tag?post=742173"}],"curies":[{"name":"wp","href":"https:\/\/api.w.org\/{rel}","templated":true}]}}