{"id":742175,"date":"2025-03-03T18:19:08","date_gmt":"2025-03-03T17:19:08","guid":{"rendered":"https:\/\/stoic-curie.212-227-153-4.plesk.page\/producto\/pramcani-potisnik-quick-btq-185-55-12v\/"},"modified":"2026-02-25T00:00:59","modified_gmt":"2026-02-25T00:00:59","slug":"pramcani-potisnik-quick-btq-185-55-12v","status":"publish","type":"product","link":"https:\/\/stoic-curie.212-227-153-4.plesk.page\/hr\/product\/pramcani-potisnik-quick-btq-185-55-12v\/","title":{"rendered":"Pram\u010dani potisnik Quick BTQ 185-55 12v"},"content":{"rendered":"<p>Pram\u010dani potisnik Quick BTQ 185-55 12v &#8211; <\/p>\n<p style=\"color: rgb(34, 34, 34); font-family: Arial, Helvetica, sans-serif; font-size: small;\">Quick BTQ 185-55 12V DC potisnik je izvrstan izbor za brodove duljine od 8 do 15 metara (26 do 49 stopa). Ovaj model ima jedan propeler napravljen od izdr\u017eljivog kompozitnog materijala, dopunjen robusnom mjedenom mjenja\u010dem i za\u0161titnim solenoidnim poklopcem koji je tako\u0111er napravljen od \u010dvrstog kompozitnog materijala. Uklju\u010duje elasti\u010dnu spojnicu i pocin\u010danu anodu neovisnu o mjenja\u010du, \u0161to omogu\u0107uje jednostavnu zamjenu.<\/p>\n<p style=\"color: rgb(34, 34, 34); font-family: Arial, Helvetica, sans-serif; font-size: small;\"><strong>Klju\u010dne Zna\u010dajke Quick BTQ 185 Potisnika:<\/strong><\/p>\n<ul style=\"color: rgb(34, 34, 34); font-family: Arial, Helvetica, sans-serif; font-size: small;\">\n<li>Jedan propeler napravljen od izdr\u017eljivog kompozitnog materijala<\/li>\n<li>Mjedeni mjenja\u010d za pobolj\u0161anu pouzdanost<\/li>\n<li>Za\u0161titni solenoidni poklopac izra\u0111en od \u010dvrstog kompozitnog materijala<\/li>\n<li>Lako zamjenjiva pocin\u010dana anoda neovisna o mjenja\u010du<\/li>\n<li>Opremljen elasti\u010dnom spojnicom<\/li>\n<li>Preporu\u010duje se za brodove duljine od 8 do 15 metara (26 do 49 stopa)<\/li>\n<\/ul>\n<p style=\"color: rgb(34, 34, 34); font-family: Arial, Helvetica, sans-serif; font-size: small;\"><strong>Specifikacije:<\/strong><\/p>\n<ul style=\"color: rgb(34, 34, 34); font-family: Arial, Helvetica, sans-serif; font-size: small;\">\n<li>Model: BTQ 185-55 (12V)<\/li>\n<li>Vrsta propeler: Jedan<\/li>\n<li>Promjer tunela: 185 mm (7 in\u010da 18\/64)<\/li>\n<li>Snaga motora: 3,0 kW<\/li>\n<li>Napon: 12V<\/li>\n<li>Ocjena osigura\u010da: 250A CNL DIN<\/li>\n<li>Potisak: 55 kgf (121,2 lb)<\/li>\n<li>Te\u017eina: 16,7 kg (36,8 lb)<\/li>\n<\/ul>\n<p style=\"color: rgb(34, 34, 34); font-family: Arial, Helvetica, sans-serif; font-size: small;\"><strong>Uklju\u010deno u paket:<\/strong><\/p>\n<ul style=\"color: rgb(34, 34, 34); font-family: Arial, Helvetica, sans-serif; font-size: small;\">\n<li>Potisnik<\/li>\n<li>Predlo\u017eak za bu\u0161enje<\/li>\n<li>Brtvilo<\/li>\n<li>O-prsten (za sastavljanje)<\/li>\n<li>Priru\u010dnik za ugradnju i kori\u0161tenje<\/li>\n<li>Garancijski uvjeti<\/li>\n<\/ul>\n<p style=\"color: rgb(34, 34, 34); font-family: Arial, Helvetica, sans-serif; font-size: small;\">Ovaj potisnik je dizajniran da pru\u017ea pouzdane performanse i jednostavnu instalaciju, \u0161to ga \u010dini vrijednim dodatkom va\u0161oj opremi za plovidbu.<\/p>\n","protected":false},"excerpt":{"rendered":"<p>Pram\u010dani potisnik Quick BTQ 185-55 12v &#8211; Quick BTQ 185-55 12V DC potisnik je izvrstan izbor za brodove duljine od<\/p>\n","protected":false},"featured_media":5943456,"comment_status":"open","ping_status":"closed","template":"","meta":[],"product_brand":[3281],"product_cat":[1610],"product_tag":[],"class_list":{"0":"post-742175","1":"product","2":"type-product","3":"status-publish","4":"has-post-thumbnail","6":"product_brand-quick-hr","7":"product_cat-pramcani-potisnici-quick","9":"first","10":"instock","11":"shipping-taxable","12":"purchasable","13":"product-type-simple"},"_links":{"self":[{"href":"https:\/\/stoic-curie.212-227-153-4.plesk.page\/hr\/wp-json\/wp\/v2\/product\/742175","targetHints":{"allow":["GET"]}}],"collection":[{"href":"https:\/\/stoic-curie.212-227-153-4.plesk.page\/hr\/wp-json\/wp\/v2\/product"}],"about":[{"href":"https:\/\/stoic-curie.212-227-153-4.plesk.page\/hr\/wp-json\/wp\/v2\/types\/product"}],"replies":[{"embeddable":true,"href":"https:\/\/stoic-curie.212-227-153-4.plesk.page\/hr\/wp-json\/wp\/v2\/comments?post=742175"}],"version-history":[{"count":0,"href":"https:\/\/stoic-curie.212-227-153-4.plesk.page\/hr\/wp-json\/wp\/v2\/product\/742175\/revisions"}],"wp:featuredmedia":[{"embeddable":true,"href":"https:\/\/stoic-curie.212-227-153-4.plesk.page\/hr\/wp-json\/wp\/v2\/media\/5943456"}],"wp:attachment":[{"href":"https:\/\/stoic-curie.212-227-153-4.plesk.page\/hr\/wp-json\/wp\/v2\/media?parent=742175"}],"wp:term":[{"taxonomy":"product_brand","embeddable":true,"href":"https:\/\/stoic-curie.212-227-153-4.plesk.page\/hr\/wp-json\/wp\/v2\/product_brand?post=742175"},{"taxonomy":"product_cat","embeddable":true,"href":"https:\/\/stoic-curie.212-227-153-4.plesk.page\/hr\/wp-json\/wp\/v2\/product_cat?post=742175"},{"taxonomy":"product_tag","embeddable":true,"href":"https:\/\/stoic-curie.212-227-153-4.plesk.page\/hr\/wp-json\/wp\/v2\/product_tag?post=742175"}],"curies":[{"name":"wp","href":"https:\/\/api.w.org\/{rel}","templated":true}]}}