{"id":742177,"date":"2025-03-03T18:19:08","date_gmt":"2025-03-03T17:19:08","guid":{"rendered":"https:\/\/stoic-curie.212-227-153-4.plesk.page\/producto\/pramcani-potisnik-quick-btq-185-75-12v\/"},"modified":"2026-02-25T00:00:59","modified_gmt":"2026-02-25T00:00:59","slug":"pramcani-potisnik-quick-btq-185-75-12v","status":"publish","type":"product","link":"https:\/\/stoic-curie.212-227-153-4.plesk.page\/hr\/product\/pramcani-potisnik-quick-btq-185-75-12v\/","title":{"rendered":"Pram\u010dani potisnik Quick BTQ 185-75 12v"},"content":{"rendered":"<p>Pram\u010dani potisnik Quick BTQ 185-75 12v &#8211; <\/p>\n<p><strong>Quick BTQ185 Bow Thruster<\/strong><\/p>\n<p>Quick BTQ185-75 propeler je dizajniran za brodove koji mjere izme\u0111u 8 i 15 metara (26 do 49 stopa) du\u017eine. Ovaj model sadr\u017ei jedan propeler napravljen od izdr\u017eljivog kompozitnog materijala, dopunjen robusnim bron\u010danim mjenja\u010dem. Solenoidi su za\u0161ti\u0107eni \u010dvrstim kompozitnim ku\u0107i\u0161tem, \u0161to osigurava dugovje\u010dnost i pouzdanost. Dodatno, propelerski sustav ima elasti\u010dnu spojnicu i cinkovu anodu koja je neovisna o mjenja\u010du, omogu\u0107uju\u0107i jednostavnu zamjenu kad god je to potrebno.<\/p>\n<p><strong>Specifikacije:<\/strong><\/p>\n<ul>\n<li><strong>Model:<\/strong> BTQ 185-75<\/li>\n<li><strong>Vrsta propelera:<\/strong> Jednostavno<\/li>\n<li><strong>Promjer tunela:<\/strong> 185 mm (7 in\u010da 18\/64)<\/li>\n<li><strong>Snaga motora:<\/strong> 4,0 kW<\/li>\n<li><strong>Osigura\u010d:<\/strong> 350A CNL DIN<\/li>\n<li><strong>Potisak:<\/strong> 75 kgf (165,3 lb)<\/li>\n<li><strong>Te\u017eina:<\/strong> 17,5 kg (38,6 lb)<\/li>\n<\/ul>\n<p><strong>Sadr\u017eaj proizvoda:<\/strong><\/p>\n<ul>\n<li>Propeler<\/li>\n<li>Predlo\u017eak za bu\u0161enje<\/li>\n<li>Brtva<\/li>\n<li>O-prsten (za montiranje)<\/li>\n<li>Upute za instalaciju i kori\u0161tenje<\/li>\n<li>Uvjeti jamstva<\/li>\n<\/ul>\n<p>Ovaj sveobuhvatan pregled Quick BTQ185-75 Bow Thruster isti\u010de njegove klju\u010dne zna\u010dajke i specifikacije, osiguravaju\u0107i da vlasnici brodova mogu donijeti informiranu odluku prilikom odabira pouzdane opreme za svoja plovila.<\/p>\n","protected":false},"excerpt":{"rendered":"<p>Pram\u010dani potisnik Quick BTQ 185-75 12v &#8211; Quick BTQ185 Bow Thruster Quick BTQ185-75 propeler je dizajniran za brodove koji mjere<\/p>\n","protected":false},"featured_media":5943457,"comment_status":"open","ping_status":"closed","template":"","meta":[],"product_brand":[3281],"product_cat":[1610],"product_tag":[],"class_list":{"0":"post-742177","1":"product","2":"type-product","3":"status-publish","4":"has-post-thumbnail","6":"product_brand-quick-hr","7":"product_cat-pramcani-potisnici-quick","9":"first","10":"instock","11":"shipping-taxable","12":"purchasable","13":"product-type-simple"},"_links":{"self":[{"href":"https:\/\/stoic-curie.212-227-153-4.plesk.page\/hr\/wp-json\/wp\/v2\/product\/742177","targetHints":{"allow":["GET"]}}],"collection":[{"href":"https:\/\/stoic-curie.212-227-153-4.plesk.page\/hr\/wp-json\/wp\/v2\/product"}],"about":[{"href":"https:\/\/stoic-curie.212-227-153-4.plesk.page\/hr\/wp-json\/wp\/v2\/types\/product"}],"replies":[{"embeddable":true,"href":"https:\/\/stoic-curie.212-227-153-4.plesk.page\/hr\/wp-json\/wp\/v2\/comments?post=742177"}],"version-history":[{"count":0,"href":"https:\/\/stoic-curie.212-227-153-4.plesk.page\/hr\/wp-json\/wp\/v2\/product\/742177\/revisions"}],"wp:featuredmedia":[{"embeddable":true,"href":"https:\/\/stoic-curie.212-227-153-4.plesk.page\/hr\/wp-json\/wp\/v2\/media\/5943457"}],"wp:attachment":[{"href":"https:\/\/stoic-curie.212-227-153-4.plesk.page\/hr\/wp-json\/wp\/v2\/media?parent=742177"}],"wp:term":[{"taxonomy":"product_brand","embeddable":true,"href":"https:\/\/stoic-curie.212-227-153-4.plesk.page\/hr\/wp-json\/wp\/v2\/product_brand?post=742177"},{"taxonomy":"product_cat","embeddable":true,"href":"https:\/\/stoic-curie.212-227-153-4.plesk.page\/hr\/wp-json\/wp\/v2\/product_cat?post=742177"},{"taxonomy":"product_tag","embeddable":true,"href":"https:\/\/stoic-curie.212-227-153-4.plesk.page\/hr\/wp-json\/wp\/v2\/product_tag?post=742177"}],"curies":[{"name":"wp","href":"https:\/\/api.w.org\/{rel}","templated":true}]}}