{"id":742180,"date":"2025-03-03T18:19:09","date_gmt":"2025-03-03T17:19:09","guid":{"rendered":"https:\/\/stoic-curie.212-227-153-4.plesk.page\/producto\/pramcani-potisnik-quick-btq-300-250-24v\/"},"modified":"2026-02-25T00:00:59","modified_gmt":"2026-02-25T00:00:59","slug":"pramcani-potisnik-quick-btq-300-250-24v","status":"publish","type":"product","link":"https:\/\/stoic-curie.212-227-153-4.plesk.page\/hr\/product\/pramcani-potisnik-quick-btq-300-250-24v\/","title":{"rendered":"Pram\u010dani potisnik Quick BTQ 300-250 24V"},"content":{"rendered":"<p>Pram\u010dani potisnik Quick BTQ 300-250 24V &#8211; <\/p>\n<p>Quick BTQ300 potisni ure\u0111aj s 2 propelerima u suprotnim smjerovima. &#8211; Dvostruki propeler izra\u0111en od \u010dvrstog kompozitnog materijala &#8211; Bron\u010dani mjenja\u010d &#8211; Za\u0161titni pokrov za solenoide od \u010dvrstog kompozitnog materijala &#8211; Cinkova anoda neovisna o mjenja\u010du i stoga lako zamjenjiva &#8211; Opremljen elasti\u010dnom spojkom &#8211; Preporu\u010dena du\u017eina broda od 20-30 m (65-99 ft)<\/p>\n<p><strong style=\"color: rgb(34, 34, 34); font-family: Arial, Helvetica, sans-serif; font-size: small;\">Quick BTQ 300 Dvostruki propeler potisnik 24V 250 kgf za plovila od 20 do 30 metara<\/strong><\/p>\n<p style=\"color: rgb(34, 34, 34); font-family: Arial, Helvetica, sans-serif; font-size: small;\">Quick BTQ 300 Dvostruki propeler potisnik posebno je dizajniran za ve\u0107e plovila du\u017eine od 20 do 30 metara. Omogu\u0107uje dvije opcije potiska: 250 kgf za plovila od 20 do 26 metara i 270 kgf za plovila od 23 do 30 metara. Ovaj potisni ure\u0111aj radi s napajanjem od 24V, s mogu\u0107no\u0161\u0107u narud\u017ebe 48V elektri\u010dnog motora. Njegov promjer tunela od 300 mm osigurava glatku i u\u010dinkovitu izvedbu, \u010dak i u izazovnim uvjetima.<\/p>\n<p style=\"color: rgb(34, 34, 34); font-family: Arial, Helvetica, sans-serif; font-size: small;\">Kao dio napredne BTQ serije, Quick BTQ 300 ima propeler koji se okre\u0107e u suprotnim smjerovima unutar tunela od 300 mm, \u0161to rezultira zna\u010dajnim pove\u0107anjem potiska. Ovaj inovativni dizajn pobolj\u0161ava upravljivost i kontrolu ve\u0107ih plovila, \u010dine\u0107i pristajanje i navigaciju u uskim prostorima znatno lak\u0161im. Potisnik pru\u017ea pove\u0107anje potiska od 10 kgf ili vi\u0161e, osiguravaju\u0107i superiornu izvedbu u usporedbi s tradicionalnim modelima.<\/p>\n<p style=\"color: rgb(34, 34, 34); font-family: Arial, Helvetica, sans-serif; font-size: small;\"><strong>Klju\u010dne zna\u010dajke:<\/strong><\/p>\n<ul style=\"color: rgb(34, 34, 34); font-family: Arial, Helvetica, sans-serif; font-size: small;\">\n<li><strong>Visoki potisak za ve\u0107a plovila:<\/strong> Dostupan s 250 kgf za plovila du\u017eine 20-26 metara i 270 kgf za plovila du\u017eine 23-30 metara.<\/li>\n<li><strong>Dizajn s dva propelera:<\/strong> Suprotno rotiraju\u0107i propeleri pru\u017eaju pobolj\u0161ani potisak i kontrolu.<\/li>\n<li><strong>Napajanje od 24V:<\/strong> Radi s 24V elektri\u010dnim sustavom, s mogu\u0107no\u0161\u0107u 48V motora kako bi se zadovoljili specifi\u010dni zahtjevi.<\/li>\n<li><strong>Promjer tunela od 300 mm:<\/strong> Veliki promjer tunela osigurava glatku i u\u010dinkovitu izvedbu.<\/li>\n<li><strong>Pove\u0107ani potisak:<\/strong> Pru\u017ea pove\u0107anje potiska od 10 kgf ili vi\u0161e, \u0161to pobolj\u0161ava performanse i upravljivost.<\/li>\n<\/ul>\n<p style=\"color: rgb(34, 34, 34); font-family: Arial, Helvetica, sans-serif; font-size: small;\"><strong>Tehni\u010dki podaci:<\/strong><\/p>\n<table style=\"color: rgb(34, 34, 34); font-family: Arial, Helvetica, sans-serif; font-size: small;\">\n<thead>\n<tr>\n<th>Napon<\/th>\n<th>Promjer tunela (mm)<\/th>\n<th>Snaga (kW)<\/th>\n<th>Stop (kgf)<\/th>\n<th>Osiguranje (A)<\/th>\n<th>Du\u017eina broda (m)<\/th>\n<\/tr>\n<\/thead>\n<tbody>\n<tr>\n<td style=\"margin: 0px;\">24<\/td>\n<td style=\"margin: 0px;\">300<\/td>\n<td style=\"margin: 0px;\">10<\/td>\n<td style=\"margin: 0px;\">250<\/td>\n<td style=\"margin: 0px;\">2&#215;7.5<\/td>\n<td style=\"margin: 0px;\">20-26<\/td>\n<\/tr>\n<tr>\n<td style=\"margin: 0px;\">24<\/td>\n<td style=\"margin: 0px;\">300<\/td>\n<td style=\"margin: 0px;\">12<\/td>\n<td style=\"margin: 0px;\">270<\/td>\n<td style=\"margin: 0px;\">2&#215;10<\/td>\n<td style=\"margin: 0px;\">23-30<\/td>\n<\/tr>\n<\/tbody>\n<\/table>\n<p style=\"color: rgb(34, 34, 34); font-family: Arial, Helvetica, sans-serif; font-size: small;\">Quick BTQ 300 Dvostruki propeler potisnik pru\u017ea iznimnu snagu i u\u010dinkovitost za velika plovila, osiguravaju\u0107i lak\u0161u navigaciju i pristajanje u uskim prostorima i nepovoljnim uvjetima. Sa svojim inovativnim dizajnom, pobolj\u0161anom izvedbom potiska i pouzdano\u0161\u0107u, predstavlja neizostavni dodatak za plovila koja zahtijevaju superiornu upravljivost i kontrolu.<\/p>\n","protected":false},"excerpt":{"rendered":"<p>Pram\u010dani potisnik Quick BTQ 300-250 24V &#8211; Quick BTQ300 potisni ure\u0111aj s 2 propelerima u suprotnim smjerovima. &#8211; Dvostruki propeler<\/p>\n","protected":false},"featured_media":5943458,"comment_status":"open","ping_status":"closed","template":"","meta":[],"product_brand":[3281],"product_cat":[1610],"product_tag":[],"class_list":{"0":"post-742180","1":"product","2":"type-product","3":"status-publish","4":"has-post-thumbnail","6":"product_brand-quick-hr","7":"product_cat-pramcani-potisnici-quick","9":"first","10":"instock","11":"shipping-taxable","12":"purchasable","13":"product-type-simple"},"_links":{"self":[{"href":"https:\/\/stoic-curie.212-227-153-4.plesk.page\/hr\/wp-json\/wp\/v2\/product\/742180","targetHints":{"allow":["GET"]}}],"collection":[{"href":"https:\/\/stoic-curie.212-227-153-4.plesk.page\/hr\/wp-json\/wp\/v2\/product"}],"about":[{"href":"https:\/\/stoic-curie.212-227-153-4.plesk.page\/hr\/wp-json\/wp\/v2\/types\/product"}],"replies":[{"embeddable":true,"href":"https:\/\/stoic-curie.212-227-153-4.plesk.page\/hr\/wp-json\/wp\/v2\/comments?post=742180"}],"version-history":[{"count":0,"href":"https:\/\/stoic-curie.212-227-153-4.plesk.page\/hr\/wp-json\/wp\/v2\/product\/742180\/revisions"}],"wp:featuredmedia":[{"embeddable":true,"href":"https:\/\/stoic-curie.212-227-153-4.plesk.page\/hr\/wp-json\/wp\/v2\/media\/5943458"}],"wp:attachment":[{"href":"https:\/\/stoic-curie.212-227-153-4.plesk.page\/hr\/wp-json\/wp\/v2\/media?parent=742180"}],"wp:term":[{"taxonomy":"product_brand","embeddable":true,"href":"https:\/\/stoic-curie.212-227-153-4.plesk.page\/hr\/wp-json\/wp\/v2\/product_brand?post=742180"},{"taxonomy":"product_cat","embeddable":true,"href":"https:\/\/stoic-curie.212-227-153-4.plesk.page\/hr\/wp-json\/wp\/v2\/product_cat?post=742180"},{"taxonomy":"product_tag","embeddable":true,"href":"https:\/\/stoic-curie.212-227-153-4.plesk.page\/hr\/wp-json\/wp\/v2\/product_tag?post=742180"}],"curies":[{"name":"wp","href":"https:\/\/api.w.org\/{rel}","templated":true}]}}