{"id":742183,"date":"2025-03-03T18:19:10","date_gmt":"2025-03-03T17:19:10","guid":{"rendered":"https:\/\/stoic-curie.212-227-153-4.plesk.page\/producto\/technodrive-tmc60p-2-00\/"},"modified":"2026-02-25T00:00:59","modified_gmt":"2026-02-25T00:00:59","slug":"technodrive-tmc60p-2-00","status":"publish","type":"product","link":"https:\/\/stoic-curie.212-227-153-4.plesk.page\/hr\/product\/technodrive-tmc60p-2-00\/","title":{"rendered":"Technodrive TMC60P 2.00"},"content":{"rendered":"<p>Technodrive TMC60P 2.00 &#8211; <\/p>\n<p style=\"color: rgb(34, 34, 34); font-family: Arial, Helvetica, sans-serif; font-size: small;\">Technodrive TMC60P 2.00 predstavlja vrhunski brodski mjenja\u010d, pomno izra\u0111en od strane uglednog proizvo\u0111a\u010da Twin Disc iz Italije. Ovaj mjenja\u010d se isti\u010de svojim inovativnim dizajnom, koji uklju\u010duje mehani\u010dki upravljane konusne spojke koje se besprijekorno aktiviraju pomo\u0107u sofisticiranog servo sustava. Ovaj mehanizam ne samo da pobolj\u0161ava u\u010dinkovitost mjenja\u010da, ve\u0107 tako\u0111er doprinosi njegovoj ukupnoj pouzdanosti. Zup\u010danici unutar TMC60P modela su posebno dizajnirani za osiguranje tihe uporabe, minimiziraju\u0107i razinu buke tijekom rada, \u0161to je klju\u010dni faktor za mnoge vlasnike \u010damaca koji cijene mirno iskustvo plovidbe. Osim toga, le\u017eajevi su velikih dimenzija, pru\u017eaju\u0107i dodatni sloj izdr\u017eljivosti i dugovje\u010dnosti, \u0161to ovaj mjenja\u010d \u010dini dobrom investicijom za svaku pomorsku primjenu.<\/p>\n<p style=\"color: rgb(34, 34, 34); font-family: Arial, Helvetica, sans-serif; font-size: small;\">Uz to, TMC60P model se mo\u017ee koristiti s razli\u010ditim morskim dizelskim motorima, \u010dine\u0107i ga svestranim izborom za razli\u010dita plovila. Tako\u0111er slu\u017ei kao izvrstan zamjenski dio za nekoliko poznatih prijenosnika, uklju\u010duju\u0107i:<\/p>\n<ul style=\"color: rgb(34, 34, 34); font-family: Arial, Helvetica, sans-serif; font-size: small;\">\n<li>ZF 10M<\/li>\n<li>ZF 12M<\/li>\n<li>ZF 15M<\/li>\n<li>HBW 20<\/li>\n<li>HBW 100<\/li>\n<li>HBW 125<\/li>\n<li>HBW 150<\/li>\n<\/ul>\n<p style=\"color: rgb(34, 34, 34); font-family: Arial, Helvetica, sans-serif; font-size: small;\">Ova kompatibilnost osigurava da vlasnici \u010damaca lako mogu nadograditi ili zamijeniti postoje\u0107e sustave bez opse\u017enih izmjena.<\/p>\n","protected":false},"excerpt":{"rendered":"<p>Technodrive TMC60P 2.00 &#8211; Technodrive TMC60P 2.00 predstavlja vrhunski brodski mjenja\u010d, pomno izra\u0111en od strane uglednog proizvo\u0111a\u010da Twin Disc iz<\/p>\n","protected":false},"featured_media":5943463,"comment_status":"open","ping_status":"closed","template":"","meta":[],"product_brand":[3466],"product_cat":[1805],"product_tag":[],"class_list":{"0":"post-742183","1":"product","2":"type-product","3":"status-publish","4":"has-post-thumbnail","6":"product_brand-technodrive-hr","7":"product_cat-kopce-technodrive","9":"first","10":"instock","11":"shipping-taxable","12":"purchasable","13":"product-type-simple"},"_links":{"self":[{"href":"https:\/\/stoic-curie.212-227-153-4.plesk.page\/hr\/wp-json\/wp\/v2\/product\/742183","targetHints":{"allow":["GET"]}}],"collection":[{"href":"https:\/\/stoic-curie.212-227-153-4.plesk.page\/hr\/wp-json\/wp\/v2\/product"}],"about":[{"href":"https:\/\/stoic-curie.212-227-153-4.plesk.page\/hr\/wp-json\/wp\/v2\/types\/product"}],"replies":[{"embeddable":true,"href":"https:\/\/stoic-curie.212-227-153-4.plesk.page\/hr\/wp-json\/wp\/v2\/comments?post=742183"}],"version-history":[{"count":0,"href":"https:\/\/stoic-curie.212-227-153-4.plesk.page\/hr\/wp-json\/wp\/v2\/product\/742183\/revisions"}],"wp:featuredmedia":[{"embeddable":true,"href":"https:\/\/stoic-curie.212-227-153-4.plesk.page\/hr\/wp-json\/wp\/v2\/media\/5943463"}],"wp:attachment":[{"href":"https:\/\/stoic-curie.212-227-153-4.plesk.page\/hr\/wp-json\/wp\/v2\/media?parent=742183"}],"wp:term":[{"taxonomy":"product_brand","embeddable":true,"href":"https:\/\/stoic-curie.212-227-153-4.plesk.page\/hr\/wp-json\/wp\/v2\/product_brand?post=742183"},{"taxonomy":"product_cat","embeddable":true,"href":"https:\/\/stoic-curie.212-227-153-4.plesk.page\/hr\/wp-json\/wp\/v2\/product_cat?post=742183"},{"taxonomy":"product_tag","embeddable":true,"href":"https:\/\/stoic-curie.212-227-153-4.plesk.page\/hr\/wp-json\/wp\/v2\/product_tag?post=742183"}],"curies":[{"name":"wp","href":"https:\/\/api.w.org\/{rel}","templated":true}]}}