{"id":742188,"date":"2025-03-03T18:19:11","date_gmt":"2025-03-03T17:19:11","guid":{"rendered":"https:\/\/stoic-curie.212-227-153-4.plesk.page\/producto\/broncani-skrokovi-za-osovinu-propelera-35-mm\/"},"modified":"2026-02-25T00:00:59","modified_gmt":"2026-02-25T00:00:59","slug":"broncani-skrokovi-za-osovinu-propelera-35-mm","status":"publish","type":"product","link":"https:\/\/stoic-curie.212-227-153-4.plesk.page\/hr\/product\/broncani-skrokovi-za-osovinu-propelera-35-mm\/","title":{"rendered":"Broncani skrokovi za osovinu propelera 35 mm"},"content":{"rendered":"<p>Broncani skrokovi za osovinu propelera 35 mm &#8211; <\/p>\n<p>Bron\u010dane potpore za osovine propelera posebno su dizajnirane za jedrilice i namijenjene su postavljanju na kobilicu pomo\u0107u smole. Ove potpore nude nekoliko prednosti brodograditeljima, uklju\u010duju\u0107i:<\/p>\n<ul>\n<li>Svesna pode\u0161avanja visine i kuta<\/li>\n<li>Brza i jednostavna instalacija<\/li>\n<li>Odmah dostupne na skladi\u0161tu<\/li>\n<\/ul>\n<p>Dimenzioniranje ovih potpora u skladu je s propisima talijanskog pomorskog registra za plovila za u\u017eivanje.<\/p>\n<p>Koristimo na\u0161u leguru OT.MAN koja ima sljede\u0107e mehani\u010dke osobine:<\/p>\n<ul>\n<li>Trajna \u010dvrsto\u0107a (T) > 535 N\/mm\u00b2<\/li>\n<li>Granica te\u010denja (Y) > 220 N\/mm\u00b2<\/li>\n<li>Produ\u017eenje (E) > 25%<\/li>\n<\/ul>\n<p>Svaka potpora dolazi s ve\u0107 instaliranim Radice hidrolubrikovanim gumenim le\u017eajevima.<\/p>\n<p>Ove le\u017eajeve lako mo\u017eete zamijeniti odvrtanjem dvije zaklju\u010dne matice. Da biste instalirali potpore, slijedite ove korake:<\/p>\n<ol>\n<li>Napravi \u0161upljinu u trupu ili na postoje\u0107oj strukturi.<\/li>\n<li>Pozicionirajte potporu dok je uskla\u0111ujete s linijom osovine.<\/li>\n<li>Zape\u010datite i oja\u010dajte spoj izme\u0111u potpore i trupa smolom.<\/li>\n<\/ol>\n","protected":false},"excerpt":{"rendered":"<p>Broncani skrokovi za osovinu propelera 35 mm &#8211; Bron\u010dane potpore za osovine propelera posebno su dizajnirane za jedrilice i namijenjene<\/p>\n","protected":false},"featured_media":5940486,"comment_status":"open","ping_status":"closed","template":"","meta":[],"product_brand":[2916],"product_cat":[1812,1786],"product_tag":[],"class_list":{"0":"post-742188","1":"product","2":"type-product","3":"status-publish","4":"has-post-thumbnail","6":"product_brand-eliche-radice-hr","7":"product_cat-lezajevi-osovine-propelera","8":"product_cat-osovine-propelera","10":"first","11":"instock","12":"shipping-taxable","13":"purchasable","14":"product-type-simple"},"_links":{"self":[{"href":"https:\/\/stoic-curie.212-227-153-4.plesk.page\/hr\/wp-json\/wp\/v2\/product\/742188","targetHints":{"allow":["GET"]}}],"collection":[{"href":"https:\/\/stoic-curie.212-227-153-4.plesk.page\/hr\/wp-json\/wp\/v2\/product"}],"about":[{"href":"https:\/\/stoic-curie.212-227-153-4.plesk.page\/hr\/wp-json\/wp\/v2\/types\/product"}],"replies":[{"embeddable":true,"href":"https:\/\/stoic-curie.212-227-153-4.plesk.page\/hr\/wp-json\/wp\/v2\/comments?post=742188"}],"version-history":[{"count":0,"href":"https:\/\/stoic-curie.212-227-153-4.plesk.page\/hr\/wp-json\/wp\/v2\/product\/742188\/revisions"}],"wp:featuredmedia":[{"embeddable":true,"href":"https:\/\/stoic-curie.212-227-153-4.plesk.page\/hr\/wp-json\/wp\/v2\/media\/5940486"}],"wp:attachment":[{"href":"https:\/\/stoic-curie.212-227-153-4.plesk.page\/hr\/wp-json\/wp\/v2\/media?parent=742188"}],"wp:term":[{"taxonomy":"product_brand","embeddable":true,"href":"https:\/\/stoic-curie.212-227-153-4.plesk.page\/hr\/wp-json\/wp\/v2\/product_brand?post=742188"},{"taxonomy":"product_cat","embeddable":true,"href":"https:\/\/stoic-curie.212-227-153-4.plesk.page\/hr\/wp-json\/wp\/v2\/product_cat?post=742188"},{"taxonomy":"product_tag","embeddable":true,"href":"https:\/\/stoic-curie.212-227-153-4.plesk.page\/hr\/wp-json\/wp\/v2\/product_tag?post=742188"}],"curies":[{"name":"wp","href":"https:\/\/api.w.org\/{rel}","templated":true}]}}