{"id":742190,"date":"2025-03-03T18:19:12","date_gmt":"2025-03-03T17:19:12","guid":{"rendered":"https:\/\/stoic-curie.212-227-153-4.plesk.page\/producto\/broncani-skrokovi-za-osovinu-propelera-50mm\/"},"modified":"2026-02-25T00:00:59","modified_gmt":"2026-02-25T00:00:59","slug":"broncani-skrokovi-za-osovinu-propelera-50mm","status":"publish","type":"product","link":"https:\/\/stoic-curie.212-227-153-4.plesk.page\/hr\/product\/broncani-skrokovi-za-osovinu-propelera-50mm\/","title":{"rendered":"Broncani skrokovi za osovinu propelera 50mm"},"content":{"rendered":"<p>Broncani skrokovi za osovinu propelera 50mm &#8211; <\/p>\n<p>Bron\u010dani nosa\u010di za propelerne osovine posebno su dizajnirani za jedrilice i namijenjeni su monta\u017ei smolom na kobilici. Ovi nosa\u010di nude nekoliko prednosti za graditelje brodova, uklju\u010duju\u0107i:<\/p>\n<ul>\n<li>Vi\u0161enamjenska pode\u0161avanja visine i kuta<\/li>\n<li>Brza i jednostavna instalacija<\/li>\n<li>Odmah dostupni na skladi\u0161tu<\/li>\n<\/ul>\n<p>Dimenzije ovih nosa\u010da su u skladu s propisima talijanskog pomorskog registra za plovila za u\u017eitak.<\/p>\n<p>Kori\u0161tenje na\u0161e OT.MAN legure koja ima sljede\u0107e mehani\u010dke osobine:<\/p>\n<ul>\n<li>Odlomak (T) > 535 N\/mm\u00b2<\/li>\n<li>Granica (Y) > 220 N\/mm\u00b2<\/li>\n<li>Produ\u017eenje (E) > 25%<\/li>\n<\/ul>\n<p>Svaki nosa\u010d dolazi s ve\u0107 instaliranim Radice hidrolubriranim gumenim le\u017eajevima.<\/p>\n<p>Ovi le\u017eajevi se mogu jednostavno zamijeniti otpu\u0161tanjem dvije zup\u010daste matice. Da biste instalirali nosa\u010de, slijedite ove korake:<\/p>\n<ol>\n<li>Izradite rez na trupu ili na postoje\u0107a struktura.<\/li>\n<li>Polo\u017eite nosa\u010d uskla\u0111uju\u0107i ga s osovinom.<\/li>\n<li>Zape\u010datite i oja\u010dajte spoj izme\u0111u nosa\u010da i trupa smolom.<\/li>\n<\/ol>\n","protected":false},"excerpt":{"rendered":"<p>Broncani skrokovi za osovinu propelera 50mm &#8211; Bron\u010dani nosa\u010di za propelerne osovine posebno su dizajnirani za jedrilice i namijenjeni su<\/p>\n","protected":false},"featured_media":5940486,"comment_status":"open","ping_status":"closed","template":"","meta":[],"product_brand":[2916],"product_cat":[1812,1786],"product_tag":[],"class_list":{"0":"post-742190","1":"product","2":"type-product","3":"status-publish","4":"has-post-thumbnail","6":"product_brand-eliche-radice-hr","7":"product_cat-lezajevi-osovine-propelera","8":"product_cat-osovine-propelera","10":"first","11":"instock","12":"shipping-taxable","13":"purchasable","14":"product-type-simple"},"_links":{"self":[{"href":"https:\/\/stoic-curie.212-227-153-4.plesk.page\/hr\/wp-json\/wp\/v2\/product\/742190","targetHints":{"allow":["GET"]}}],"collection":[{"href":"https:\/\/stoic-curie.212-227-153-4.plesk.page\/hr\/wp-json\/wp\/v2\/product"}],"about":[{"href":"https:\/\/stoic-curie.212-227-153-4.plesk.page\/hr\/wp-json\/wp\/v2\/types\/product"}],"replies":[{"embeddable":true,"href":"https:\/\/stoic-curie.212-227-153-4.plesk.page\/hr\/wp-json\/wp\/v2\/comments?post=742190"}],"version-history":[{"count":0,"href":"https:\/\/stoic-curie.212-227-153-4.plesk.page\/hr\/wp-json\/wp\/v2\/product\/742190\/revisions"}],"wp:featuredmedia":[{"embeddable":true,"href":"https:\/\/stoic-curie.212-227-153-4.plesk.page\/hr\/wp-json\/wp\/v2\/media\/5940486"}],"wp:attachment":[{"href":"https:\/\/stoic-curie.212-227-153-4.plesk.page\/hr\/wp-json\/wp\/v2\/media?parent=742190"}],"wp:term":[{"taxonomy":"product_brand","embeddable":true,"href":"https:\/\/stoic-curie.212-227-153-4.plesk.page\/hr\/wp-json\/wp\/v2\/product_brand?post=742190"},{"taxonomy":"product_cat","embeddable":true,"href":"https:\/\/stoic-curie.212-227-153-4.plesk.page\/hr\/wp-json\/wp\/v2\/product_cat?post=742190"},{"taxonomy":"product_tag","embeddable":true,"href":"https:\/\/stoic-curie.212-227-153-4.plesk.page\/hr\/wp-json\/wp\/v2\/product_tag?post=742190"}],"curies":[{"name":"wp","href":"https:\/\/api.w.org\/{rel}","templated":true}]}}