{"id":742209,"date":"2025-03-03T18:19:17","date_gmt":"2025-03-03T17:19:17","guid":{"rendered":"https:\/\/stoic-curie.212-227-153-4.plesk.page\/producto\/vhf-antena-od-nehrdajuceg-celika-za-jedrilice-ra106slssb18-0-9mt-18mt-cable\/"},"modified":"2026-02-25T00:00:59","modified_gmt":"2026-02-25T00:00:59","slug":"vhf-antena-od-nehrdajuceg-celika-za-jedrilice-ra106slssb18-0-9mt-18mt-cable","status":"publish","type":"product","link":"https:\/\/stoic-curie.212-227-153-4.plesk.page\/hr\/product\/vhf-antena-od-nehrdajuceg-celika-za-jedrilice-ra106slssb18-0-9mt-18mt-cable\/","title":{"rendered":"VHF antena od nehr\u0111aju\u0107eg \u010delika za jedrilice RA106SLSSB18 ( 0.9mt &#038; 18mt Cable)"},"content":{"rendered":"<p>VHF antena od nehr\u0111aju\u0107eg \u010delika za jedrilice RA106SLSSB18 ( 0.9mt &#038; 18mt Cable) &#8211; <\/p>\n<p>VHF antene od nehr\u0111aju\u0107eg \u010delika za jedrilice. 100W \/ 3db \/ 156\/162 MHz \/ 50 Ohm. Visina: 0,9 m. Uklju\u010duje nositelj za vrh jarbola, konektor i brtve za prolaz palube.<\/p>\n","protected":false},"excerpt":{"rendered":"<p>VHF antena od nehr\u0111aju\u0107eg \u010delika za jedrilice RA106SLSSB18 ( 0.9mt &#038; 18mt Cable) &#8211; VHF antene od nehr\u0111aju\u0107eg \u010delika za<\/p>\n","protected":false},"featured_media":5943572,"comment_status":"open","ping_status":"closed","template":"","meta":[],"product_brand":[2981],"product_cat":[1753],"product_tag":[],"class_list":{"0":"post-742209","1":"product","2":"type-product","3":"status-publish","4":"has-post-thumbnail","6":"product_brand-glomex-hr","7":"product_cat-vhf-antene","9":"first","10":"instock","11":"shipping-taxable","12":"purchasable","13":"product-type-simple"},"_links":{"self":[{"href":"https:\/\/stoic-curie.212-227-153-4.plesk.page\/hr\/wp-json\/wp\/v2\/product\/742209","targetHints":{"allow":["GET"]}}],"collection":[{"href":"https:\/\/stoic-curie.212-227-153-4.plesk.page\/hr\/wp-json\/wp\/v2\/product"}],"about":[{"href":"https:\/\/stoic-curie.212-227-153-4.plesk.page\/hr\/wp-json\/wp\/v2\/types\/product"}],"replies":[{"embeddable":true,"href":"https:\/\/stoic-curie.212-227-153-4.plesk.page\/hr\/wp-json\/wp\/v2\/comments?post=742209"}],"version-history":[{"count":0,"href":"https:\/\/stoic-curie.212-227-153-4.plesk.page\/hr\/wp-json\/wp\/v2\/product\/742209\/revisions"}],"wp:featuredmedia":[{"embeddable":true,"href":"https:\/\/stoic-curie.212-227-153-4.plesk.page\/hr\/wp-json\/wp\/v2\/media\/5943572"}],"wp:attachment":[{"href":"https:\/\/stoic-curie.212-227-153-4.plesk.page\/hr\/wp-json\/wp\/v2\/media?parent=742209"}],"wp:term":[{"taxonomy":"product_brand","embeddable":true,"href":"https:\/\/stoic-curie.212-227-153-4.plesk.page\/hr\/wp-json\/wp\/v2\/product_brand?post=742209"},{"taxonomy":"product_cat","embeddable":true,"href":"https:\/\/stoic-curie.212-227-153-4.plesk.page\/hr\/wp-json\/wp\/v2\/product_cat?post=742209"},{"taxonomy":"product_tag","embeddable":true,"href":"https:\/\/stoic-curie.212-227-153-4.plesk.page\/hr\/wp-json\/wp\/v2\/product_tag?post=742209"}],"curies":[{"name":"wp","href":"https:\/\/api.w.org\/{rel}","templated":true}]}}