{"id":742214,"date":"2025-03-03T18:19:18","date_gmt":"2025-03-03T17:19:18","guid":{"rendered":"https:\/\/stoic-curie.212-227-153-4.plesk.page\/producto\/nosac-jarbola-od-nehrdajuceg-celika-glomex-v9176-h200\/"},"modified":"2026-02-25T00:00:59","modified_gmt":"2026-02-25T00:00:59","slug":"nosac-jarbola-od-nehrdajuceg-celika-glomex-v9176-h200","status":"publish","type":"product","link":"https:\/\/stoic-curie.212-227-153-4.plesk.page\/hr\/product\/nosac-jarbola-od-nehrdajuceg-celika-glomex-v9176-h200\/","title":{"rendered":"Nosac Jarbola Od Nehr\u0111aju\u0107eg \u010celika Glomex V9176 H200"},"content":{"rendered":"<p>Nosac Jarbola Od Nehr\u0111aju\u0107eg \u010celika Glomex V9176 H200 &#8211; <\/p>\n<p>Baza tip L od nehr\u0111aju\u0107eg \u010delika za vrh jarbola.<\/p>\n","protected":false},"excerpt":{"rendered":"<p>Nosac Jarbola Od Nehr\u0111aju\u0107eg \u010celika Glomex V9176 H200 &#8211; Baza tip L od nehr\u0111aju\u0107eg \u010delika za vrh jarbola.<\/p>\n","protected":false},"featured_media":5943583,"comment_status":"open","ping_status":"closed","template":"","meta":[],"product_brand":[2981],"product_cat":[1753],"product_tag":[],"class_list":{"0":"post-742214","1":"product","2":"type-product","3":"status-publish","4":"has-post-thumbnail","6":"product_brand-glomex-hr","7":"product_cat-vhf-antene","9":"first","10":"instock","11":"shipping-taxable","12":"purchasable","13":"product-type-simple"},"_links":{"self":[{"href":"https:\/\/stoic-curie.212-227-153-4.plesk.page\/hr\/wp-json\/wp\/v2\/product\/742214","targetHints":{"allow":["GET"]}}],"collection":[{"href":"https:\/\/stoic-curie.212-227-153-4.plesk.page\/hr\/wp-json\/wp\/v2\/product"}],"about":[{"href":"https:\/\/stoic-curie.212-227-153-4.plesk.page\/hr\/wp-json\/wp\/v2\/types\/product"}],"replies":[{"embeddable":true,"href":"https:\/\/stoic-curie.212-227-153-4.plesk.page\/hr\/wp-json\/wp\/v2\/comments?post=742214"}],"version-history":[{"count":0,"href":"https:\/\/stoic-curie.212-227-153-4.plesk.page\/hr\/wp-json\/wp\/v2\/product\/742214\/revisions"}],"wp:featuredmedia":[{"embeddable":true,"href":"https:\/\/stoic-curie.212-227-153-4.plesk.page\/hr\/wp-json\/wp\/v2\/media\/5943583"}],"wp:attachment":[{"href":"https:\/\/stoic-curie.212-227-153-4.plesk.page\/hr\/wp-json\/wp\/v2\/media?parent=742214"}],"wp:term":[{"taxonomy":"product_brand","embeddable":true,"href":"https:\/\/stoic-curie.212-227-153-4.plesk.page\/hr\/wp-json\/wp\/v2\/product_brand?post=742214"},{"taxonomy":"product_cat","embeddable":true,"href":"https:\/\/stoic-curie.212-227-153-4.plesk.page\/hr\/wp-json\/wp\/v2\/product_cat?post=742214"},{"taxonomy":"product_tag","embeddable":true,"href":"https:\/\/stoic-curie.212-227-153-4.plesk.page\/hr\/wp-json\/wp\/v2\/product_tag?post=742214"}],"curies":[{"name":"wp","href":"https:\/\/api.w.org\/{rel}","templated":true}]}}