{"id":742215,"date":"2025-03-03T18:19:18","date_gmt":"2025-03-03T17:19:18","guid":{"rendered":"https:\/\/stoic-curie.212-227-153-4.plesk.page\/producto\/baza-od-nehrdajuceg-celika-za-antene-cijev-25-80-mm\/"},"modified":"2026-02-25T00:00:59","modified_gmt":"2026-02-25T00:00:59","slug":"baza-od-nehrdajuceg-celika-za-antene-cijev-25-80-mm","status":"publish","type":"product","link":"https:\/\/stoic-curie.212-227-153-4.plesk.page\/hr\/product\/baza-od-nehrdajuceg-celika-za-antene-cijev-25-80-mm\/","title":{"rendered":"Baza od nehr\u0111aju\u0107eg \u010delika za antene (cijev 25-80 mm)"},"content":{"rendered":"<p>Baza od nehr\u0111aju\u0107eg \u010delika za antene (cijev 25-80 mm) &#8211; <\/p>\n<p>Osnova od nehr\u0111aju\u0107eg \u010delika s stezaljkom. Za monta\u017eu na horizontalne ili vertikalne cijevi promjera od 25 do 80 mm.<\/p>\n","protected":false},"excerpt":{"rendered":"<p>Baza od nehr\u0111aju\u0107eg \u010delika za antene (cijev 25-80 mm) &#8211; Osnova od nehr\u0111aju\u0107eg \u010delika s stezaljkom. Za monta\u017eu na horizontalne<\/p>\n","protected":false},"featured_media":5943584,"comment_status":"open","ping_status":"closed","template":"","meta":[],"product_brand":[2981],"product_cat":[1753],"product_tag":[],"class_list":{"0":"post-742215","1":"product","2":"type-product","3":"status-publish","4":"has-post-thumbnail","6":"product_brand-glomex-hr","7":"product_cat-vhf-antene","9":"first","10":"instock","11":"shipping-taxable","12":"purchasable","13":"product-type-simple"},"_links":{"self":[{"href":"https:\/\/stoic-curie.212-227-153-4.plesk.page\/hr\/wp-json\/wp\/v2\/product\/742215","targetHints":{"allow":["GET"]}}],"collection":[{"href":"https:\/\/stoic-curie.212-227-153-4.plesk.page\/hr\/wp-json\/wp\/v2\/product"}],"about":[{"href":"https:\/\/stoic-curie.212-227-153-4.plesk.page\/hr\/wp-json\/wp\/v2\/types\/product"}],"replies":[{"embeddable":true,"href":"https:\/\/stoic-curie.212-227-153-4.plesk.page\/hr\/wp-json\/wp\/v2\/comments?post=742215"}],"version-history":[{"count":0,"href":"https:\/\/stoic-curie.212-227-153-4.plesk.page\/hr\/wp-json\/wp\/v2\/product\/742215\/revisions"}],"wp:featuredmedia":[{"embeddable":true,"href":"https:\/\/stoic-curie.212-227-153-4.plesk.page\/hr\/wp-json\/wp\/v2\/media\/5943584"}],"wp:attachment":[{"href":"https:\/\/stoic-curie.212-227-153-4.plesk.page\/hr\/wp-json\/wp\/v2\/media?parent=742215"}],"wp:term":[{"taxonomy":"product_brand","embeddable":true,"href":"https:\/\/stoic-curie.212-227-153-4.plesk.page\/hr\/wp-json\/wp\/v2\/product_brand?post=742215"},{"taxonomy":"product_cat","embeddable":true,"href":"https:\/\/stoic-curie.212-227-153-4.plesk.page\/hr\/wp-json\/wp\/v2\/product_cat?post=742215"},{"taxonomy":"product_tag","embeddable":true,"href":"https:\/\/stoic-curie.212-227-153-4.plesk.page\/hr\/wp-json\/wp\/v2\/product_tag?post=742215"}],"curies":[{"name":"wp","href":"https:\/\/api.w.org\/{rel}","templated":true}]}}