{"id":742216,"date":"2025-03-03T18:19:18","date_gmt":"2025-03-03T17:19:18","guid":{"rendered":"https:\/\/stoic-curie.212-227-153-4.plesk.page\/producto\/antena-tv-sat-glomex-saturn-4-v9104n-neo\/"},"modified":"2026-02-25T00:00:59","modified_gmt":"2026-02-25T00:00:59","slug":"antena-tv-sat-glomex-saturn-4-v9104n-neo","status":"publish","type":"product","link":"https:\/\/stoic-curie.212-227-153-4.plesk.page\/hr\/product\/antena-tv-sat-glomex-saturn-4-v9104n-neo\/","title":{"rendered":"Antena Tv-sat Glomex SATURN 4 V9104N NEO"},"content":{"rendered":"<p>Antena Tv-sat Glomex SATURN 4 V9104N NEO &#8211; <\/p>\n<p>Gyro-stabilizirana satelitska antena Glomex Saturn 4 za full-HD DVB-S2 4K TV signale. Dodatna be\u017ei\u010dna Bluetooth kontrola s besplatnom namjenskom aplikacijom, parabolna posuda promjera 47 cm i smanjena potro\u0161nja (2,5A-12\/24V). Izvrsne performanse zahvaljuju\u0107i novom softveru za pretra\u017eivanje signala i inovativnom STO (Silent Tracking Operation) sustavu smanjenja buke. Opremeljena novom elektronicom koja omogu\u0107ava kompenzaciju gubitka kvalitete uslijed pove\u0107anja broja satelita na zemaljskoj putanji dok oda\u0161ilje na frekvenciji. Elevacijski radijus (0\u00b0\/90\u00b0) mo\u017ee garantirati prijemnu sposobnost signala \u010dak i na rubovima pokrivenosti. Upotpunjena multiswitch-om za instalacije do 16 TV izlaza. Laka instalacija, dolazi s 4&#215;10 metara koaksijalnih kabela, produ\u017eetkom antene i kontrolnom jedinicom.<br \/>Saturn 4 &#8220;NEO&#8221; je napredna FULL-HD \/ 4K satelitska TV antena, koja ima 47 cm posudu koja mo\u017ee istovremeno podupirati do 16 televizora. Kao i sve Glomex &#8220;NEO&#8221; satelitske TV antene, Saturn 4 je opremljen visoko u\u010dinkovitim sustavom zaklju\u010davanja satelita, koji osigurava pouzdane performanse \u010dak iu izazovnim morskim uvjetima. Ovo je omogu\u0107eno moderniziranom elektronikom i mehanikom, uklju\u010duju\u0107i sna\u017eniji procesor, br\u017ei upravlja\u010d i pobolj\u0161anu izdr\u017eljivost.<br \/>Uz to, nova elektronika je dizajnirana da tiho radi tijekom faza pretra\u017eivanja i pra\u0107enja satelita. Uvo\u0111enje suvremenog GPS sustava omogu\u0107ava &#8220;NEO&#8221; antenama da zadr\u017ee prethodne navigacijske pozicije, \u010dime pobolj\u0161ava prijem signala, posebno na rubovima podru\u010dja pokrivenosti.<br \/>Upravljanje Saturn 4 &#8220;NEO&#8221; olak\u0161ano je kroz besplatnu Glomex SAT TV aplikaciju, koja je dostupna za iOS i Android ure\u0111aje. Preuzimanjem aplikacije, korisnici mogu lako kontrolirati &#8220;NEO&#8221; satelitske TV antene putem Bluetooth\u00ae putem svog pametnog telefona ili tableta. Aplikacija omogu\u0107uje:<\/p>\n<ul>\n<li>A\u017euriranje popisa satelita<\/li>\n<li>A\u017euriranje firmvera antene<\/li>\n<li>Odabir i prebacivanje izme\u0111u satelita<\/li>\n<li>Slanje operativnih parametara tehni\u010dkoj podr\u0161ci, ako je potrebno<\/li>\n<\/ul>\n<p><strong>Isporu\u010deni dodaci:<\/strong><\/p>\n<ul>\n<li>Kontrolna jedinica (12\/24V)<\/li>\n<li>10m (33`) koaksijalni kabel<\/li>\n<li>1.5m (5`) koaksijalni kabel<\/li>\n<li>Visokotla\u010dna sinteti\u010dka gumena brtva<\/li>\n<\/ul>\n<p><strong>Tehni\u010dke specifikacije:<\/strong><\/p>\n<ul>\n<li>Tehnologija: DVB-S2 4K FULL HD<\/li>\n<li>Promjer posude: 470 mm (18\u201d)<\/li>\n<li>Dimenzije radoma: 500 x 560 mm (20 x 22\u201d)<\/li>\n<li>LNB: Univerzalni jednostruki<\/li>\n<li>Kompatibilnost aplikacije: Da<\/li>\n<li>Koaksijalni kabel: 4<\/li>\n<li>Izlaz prijemnika: 1\/16<\/li>\n<li>Te\u017eina: 13 kg (28,5 lb)<\/li>\n<li>Brzina pra\u0107enja: 50\u00b0 po sekundi<\/li>\n<li>Poja\u010danje: 35 dB (12 GHz)<\/li>\n<li>Skew: Ru\u010dni<\/li>\n<li>Vrsta posude: Prime Focus + HPD<\/li>\n<li>Polarizacija: Linearna (H + V)<\/li>\n<li>Frekvencijski raspon LNB: 10.7 \u2013 12.75 GHz<\/li>\n<li>Vrsta radoma: U.V. otporan<\/li>\n<li>Napajanje: 12 Vdc<\/li>\n<li>Temperature radnog raspona: -20\u00b0 do +55\u00b0<\/li>\n<li>Azimut: Neograni\u010deno<\/li>\n<li>Elevation: 0\u00b0 \/ 90\u00b0<\/li>\n<li>Vrsta stabilizacije: Giroskop na 2 osi + 3\u00b0 os interpolacijom<\/li>\n<li>Identifikacija satelita: NIT (Network Information Table)<\/li>\n<li>Minimalni EIRP: 49 dBW<\/li>\n<li>Spremno za budu\u0107e nadogradnje: Da<\/li>\n<li>Kontrolna jedinica: Neograni\u010deno<\/li>\n<\/ul>\n<p>Ovaj sveobuhvatan pregled Saturn 4 &#8220;NEO&#8221; osigurava da vlasnici plovila mogu donijeti informirane odluke kada tra\u017ee pouzdana i visokokvalitetna rje\u0161enja za satelitsku TV za svoja plovila.<\/p>\n","protected":false},"excerpt":{"rendered":"<p>Antena Tv-sat Glomex SATURN 4 V9104N NEO &#8211; Gyro-stabilizirana satelitska antena Glomex Saturn 4 za full-HD DVB-S2 4K TV signale.<\/p>\n","protected":false},"featured_media":5943586,"comment_status":"open","ping_status":"closed","template":"","meta":[],"product_brand":[2981],"product_cat":[1754],"product_tag":[],"class_list":{"0":"post-742216","1":"product","2":"type-product","3":"status-publish","4":"has-post-thumbnail","6":"product_brand-glomex-hr","7":"product_cat-tv-antene","9":"first","10":"instock","11":"shipping-taxable","12":"purchasable","13":"product-type-simple"},"_links":{"self":[{"href":"https:\/\/stoic-curie.212-227-153-4.plesk.page\/hr\/wp-json\/wp\/v2\/product\/742216","targetHints":{"allow":["GET"]}}],"collection":[{"href":"https:\/\/stoic-curie.212-227-153-4.plesk.page\/hr\/wp-json\/wp\/v2\/product"}],"about":[{"href":"https:\/\/stoic-curie.212-227-153-4.plesk.page\/hr\/wp-json\/wp\/v2\/types\/product"}],"replies":[{"embeddable":true,"href":"https:\/\/stoic-curie.212-227-153-4.plesk.page\/hr\/wp-json\/wp\/v2\/comments?post=742216"}],"version-history":[{"count":0,"href":"https:\/\/stoic-curie.212-227-153-4.plesk.page\/hr\/wp-json\/wp\/v2\/product\/742216\/revisions"}],"wp:featuredmedia":[{"embeddable":true,"href":"https:\/\/stoic-curie.212-227-153-4.plesk.page\/hr\/wp-json\/wp\/v2\/media\/5943586"}],"wp:attachment":[{"href":"https:\/\/stoic-curie.212-227-153-4.plesk.page\/hr\/wp-json\/wp\/v2\/media?parent=742216"}],"wp:term":[{"taxonomy":"product_brand","embeddable":true,"href":"https:\/\/stoic-curie.212-227-153-4.plesk.page\/hr\/wp-json\/wp\/v2\/product_brand?post=742216"},{"taxonomy":"product_cat","embeddable":true,"href":"https:\/\/stoic-curie.212-227-153-4.plesk.page\/hr\/wp-json\/wp\/v2\/product_cat?post=742216"},{"taxonomy":"product_tag","embeddable":true,"href":"https:\/\/stoic-curie.212-227-153-4.plesk.page\/hr\/wp-json\/wp\/v2\/product_tag?post=742216"}],"curies":[{"name":"wp","href":"https:\/\/api.w.org\/{rel}","templated":true}]}}