{"id":742217,"date":"2025-03-03T18:19:19","date_gmt":"2025-03-03T17:19:19","guid":{"rendered":"https:\/\/stoic-curie.212-227-153-4.plesk.page\/producto\/antena-tv-radio-fm-glomex-avior\/"},"modified":"2026-02-25T00:00:59","modified_gmt":"2026-02-25T00:00:59","slug":"antena-tv-radio-fm-glomex-avior","status":"publish","type":"product","link":"https:\/\/stoic-curie.212-227-153-4.plesk.page\/hr\/product\/antena-tv-radio-fm-glomex-avior\/","title":{"rendered":"Antena TV Radio &#8211; FM Glomex Avior"},"content":{"rendered":"<p>Antena TV Radio &#8211; FM Glomex Avior &#8211; <\/p>\n<p>Omnidirekcijska TV\/RadioFM Glomex antena za analognu\/digitalnu TV i radio. Novi visokou\u010dinkoviti poja\u010dava\u010d omogu\u0107ava pove\u0107anje dobitka i primanje vertikalno i horizontalno polariziranih TV signala iz vi\u0161e smjerova istovremeno. Unutarnji poja\u010dava\u010d je povezan na napajanje s 2 neovisna izlaza za TV i radio (V9114PI-FM) i omogu\u0107uje prijem TV i FM frekvencija s jednom antenom. Mo\u017ee se instalirati na jedrilicama ili motornih brodovima i mo\u017ee se spojiti na VHF RA121 antenu s istim dimenzijama. Opremljena 10 metara koaksijalnog kabela.<\/p>\n","protected":false},"excerpt":{"rendered":"<p>Antena TV Radio &#8211; FM Glomex Avior &#8211; Omnidirekcijska TV\/RadioFM Glomex antena za analognu\/digitalnu TV i radio. Novi visokou\u010dinkoviti poja\u010dava\u010d<\/p>\n","protected":false},"featured_media":5943592,"comment_status":"open","ping_status":"closed","template":"","meta":[],"product_brand":[2981],"product_cat":[1733,1754],"product_tag":[],"class_list":{"0":"post-742217","1":"product","2":"type-product","3":"status-publish","4":"has-post-thumbnail","6":"product_brand-glomex-hr","7":"product_cat-stereo-i-zvucnici","8":"product_cat-tv-antene","10":"first","11":"instock","12":"shipping-taxable","13":"purchasable","14":"product-type-simple"},"_links":{"self":[{"href":"https:\/\/stoic-curie.212-227-153-4.plesk.page\/hr\/wp-json\/wp\/v2\/product\/742217","targetHints":{"allow":["GET"]}}],"collection":[{"href":"https:\/\/stoic-curie.212-227-153-4.plesk.page\/hr\/wp-json\/wp\/v2\/product"}],"about":[{"href":"https:\/\/stoic-curie.212-227-153-4.plesk.page\/hr\/wp-json\/wp\/v2\/types\/product"}],"replies":[{"embeddable":true,"href":"https:\/\/stoic-curie.212-227-153-4.plesk.page\/hr\/wp-json\/wp\/v2\/comments?post=742217"}],"version-history":[{"count":0,"href":"https:\/\/stoic-curie.212-227-153-4.plesk.page\/hr\/wp-json\/wp\/v2\/product\/742217\/revisions"}],"wp:featuredmedia":[{"embeddable":true,"href":"https:\/\/stoic-curie.212-227-153-4.plesk.page\/hr\/wp-json\/wp\/v2\/media\/5943592"}],"wp:attachment":[{"href":"https:\/\/stoic-curie.212-227-153-4.plesk.page\/hr\/wp-json\/wp\/v2\/media?parent=742217"}],"wp:term":[{"taxonomy":"product_brand","embeddable":true,"href":"https:\/\/stoic-curie.212-227-153-4.plesk.page\/hr\/wp-json\/wp\/v2\/product_brand?post=742217"},{"taxonomy":"product_cat","embeddable":true,"href":"https:\/\/stoic-curie.212-227-153-4.plesk.page\/hr\/wp-json\/wp\/v2\/product_cat?post=742217"},{"taxonomy":"product_tag","embeddable":true,"href":"https:\/\/stoic-curie.212-227-153-4.plesk.page\/hr\/wp-json\/wp\/v2\/product_tag?post=742217"}],"curies":[{"name":"wp","href":"https:\/\/api.w.org\/{rel}","templated":true}]}}