{"id":742221,"date":"2025-03-03T18:19:20","date_gmt":"2025-03-03T17:19:20","guid":{"rendered":"https:\/\/stoic-curie.212-227-153-4.plesk.page\/producto\/star-brite-non-skid-decks-cistac-palube-380-lt\/"},"modified":"2026-02-25T00:00:59","modified_gmt":"2026-02-25T00:00:59","slug":"star-brite-non-skid-decks-cistac-palube-380-lt","status":"publish","type":"product","link":"https:\/\/stoic-curie.212-227-153-4.plesk.page\/hr\/product\/star-brite-non-skid-decks-cistac-palube-380-lt\/","title":{"rendered":"Star Brite &#8220;Non Skid Decks&#8221; \u010dista\u010d palube 3,80 Lt"},"content":{"rendered":"<p>Star Brite &#8220;Non Skid Decks&#8221; \u010dista\u010d palube 3,80 Lt &#8211; \u2022 Nevjerojatan neklizaju\u0107i \u010dista\u010d za metale, stakloplastiku i obojene povr\u0161ine<br \/>\n\u2022 Uklanja uo\u010den prljav\u0161tinu i mrlje<br \/>\n\u2022 Ostavlja za\u0161titni sloj kako bi odbio prljav\u0161tinu i mrlje<br \/>\n\u2022 Nema potrebe za jakim trljanjem<br \/>\n\u2022 Ne uklanja vosak ni sjajilo<\/p>\n","protected":false},"excerpt":{"rendered":"<p>Star Brite &#8220;Non Skid Decks&#8221; \u010dista\u010d palube 3,80 Lt &#8211; \u2022 Nevjerojatan neklizaju\u0107i \u010dista\u010d za metale, stakloplastiku i obojene povr\u0161ine<\/p>\n","protected":false},"featured_media":5943598,"comment_status":"open","ping_status":"closed","template":"","meta":[],"product_brand":[3436],"product_cat":[1628],"product_tag":[],"class_list":{"0":"post-742221","1":"product","2":"type-product","3":"status-publish","4":"has-post-thumbnail","6":"product_brand-starbrite-hr","7":"product_cat-proizvodi-za-ciscenje","9":"first","10":"instock","11":"shipping-taxable","12":"purchasable","13":"product-type-simple"},"_links":{"self":[{"href":"https:\/\/stoic-curie.212-227-153-4.plesk.page\/hr\/wp-json\/wp\/v2\/product\/742221","targetHints":{"allow":["GET"]}}],"collection":[{"href":"https:\/\/stoic-curie.212-227-153-4.plesk.page\/hr\/wp-json\/wp\/v2\/product"}],"about":[{"href":"https:\/\/stoic-curie.212-227-153-4.plesk.page\/hr\/wp-json\/wp\/v2\/types\/product"}],"replies":[{"embeddable":true,"href":"https:\/\/stoic-curie.212-227-153-4.plesk.page\/hr\/wp-json\/wp\/v2\/comments?post=742221"}],"version-history":[{"count":0,"href":"https:\/\/stoic-curie.212-227-153-4.plesk.page\/hr\/wp-json\/wp\/v2\/product\/742221\/revisions"}],"wp:featuredmedia":[{"embeddable":true,"href":"https:\/\/stoic-curie.212-227-153-4.plesk.page\/hr\/wp-json\/wp\/v2\/media\/5943598"}],"wp:attachment":[{"href":"https:\/\/stoic-curie.212-227-153-4.plesk.page\/hr\/wp-json\/wp\/v2\/media?parent=742221"}],"wp:term":[{"taxonomy":"product_brand","embeddable":true,"href":"https:\/\/stoic-curie.212-227-153-4.plesk.page\/hr\/wp-json\/wp\/v2\/product_brand?post=742221"},{"taxonomy":"product_cat","embeddable":true,"href":"https:\/\/stoic-curie.212-227-153-4.plesk.page\/hr\/wp-json\/wp\/v2\/product_cat?post=742221"},{"taxonomy":"product_tag","embeddable":true,"href":"https:\/\/stoic-curie.212-227-153-4.plesk.page\/hr\/wp-json\/wp\/v2\/product_tag?post=742221"}],"curies":[{"name":"wp","href":"https:\/\/api.w.org\/{rel}","templated":true}]}}