{"id":742227,"date":"2025-03-03T18:19:21","date_gmt":"2025-03-03T17:19:21","guid":{"rendered":"https:\/\/stoic-curie.212-227-153-4.plesk.page\/producto\/bowman-ec100-3248-2-rashladnik-hidraulickog-ulja\/"},"modified":"2026-02-25T00:00:59","modified_gmt":"2026-02-25T00:00:59","slug":"bowman-ec100-3248-2-rashladnik-hidraulickog-ulja","status":"publish","type":"product","link":"https:\/\/stoic-curie.212-227-153-4.plesk.page\/hr\/product\/bowman-ec100-3248-2-rashladnik-hidraulickog-ulja\/","title":{"rendered":"Bowman EC100-3248-2, rashladnik hidrauli\u010dkog ulja"},"content":{"rendered":"<p>Bowman EC100-3248-2, rashladnik hidrauli\u010dkog ulja &#8211; <\/p>\n<p>Bowman EC hladnjaci ulja pa\u017eljivo su dizajnirani i in\u017eenjerski izra\u0111eni za izvrsnost u aplikacijama koje uklju\u010duju prijenos, sustave podmazivanja i razne vrste fluida za prijenos topline. Ovi visokou\u010dinkoviti hladnjaci imaju napredne cijevi od niklovog legura, koje su posebno odabrane zbog svoje izuzetne otpornosti na koroziju, osiguravaju\u0107i dugovje\u010dnost i pouzdanost u zahtjevnim okru\u017eenjima. Dodatno, hladnjaci su opremljeni robusnim bron\u010danim zavr\u0161nim \u010depovima koji pobolj\u0161avaju njihovu izdr\u017eljivost. Mogu podnijeti maksimalni tlak ulja od 20 bara i maksimalni tlak vode od 16 bara, \u0161to ih \u010dini pogodnima za razne industrijske primjene. \u0160tovi\u0161e, ovi hladnjaci mogu izdr\u017eati temperature do 120\u00b0C, \u0161to ih \u010dini idealnim izborom za visokotemperaturne operacije gdje su u\u010dinkovitost i performanse kriti\u010dni.<\/p>\n","protected":false},"excerpt":{"rendered":"<p>Bowman EC100-3248-2, rashladnik hidrauli\u010dkog ulja &#8211; Bowman EC hladnjaci ulja pa\u017eljivo su dizajnirani i in\u017eenjerski izra\u0111eni za izvrsnost u aplikacijama<\/p>\n","protected":false},"featured_media":5943603,"comment_status":"open","ping_status":"closed","template":"","meta":[],"product_brand":[2846],"product_cat":[1790],"product_tag":[],"class_list":{"0":"post-742227","1":"product","2":"type-product","3":"status-publish","4":"has-post-thumbnail","6":"product_brand-bowman-hr","7":"product_cat-izmjenjivaci-topline-i-uljni-hladnjaci","9":"first","10":"instock","11":"shipping-taxable","12":"purchasable","13":"product-type-simple"},"_links":{"self":[{"href":"https:\/\/stoic-curie.212-227-153-4.plesk.page\/hr\/wp-json\/wp\/v2\/product\/742227","targetHints":{"allow":["GET"]}}],"collection":[{"href":"https:\/\/stoic-curie.212-227-153-4.plesk.page\/hr\/wp-json\/wp\/v2\/product"}],"about":[{"href":"https:\/\/stoic-curie.212-227-153-4.plesk.page\/hr\/wp-json\/wp\/v2\/types\/product"}],"replies":[{"embeddable":true,"href":"https:\/\/stoic-curie.212-227-153-4.plesk.page\/hr\/wp-json\/wp\/v2\/comments?post=742227"}],"version-history":[{"count":0,"href":"https:\/\/stoic-curie.212-227-153-4.plesk.page\/hr\/wp-json\/wp\/v2\/product\/742227\/revisions"}],"wp:featuredmedia":[{"embeddable":true,"href":"https:\/\/stoic-curie.212-227-153-4.plesk.page\/hr\/wp-json\/wp\/v2\/media\/5943603"}],"wp:attachment":[{"href":"https:\/\/stoic-curie.212-227-153-4.plesk.page\/hr\/wp-json\/wp\/v2\/media?parent=742227"}],"wp:term":[{"taxonomy":"product_brand","embeddable":true,"href":"https:\/\/stoic-curie.212-227-153-4.plesk.page\/hr\/wp-json\/wp\/v2\/product_brand?post=742227"},{"taxonomy":"product_cat","embeddable":true,"href":"https:\/\/stoic-curie.212-227-153-4.plesk.page\/hr\/wp-json\/wp\/v2\/product_cat?post=742227"},{"taxonomy":"product_tag","embeddable":true,"href":"https:\/\/stoic-curie.212-227-153-4.plesk.page\/hr\/wp-json\/wp\/v2\/product_tag?post=742227"}],"curies":[{"name":"wp","href":"https:\/\/api.w.org\/{rel}","templated":true}]}}