{"id":742228,"date":"2025-03-03T18:19:21","date_gmt":"2025-03-03T17:19:21","guid":{"rendered":"https:\/\/stoic-curie.212-227-153-4.plesk.page\/producto\/bowman-ec100-3249-2-rashladnik-hidraulickog-ulja\/"},"modified":"2026-02-25T00:00:59","modified_gmt":"2026-02-25T00:00:59","slug":"bowman-ec100-3249-2-rashladnik-hidraulickog-ulja","status":"publish","type":"product","link":"https:\/\/stoic-curie.212-227-153-4.plesk.page\/hr\/product\/bowman-ec100-3249-2-rashladnik-hidraulickog-ulja\/","title":{"rendered":"Bowman EC100-3249-2, rashladnik hidrauli\u010dkog ulja"},"content":{"rendered":"<p>Bowman EC100-3249-2, rashladnik hidrauli\u010dkog ulja &#8211; <\/p>\n<p>Bowman EC hladnjaci ulja pa\u017eljivo su projektirani za primjenu s prijenosima, podmaziva\u010dkim sustavima i nizom medija za prijenos topline. Ovi hladnjaci su izra\u0111eni od korozivno otpornog cijevi od nikla, \u0161to jam\u010di izdr\u017eljivost i dugovje\u010dnost, uz robusne bron\u010dane \u010depove koji pobolj\u0161avaju pouzdanost. Sposobni su izdr\u017eati maksimalni tlak ulja od 20 bara i maksimalni tlak vode od 16 bara, te su idealni za zahtjevne primjene. Osim toga, dizajnirani su za rad u\u010dinkovito pri temperaturama do 120 \u00b0C, \u0161to osigurava optimalne performanse u razli\u010ditim uvjetima.<\/p>\n","protected":false},"excerpt":{"rendered":"<p>Bowman EC100-3249-2, rashladnik hidrauli\u010dkog ulja &#8211; Bowman EC hladnjaci ulja pa\u017eljivo su projektirani za primjenu s prijenosima, podmaziva\u010dkim sustavima i<\/p>\n","protected":false},"featured_media":5943603,"comment_status":"open","ping_status":"closed","template":"","meta":[],"product_brand":[2846],"product_cat":[1790],"product_tag":[],"class_list":{"0":"post-742228","1":"product","2":"type-product","3":"status-publish","4":"has-post-thumbnail","6":"product_brand-bowman-hr","7":"product_cat-izmjenjivaci-topline-i-uljni-hladnjaci","9":"first","10":"instock","11":"shipping-taxable","12":"purchasable","13":"product-type-simple"},"_links":{"self":[{"href":"https:\/\/stoic-curie.212-227-153-4.plesk.page\/hr\/wp-json\/wp\/v2\/product\/742228","targetHints":{"allow":["GET"]}}],"collection":[{"href":"https:\/\/stoic-curie.212-227-153-4.plesk.page\/hr\/wp-json\/wp\/v2\/product"}],"about":[{"href":"https:\/\/stoic-curie.212-227-153-4.plesk.page\/hr\/wp-json\/wp\/v2\/types\/product"}],"replies":[{"embeddable":true,"href":"https:\/\/stoic-curie.212-227-153-4.plesk.page\/hr\/wp-json\/wp\/v2\/comments?post=742228"}],"version-history":[{"count":0,"href":"https:\/\/stoic-curie.212-227-153-4.plesk.page\/hr\/wp-json\/wp\/v2\/product\/742228\/revisions"}],"wp:featuredmedia":[{"embeddable":true,"href":"https:\/\/stoic-curie.212-227-153-4.plesk.page\/hr\/wp-json\/wp\/v2\/media\/5943603"}],"wp:attachment":[{"href":"https:\/\/stoic-curie.212-227-153-4.plesk.page\/hr\/wp-json\/wp\/v2\/media?parent=742228"}],"wp:term":[{"taxonomy":"product_brand","embeddable":true,"href":"https:\/\/stoic-curie.212-227-153-4.plesk.page\/hr\/wp-json\/wp\/v2\/product_brand?post=742228"},{"taxonomy":"product_cat","embeddable":true,"href":"https:\/\/stoic-curie.212-227-153-4.plesk.page\/hr\/wp-json\/wp\/v2\/product_cat?post=742228"},{"taxonomy":"product_tag","embeddable":true,"href":"https:\/\/stoic-curie.212-227-153-4.plesk.page\/hr\/wp-json\/wp\/v2\/product_tag?post=742228"}],"curies":[{"name":"wp","href":"https:\/\/api.w.org\/{rel}","templated":true}]}}