{"id":742232,"date":"2025-03-03T18:19:22","date_gmt":"2025-03-03T17:19:22","guid":{"rendered":"https:\/\/stoic-curie.212-227-153-4.plesk.page\/producto\/bowman-ec80-1069-1-rashladnik-hidraulickog-ulja\/"},"modified":"2026-02-25T00:00:59","modified_gmt":"2026-02-25T00:00:59","slug":"bowman-ec80-1069-1-rashladnik-hidraulickog-ulja","status":"publish","type":"product","link":"https:\/\/stoic-curie.212-227-153-4.plesk.page\/hr\/product\/bowman-ec80-1069-1-rashladnik-hidraulickog-ulja\/","title":{"rendered":"Bowman EC80-1069-1 45mm, rashladnik hidrauli\u010dkog ulja"},"content":{"rendered":"<p>Bowman EC80-1069-1 45mm, rashladnik hidrauli\u010dkog ulja &#8211; <\/p>\n<p>EC serija Bowman tubularnog rashladnika ulja dizajnirana je za efikasno smanjenje temperatura motornog ulja. Ima BSP \u017eenski spoj s navojem za uljni cijev i ravne zavr\u0161ne kapice za sirovu vodu. Cijevna konstrukcija je izra\u0111ena od robusne bakreno-nikl legure, dok su zavr\u0161ne kapice napravljene od visokokvalitetnog pomorskog mesinga.<\/p>\n<p><strong>Primjene:<\/strong><\/p>\n<ul>\n<li>BMC Leyland 4\/98 (3.81)<\/li>\n<li>Ford modeli 2711, 2712E, 2722<\/li>\n<li>BSD329, BSD332, BSD333 i BSD333H<\/li>\n<li>General Motors 220<\/li>\n<li>New Holland Genesis 450<\/li>\n<li>Perkins 4236<\/li>\n<\/ul>\n<p><strong>Specifikacije:<\/strong><\/p>\n<ul>\n<li><strong>Du\u017eina:<\/strong> 200 mm<\/li>\n<li><strong>Materijal:<\/strong> Cijevna konstrukcija od bakreno-nikl legure s zavr\u0161nim kapicama od pomorskog mesinga<\/li>\n<li><strong>Marka:<\/strong> Bowman<\/li>\n<li><strong>Kompatibilan s:<\/strong> BMC, Ford, New Holland Genesis, Perkins, Thornycroft<\/li>\n<li><strong>Dr\u017eava podrijetla:<\/strong> Ujedinjeno Kraljevstvo<\/li>\n<li><strong>Povezivanje:<\/strong> Ulje: 1\/2&#8243; BSP \u017eenski; Sirova voda: ravne pomorske mesne kapice za crijevo ID 45 mm<\/li>\n<li><strong>Promjer:<\/strong> Vanjski promjer: 100 mm<\/li>\n<li><strong>Maksimalna snaga:<\/strong> 80 HP (60 kW)<\/li>\n<li><strong>Model:<\/strong> EC80<\/li>\n<\/ul>\n","protected":false},"excerpt":{"rendered":"<p>Bowman EC80-1069-1 45mm, rashladnik hidrauli\u010dkog ulja &#8211; EC serija Bowman tubularnog rashladnika ulja dizajnirana je za efikasno smanjenje temperatura motornog<\/p>\n","protected":false},"featured_media":5943605,"comment_status":"open","ping_status":"closed","template":"","meta":[],"product_brand":[2846],"product_cat":[1790],"product_tag":[],"class_list":{"0":"post-742232","1":"product","2":"type-product","3":"status-publish","4":"has-post-thumbnail","6":"product_brand-bowman-hr","7":"product_cat-izmjenjivaci-topline-i-uljni-hladnjaci","9":"first","10":"instock","11":"shipping-taxable","12":"purchasable","13":"product-type-simple"},"_links":{"self":[{"href":"https:\/\/stoic-curie.212-227-153-4.plesk.page\/hr\/wp-json\/wp\/v2\/product\/742232","targetHints":{"allow":["GET"]}}],"collection":[{"href":"https:\/\/stoic-curie.212-227-153-4.plesk.page\/hr\/wp-json\/wp\/v2\/product"}],"about":[{"href":"https:\/\/stoic-curie.212-227-153-4.plesk.page\/hr\/wp-json\/wp\/v2\/types\/product"}],"replies":[{"embeddable":true,"href":"https:\/\/stoic-curie.212-227-153-4.plesk.page\/hr\/wp-json\/wp\/v2\/comments?post=742232"}],"version-history":[{"count":0,"href":"https:\/\/stoic-curie.212-227-153-4.plesk.page\/hr\/wp-json\/wp\/v2\/product\/742232\/revisions"}],"wp:featuredmedia":[{"embeddable":true,"href":"https:\/\/stoic-curie.212-227-153-4.plesk.page\/hr\/wp-json\/wp\/v2\/media\/5943605"}],"wp:attachment":[{"href":"https:\/\/stoic-curie.212-227-153-4.plesk.page\/hr\/wp-json\/wp\/v2\/media?parent=742232"}],"wp:term":[{"taxonomy":"product_brand","embeddable":true,"href":"https:\/\/stoic-curie.212-227-153-4.plesk.page\/hr\/wp-json\/wp\/v2\/product_brand?post=742232"},{"taxonomy":"product_cat","embeddable":true,"href":"https:\/\/stoic-curie.212-227-153-4.plesk.page\/hr\/wp-json\/wp\/v2\/product_cat?post=742232"},{"taxonomy":"product_tag","embeddable":true,"href":"https:\/\/stoic-curie.212-227-153-4.plesk.page\/hr\/wp-json\/wp\/v2\/product_tag?post=742232"}],"curies":[{"name":"wp","href":"https:\/\/api.w.org\/{rel}","templated":true}]}}