{"id":742237,"date":"2025-03-03T18:19:23","date_gmt":"2025-03-03T17:19:23","guid":{"rendered":"https:\/\/stoic-curie.212-227-153-4.plesk.page\/producto\/mz-radio-panel-gore-dolje-lancani-brojac-12-24v\/"},"modified":"2026-02-25T00:00:59","modified_gmt":"2026-02-25T00:00:59","slug":"mz-radio-panel-gore-dolje-lancani-brojac-12-24v","status":"publish","type":"product","link":"https:\/\/stoic-curie.212-227-153-4.plesk.page\/hr\/product\/mz-radio-panel-gore-dolje-lancani-brojac-12-24v\/","title":{"rendered":"MZ Radio Panel gore-dolje, lan\u010dani broja\u010d 12\/24V"},"content":{"rendered":"<p>MZ Radio Panel gore-dolje, lan\u010dani broja\u010d 12\/24V &#8211; <\/p>\n<p>Plo\u010da brojila lanaca za radio upravlja\u010dki vitlo, broji duljinu pu\u0161tenog lanca bez vezivanja kablova, osiguravaju\u0107i potpunu slobodu manevara tijekom operacija vezivanja. Lako se montira s jednostavnom vezom na bateriju. Ku\u0107i\u0161te za\u0161ti\u0107eno IP56. Dimenzije 100 x 100 x 18 mm.<\/p>\n","protected":false},"excerpt":{"rendered":"<p>MZ Radio Panel gore-dolje, lan\u010dani broja\u010d 12\/24V &#8211; Plo\u010da brojila lanaca za radio upravlja\u010dki vitlo, broji duljinu pu\u0161tenog lanca bez<\/p>\n","protected":false},"featured_media":5940846,"comment_status":"open","ping_status":"closed","template":"","meta":[],"product_brand":[3161],"product_cat":[1611],"product_tag":[],"class_list":{"0":"post-742237","1":"product","2":"type-product","3":"status-publish","4":"has-post-thumbnail","6":"product_brand-mz-electronic-hr","7":"product_cat-vitla-quick","9":"first","10":"instock","11":"shipping-taxable","12":"purchasable","13":"product-type-simple"},"_links":{"self":[{"href":"https:\/\/stoic-curie.212-227-153-4.plesk.page\/hr\/wp-json\/wp\/v2\/product\/742237","targetHints":{"allow":["GET"]}}],"collection":[{"href":"https:\/\/stoic-curie.212-227-153-4.plesk.page\/hr\/wp-json\/wp\/v2\/product"}],"about":[{"href":"https:\/\/stoic-curie.212-227-153-4.plesk.page\/hr\/wp-json\/wp\/v2\/types\/product"}],"replies":[{"embeddable":true,"href":"https:\/\/stoic-curie.212-227-153-4.plesk.page\/hr\/wp-json\/wp\/v2\/comments?post=742237"}],"version-history":[{"count":0,"href":"https:\/\/stoic-curie.212-227-153-4.plesk.page\/hr\/wp-json\/wp\/v2\/product\/742237\/revisions"}],"wp:featuredmedia":[{"embeddable":true,"href":"https:\/\/stoic-curie.212-227-153-4.plesk.page\/hr\/wp-json\/wp\/v2\/media\/5940846"}],"wp:attachment":[{"href":"https:\/\/stoic-curie.212-227-153-4.plesk.page\/hr\/wp-json\/wp\/v2\/media?parent=742237"}],"wp:term":[{"taxonomy":"product_brand","embeddable":true,"href":"https:\/\/stoic-curie.212-227-153-4.plesk.page\/hr\/wp-json\/wp\/v2\/product_brand?post=742237"},{"taxonomy":"product_cat","embeddable":true,"href":"https:\/\/stoic-curie.212-227-153-4.plesk.page\/hr\/wp-json\/wp\/v2\/product_cat?post=742237"},{"taxonomy":"product_tag","embeddable":true,"href":"https:\/\/stoic-curie.212-227-153-4.plesk.page\/hr\/wp-json\/wp\/v2\/product_tag?post=742237"}],"curies":[{"name":"wp","href":"https:\/\/api.w.org\/{rel}","templated":true}]}}