{"id":742240,"date":"2025-03-03T18:19:24","date_gmt":"2025-03-03T17:19:24","guid":{"rendered":"https:\/\/stoic-curie.212-227-153-4.plesk.page\/producto\/paguro-6000-brodskii-generator-5kw\/"},"modified":"2026-02-25T00:00:59","modified_gmt":"2026-02-25T00:00:59","slug":"paguro-6000-brodskii-generator-5kw","status":"publish","type":"product","link":"https:\/\/stoic-curie.212-227-153-4.plesk.page\/hr\/product\/paguro-6000-brodskii-generator-5kw\/","title":{"rendered":"Paguro 6000 brodskii generator 5kw"},"content":{"rendered":"<p>Paguro 6000 brodskii generator 5kw &#8211; VTE Paguro 6000 morski generator je izvanredan in\u017eenjerski proizvod, pokretan robusnim Lombardini motorom s 2 cilindra. Ovaj generator predstavlja idealnu ravnote\u017eu izme\u0111u visokog izlaza snage, kompaktnog dizajna i izuzetno tihog rada, \u0161to ga \u010dini odli\u010dnim izborom za vlasnike brodova koji tra\u017ee pouzdanost i u\u010dinkovitost. Svaka jedinica je pa\u017eljivo proizvedena od visokokvalitetnih materijala od strane vje\u0161tih tehni\u010dara, jam\u010de\u0107i da ispunjava najvi\u0161e standarde izdr\u017eljivosti i pouzdanosti. Ono \u0161to je posebno va\u017eno, svi dijelovi koji dolaze u kontakt s morskom vodom su izra\u0111eni od AISI 316 L nehr\u0111aju\u0107eg \u010delika, koji pru\u017ea iznimnu otpornost na koroziju, \u0161to je klju\u010dna karakteristika za morska okru\u017eenja gdje je izlo\u017eenost slanoj vodi neizbje\u017ena. Standardno jamstvo za VTE Paguro 6000 je dvije godine od datuma kupnje, \u0161to kupcima pru\u017ea mir. Osim toga, dostupna je opcija od 50 Hz za one kojima je potrebna. Generator dolazi s digitalnim daljinskim upravlja\u010dem, 15 metara dugim kablom i za\u0161titom od zvuka, \u0161to pobolj\u0161ava njegovu upotrebljivost i udobnost. VOLPI TECNO ENERGIA (VTE) je uspostavio svoje morski generator set kao mjerilo na tr\u017ei\u0161tu, zahvaljuju\u0107i njihovoj optimalnoj izvedbi, niskim razinama buke i kompaktnom dizajnu, \u0161to ih \u010dini omiljenim izborom me\u0111u ljubiteljima brodova. PAGURO serija je opse\u017ena i pokriva razne potrebe za snagom i performansama za jahte i motorne brodove. Ova svestranost osigurava da bez obzira jeste li povremeni brodamski entuzijast ili ozbiljan moreplovac, postoji Paguro generator koji mo\u017ee zadovoljiti va\u0161e specifi\u010dne zahtjeve. Jedna od istaknutih karakteristika VTE Paguro 6000 je njegov izuzetno tih rad. I motor i alternator generatora Paguro su vodeno hla\u0111eni, \u0161to eliminira potrebu za strujanjem zraka kroz kapsulu radi hla\u0111enja. Ovaj inovativni dizajn zna\u010dajno smanjuje izlaz zvuka, omogu\u0107uju\u0107i mirnije iskustvo na brodu. Zrak za sagorijevanje ulazi kroz male otvore na podno\u017eju, koji su posebno dizajnirani da minimiziraju izlaz zvuka, osiguravaju\u0107i da generator radi tiho bez kompromitacije performansi. Zvu\u010dna kapsula izra\u0111ena je od vi\u0161eslojnog oja\u010danog staklenih vlakana, oblo\u017eena materijalom za upijanje zvuka visoke gusto\u0107e, \u0161to osigurava maksimalnu zvu\u010dnu izolaciju. Ova promi\u0161ljena dizajnerska odluka omogu\u0107ava vlasnicima brodova da u\u017eivaju u svom vremenu na vodi bez smetnji koje \u010desto prate tradicionalne generatore. Osim svog tihog rada, VTE Paguro 6000 ima dvostruki sustav za kontrolu vibracija koji pobolj\u0161ava ukupno korisni\u010dko iskustvo. Ovaj sustav uklju\u010duje \u010detiri meka nosa\u010da unutar kapsule i \u010detiri \u010dvrsta nosa\u010da motora izvana, u\u010dinkovito smanjuju\u0107i buku i vibracije u \u0161irokom rasponu frekvencija. To zna\u010di da ne samo da je generator tih, nego tako\u0111er radi glatko, minimaliziraju\u0107i sve smetnje koje bi mogle umanjiti va\u0161e u\u017eivanje na vodi. Svaki proizvod u Paguro seriji pa\u017eljivo je dizajniran i izra\u0111en, \u010desto koriste\u0107i prilago\u0111ene dijelove, kako bi se minimizirala veli\u010dina generatora, maksimiziraju\u0107i izlaz snage i minimiziraju\u0107i zvuk. S obzirom na ograni\u010den prostor na modernim brodovima, Paguro generator omogu\u0107ava ve\u0107em broju jahti nego ikada prije da iskoriste snagu generatora. Njegov kompaktni i lagani dizajn \u010dini ga idealnim izborom za vlasnike brodova koji su svjesni ograni\u010denja prostora i te\u017eine, osiguravaju\u0107i da mogu u\u017eivati u prednostima pouzdanog napajanja bez ugro\u017eavanja performansi ili upravljivosti svoje plovila. Sigurnost je od vitalnog zna\u010daja kada je u pitanju morska oprema, a svi Paguro generatori dolaze s osnovnim sigurnosnim zna\u010dajkama. One uklju\u010duju sustave za\u0161tite od pregrijavanja i niskog ulja, koji imaju automatsko isklju\u010divanje i svjetla indikacije kako bi upozorili korisnike na bilo kakve potencijalne probleme. Daljinski upravlja\u010dki panel uklju\u010duje jedinstveni LED monitor snage u stvarnom vremenu, omogu\u0107uju\u0107i vam da lako pratite svoju potro\u0161nju energije na prvi pogled. Ova zna\u010dajka je osobito korisna za vlasnike brodova koji trebaju u\u010dinkovito upravljati svojom potro\u0161njom energije dok su na vodi. Za dodatne detalje o VTE Paguro 6000, molimo pogledajte odjeljak s privitcima u nastavku, gdje \u0107ete prona\u0107i dodatnu dokumentaciju i specifikacije koje vam mogu pomo\u0107i u dono\u0161enju informirane odluke.<\/p>\n","protected":false},"excerpt":{"rendered":"<p>Paguro 6000 brodskii generator 5kw &#8211; VTE Paguro 6000 morski generator je izvanredan in\u017eenjerski proizvod, pokretan robusnim Lombardini motorom s<\/p>\n","protected":false},"featured_media":5943610,"comment_status":"open","ping_status":"closed","template":"","meta":[],"product_brand":[3241],"product_cat":[1728],"product_tag":[],"class_list":{"0":"post-742240","1":"product","2":"type-product","3":"status-publish","4":"has-post-thumbnail","6":"product_brand-paguro-hr","7":"product_cat-brodski-generatori","9":"first","10":"instock","11":"shipping-taxable","12":"purchasable","13":"product-type-simple"},"_links":{"self":[{"href":"https:\/\/stoic-curie.212-227-153-4.plesk.page\/hr\/wp-json\/wp\/v2\/product\/742240","targetHints":{"allow":["GET"]}}],"collection":[{"href":"https:\/\/stoic-curie.212-227-153-4.plesk.page\/hr\/wp-json\/wp\/v2\/product"}],"about":[{"href":"https:\/\/stoic-curie.212-227-153-4.plesk.page\/hr\/wp-json\/wp\/v2\/types\/product"}],"replies":[{"embeddable":true,"href":"https:\/\/stoic-curie.212-227-153-4.plesk.page\/hr\/wp-json\/wp\/v2\/comments?post=742240"}],"version-history":[{"count":0,"href":"https:\/\/stoic-curie.212-227-153-4.plesk.page\/hr\/wp-json\/wp\/v2\/product\/742240\/revisions"}],"wp:featuredmedia":[{"embeddable":true,"href":"https:\/\/stoic-curie.212-227-153-4.plesk.page\/hr\/wp-json\/wp\/v2\/media\/5943610"}],"wp:attachment":[{"href":"https:\/\/stoic-curie.212-227-153-4.plesk.page\/hr\/wp-json\/wp\/v2\/media?parent=742240"}],"wp:term":[{"taxonomy":"product_brand","embeddable":true,"href":"https:\/\/stoic-curie.212-227-153-4.plesk.page\/hr\/wp-json\/wp\/v2\/product_brand?post=742240"},{"taxonomy":"product_cat","embeddable":true,"href":"https:\/\/stoic-curie.212-227-153-4.plesk.page\/hr\/wp-json\/wp\/v2\/product_cat?post=742240"},{"taxonomy":"product_tag","embeddable":true,"href":"https:\/\/stoic-curie.212-227-153-4.plesk.page\/hr\/wp-json\/wp\/v2\/product_tag?post=742240"}],"curies":[{"name":"wp","href":"https:\/\/api.w.org\/{rel}","templated":true}]}}