{"id":742241,"date":"2025-03-03T18:19:24","date_gmt":"2025-03-03T17:19:24","guid":{"rendered":"https:\/\/stoic-curie.212-227-153-4.plesk.page\/producto\/paguro-9000-brodski-generator-8kw\/"},"modified":"2026-02-25T00:00:59","modified_gmt":"2026-02-25T00:00:59","slug":"paguro-9000-brodski-generator-8kw","status":"publish","type":"product","link":"https:\/\/stoic-curie.212-227-153-4.plesk.page\/hr\/product\/paguro-9000-brodski-generator-8kw\/","title":{"rendered":"Paguro 9000 brodski generator 8kw"},"content":{"rendered":"<p>Paguro 9000 brodski generator 8kw &#8211; <\/p>\n<p>Paguro generator, pokretan robusnim Yanmar dizelskim motorom, opremljen je vodom hla\u0111enim alternatorom koji se mo\u017ee pohvaliti i bez\u010detkarskom i sinkronom tehnologijom. Ovaj generator je iznimno pogodan za primjene koje zahtijevaju visoku struju pri pokretanju, \u0161to ga \u010dini pouzdanim izborom za razne pomorske okru\u017eenja. Konstruiran od morskih komponenti, generator jam\u010di otpornost na stresa morskog \u017eivota dok se nalazi u zvu\u010dno izoliranom ku\u0107i\u0161tu od stakloplastike. Ovaj dizajn ne samo da jam\u010di trajnost, ve\u0107 zna\u010dajno smanjuje razine buke, \u0161to je klju\u010dni faktor za one koji cijene mirno iskustvo plovidbe. Osim toga, ure\u0111aj dolazi s daljinskim kontrolnim panelom koji uklju\u010duje 15-metarsku \u017eicu, brojilo sati za pra\u0107enje kori\u0161tenja, automatsku funkciju hitnog isklju\u010divanja za sigurnost i postavke za smanjenje vibracija koje dodatno pobolj\u0161avaju njegovu operativnu stabilnost.<\/p>\n<p><strong>VTE PAGURO 9000 &#8211; 8,5 kW &#8211; (60 Hz) 3600 RPM Marinski Generator<\/strong><\/p>\n<p>VTE PAGURO 9000 isti\u010de se kao 8,5 kW marinski generator koji radi na 60 Hz, pokretan dvocilindri\u010dnim Lombardini motorom. Ovaj generator posti\u017ee optimalnu ravnote\u017eu izme\u0111u visoke snage, kompaktnosti i tihe rada, \u0161to ga \u010dini odli\u010dnim izborom za rekreativne i profesionalne morske primjene. Svaki Paguro generator pa\u017eljivo je izra\u0111en od visokokvalitetnih materijala od strane vje\u0161tih tehni\u010dara, jam\u010de\u0107i da svaka jedinica ispunjava najvi\u0161e standarde performansi i pouzdanosti. Va\u017eno je napomenuti da su svi dijelovi koji dolaze u kontakt s sirovom vodom izra\u0111eni od AISI 316 L nehr\u0111aju\u0107eg \u010delika koji se poznat po svojoj trajnosti i otpornosti na koroziju, \u0161to je kriti\u010dno u morskim okru\u017eenjima. Standardna garancija za VTE PAGURO 9000 iznosi dvije godine od datuma kupnje, pru\u017eaju\u0107i mir korisnicima. Uz to, dostupna je i verzija od 50 Hz za one kojima je potrebna. Generator je opremljen daljinskim digitalnim kontrolnim panelom, 15-metarskim (49 ft) kabelom i zvu\u010dnom izolacijom koja dodatno pobolj\u0161ava njegovu izvedbu smanjenjem razine buke.<\/p>\n","protected":false},"excerpt":{"rendered":"<p>Paguro 9000 brodski generator 8kw &#8211; Paguro generator, pokretan robusnim Yanmar dizelskim motorom, opremljen je vodom hla\u0111enim alternatorom koji se<\/p>\n","protected":false},"featured_media":5943612,"comment_status":"open","ping_status":"closed","template":"","meta":[],"product_brand":[3241],"product_cat":[1728],"product_tag":[],"class_list":{"0":"post-742241","1":"product","2":"type-product","3":"status-publish","4":"has-post-thumbnail","6":"product_brand-paguro-hr","7":"product_cat-brodski-generatori","9":"first","10":"instock","11":"shipping-taxable","12":"purchasable","13":"product-type-simple"},"_links":{"self":[{"href":"https:\/\/stoic-curie.212-227-153-4.plesk.page\/hr\/wp-json\/wp\/v2\/product\/742241","targetHints":{"allow":["GET"]}}],"collection":[{"href":"https:\/\/stoic-curie.212-227-153-4.plesk.page\/hr\/wp-json\/wp\/v2\/product"}],"about":[{"href":"https:\/\/stoic-curie.212-227-153-4.plesk.page\/hr\/wp-json\/wp\/v2\/types\/product"}],"replies":[{"embeddable":true,"href":"https:\/\/stoic-curie.212-227-153-4.plesk.page\/hr\/wp-json\/wp\/v2\/comments?post=742241"}],"version-history":[{"count":0,"href":"https:\/\/stoic-curie.212-227-153-4.plesk.page\/hr\/wp-json\/wp\/v2\/product\/742241\/revisions"}],"wp:featuredmedia":[{"embeddable":true,"href":"https:\/\/stoic-curie.212-227-153-4.plesk.page\/hr\/wp-json\/wp\/v2\/media\/5943612"}],"wp:attachment":[{"href":"https:\/\/stoic-curie.212-227-153-4.plesk.page\/hr\/wp-json\/wp\/v2\/media?parent=742241"}],"wp:term":[{"taxonomy":"product_brand","embeddable":true,"href":"https:\/\/stoic-curie.212-227-153-4.plesk.page\/hr\/wp-json\/wp\/v2\/product_brand?post=742241"},{"taxonomy":"product_cat","embeddable":true,"href":"https:\/\/stoic-curie.212-227-153-4.plesk.page\/hr\/wp-json\/wp\/v2\/product_cat?post=742241"},{"taxonomy":"product_tag","embeddable":true,"href":"https:\/\/stoic-curie.212-227-153-4.plesk.page\/hr\/wp-json\/wp\/v2\/product_tag?post=742241"}],"curies":[{"name":"wp","href":"https:\/\/api.w.org\/{rel}","templated":true}]}}