{"id":742243,"date":"2025-03-03T18:19:25","date_gmt":"2025-03-03T17:19:25","guid":{"rendered":"https:\/\/stoic-curie.212-227-153-4.plesk.page\/producto\/led-letva-quick-syria-3000-k-45-w-406-x-24-x-h20\/"},"modified":"2026-02-25T00:00:59","modified_gmt":"2026-02-25T00:00:59","slug":"led-letva-quick-syria-3000-k-45-w-406-x-24-x-h20","status":"publish","type":"product","link":"https:\/\/stoic-curie.212-227-153-4.plesk.page\/hr\/product\/led-letva-quick-syria-3000-k-45-w-406-x-24-x-h20\/","title":{"rendered":"LED letva Quick Syria 3000 K\u00b0 &#8211; 4,5 W 406 x 24 x H20"},"content":{"rendered":"<p>LED letva Quick Syria 3000 K\u00b0 &#8211; 4,5 W 406 x 24 x H20 &#8211; <\/p>\n<p>Niklovana aluminijska IP40 LED traka za unutarnje prostore, podesiva s prekida\u010dem, idealna za osvjetljavanje malih prostora. Monta\u017ea na povr\u0161inu s vijcima. Napon 10-15V s LED-icama za\u0161ti\u0107enim od prenapona i obrata.<\/p>\n","protected":false},"excerpt":{"rendered":"<p>LED letva Quick Syria 3000 K\u00b0 &#8211; 4,5 W 406 x 24 x H20 &#8211; Niklovana aluminijska IP40 LED traka<\/p>\n","protected":false},"featured_media":5940844,"comment_status":"open","ping_status":"closed","template":"","meta":[],"product_brand":[3281],"product_cat":[1739],"product_tag":[],"class_list":{"0":"post-742243","1":"product","2":"type-product","3":"status-publish","4":"has-post-thumbnail","6":"product_brand-quick-hr","7":"product_cat-rasvjeta","9":"first","10":"instock","11":"shipping-taxable","12":"purchasable","13":"product-type-simple"},"_links":{"self":[{"href":"https:\/\/stoic-curie.212-227-153-4.plesk.page\/hr\/wp-json\/wp\/v2\/product\/742243","targetHints":{"allow":["GET"]}}],"collection":[{"href":"https:\/\/stoic-curie.212-227-153-4.plesk.page\/hr\/wp-json\/wp\/v2\/product"}],"about":[{"href":"https:\/\/stoic-curie.212-227-153-4.plesk.page\/hr\/wp-json\/wp\/v2\/types\/product"}],"replies":[{"embeddable":true,"href":"https:\/\/stoic-curie.212-227-153-4.plesk.page\/hr\/wp-json\/wp\/v2\/comments?post=742243"}],"version-history":[{"count":0,"href":"https:\/\/stoic-curie.212-227-153-4.plesk.page\/hr\/wp-json\/wp\/v2\/product\/742243\/revisions"}],"wp:featuredmedia":[{"embeddable":true,"href":"https:\/\/stoic-curie.212-227-153-4.plesk.page\/hr\/wp-json\/wp\/v2\/media\/5940844"}],"wp:attachment":[{"href":"https:\/\/stoic-curie.212-227-153-4.plesk.page\/hr\/wp-json\/wp\/v2\/media?parent=742243"}],"wp:term":[{"taxonomy":"product_brand","embeddable":true,"href":"https:\/\/stoic-curie.212-227-153-4.plesk.page\/hr\/wp-json\/wp\/v2\/product_brand?post=742243"},{"taxonomy":"product_cat","embeddable":true,"href":"https:\/\/stoic-curie.212-227-153-4.plesk.page\/hr\/wp-json\/wp\/v2\/product_cat?post=742243"},{"taxonomy":"product_tag","embeddable":true,"href":"https:\/\/stoic-curie.212-227-153-4.plesk.page\/hr\/wp-json\/wp\/v2\/product_tag?post=742243"}],"curies":[{"name":"wp","href":"https:\/\/api.w.org\/{rel}","templated":true}]}}