{"id":742244,"date":"2025-03-03T18:19:25","date_gmt":"2025-03-03T17:19:25","guid":{"rendered":"https:\/\/stoic-curie.212-227-153-4.plesk.page\/producto\/grijac-vode-quick-b360-60lt\/"},"modified":"2026-02-25T00:00:59","modified_gmt":"2026-02-25T00:00:59","slug":"grijac-vode-quick-b360-60lt","status":"publish","type":"product","link":"https:\/\/stoic-curie.212-227-153-4.plesk.page\/hr\/product\/grijac-vode-quick-b360-60lt\/","title":{"rendered":"Grija\u010d vode Quick B3 60lt"},"content":{"rendered":"<p>Grija\u010d vode Quick B3 60lt &#8211; <\/p>\n<p style=\"color: rgb(34, 34, 34); font-family: Arial, Helvetica, sans-serif; font-size: small;\">Nautic Boiler vodeni grijaci su posebno dizajnirani za morska okru\u017eenja. Opremljeni su elektri\u010dnim grija\u010dem od 1200W-220V, \u0161to ih \u010dini idealnim za kori\u0161tenje na pristani\u0161tu ili s generatorom. Ovi grijaci tako\u0111er imaju jedinstveni omota\u010d toplinskog izmjenjiva\u010da koji prikuplja toplinu iz sustava hla\u0111enja motora.<\/p>\n<p style=\"color: rgb(34, 34, 34); font-family: Arial, Helvetica, sans-serif; font-size: small;\">Ovi kotlovi su izgra\u0111eni kako bi odr\u017eali kvalitetu pitke vode i uklju\u010duju anodu koja sprje\u010dava elektrozu. Izolacijska ovojnica izra\u0111ena je od posebnog kompozitnog materijala, dok je rezervoar izra\u0111en od visokokvalitetnog nehr\u0111aju\u0107eg \u010delika AISI 316. Svaka jedinica ima trogodi\u0161nju garanciju i treba je koristiti s kompletom za premiksanje vode.<\/p>\n<p style=\"color: rgb(34, 34, 34); font-family: Arial, Helvetica, sans-serif; font-size: small;\">Quick B3 serija kotlova dostupna je u razli\u010ditim veli\u010dinama i ima rezervoar od visokokvalitetnog nehr\u0111aju\u0107eg \u010delika s debljinom zida od 1,5 mm. Opremljeni su sna\u017enom pjenastom izolacijom i izdr\u017eljivom plasti\u010dnom ku\u0107i\u0161tem. Svaki kotao uklju\u010duje sigurnosni\/ne povratni ventil i elektri\u010dni grija\u010d, s mogu\u0107nostima od 500 vata ili 1200 vata.<\/p>\n<p style=\"color: rgb(34, 34, 34); font-family: Arial, Helvetica, sans-serif; font-size: small;\">Quick Model B3 je okrugli grija\u010d vode koji koristi incoloy elektri\u010dni grija\u010d, koji je opremljen podesivim sigurnosnim bi-termostatom. Ovaj model ima toplinski izmjenjiva\u010d izra\u0111en od nehr\u0111aju\u0107eg \u010delika AISI 316L, \u0161to omogu\u0107uje kapacitet koji nadma\u0161uje mnoge konkurente. Unutarnji rezervoar izra\u0111en je od nehr\u0111aju\u0107eg \u010delika AISI 316 debljine 1,5 mm, zavarivan uz za\u0161titu argon plinom za pobolj\u0161anu otpornost na koroziju. Vanj\u0161tina je izra\u0111ena od visoko izdr\u017eljivog kompozitnog plasti\u010dnog materijala.<\/p>\n<p style=\"color: rgb(34, 34, 34); font-family: Arial, Helvetica, sans-serif; font-size: small;\">Jedinica je izolirana s pjenom od poliuretana visoke gusto\u0107e, koja se ubrizgava izme\u0111u poklopca i rezervoara kako bi se osigurala izvrsna zadr\u017eavanje topline. B3 model tako\u0111er uklju\u010duje podesive metalne nosa\u010de za fleksibilnu monta\u017eu u sku\u010denim prostorima. Svaka jedinica dolazi s grija\u010dem vode, nosa\u010dima za montiranje i \u010detiri mesingana priklju\u010dka.<\/p>\n<p style=\"color: rgb(34, 34, 34); font-family: Arial, Helvetica, sans-serif; font-size: small;\">Klju\u010dne karakteristike:<\/p>\n<ul style=\"color: rgb(34, 34, 34); font-family: Arial, Helvetica, sans-serif; font-size: small;\">\n<li>Proizvodi toplu vodu koriste\u0107i elektri\u010dni element, koji ima podesivi sigurnosni bi-termostat<\/li>\n<li>Toplinski izmjenjiva\u010d s velikom povr\u0161inom za u\u010dinkovitu prijenos topline<\/li>\n<li>Izra\u0111en od visokokvalitetnih materijala<\/li>\n<li>Ventil za olak\u0161anje\/ne povratni ventil za sigurno ispu\u0161tanje vode kada nije u upotrebi<\/li>\n<\/ul>\n<p style=\"color: rgb(34, 34, 34); font-family: Arial, Helvetica, sans-serif; font-size: small;\">Grija\u010d vode Quick B3 60lt:<\/p>\n<ul style=\"color: rgb(34, 34, 34); font-family: Arial, Helvetica, sans-serif; font-size: small;\">\n<li>Promjer: 400 MM<\/li>\n<li>Snaga elektri\u010dnog elementa: 1200W (230 Volt)<\/li>\n<li>Duljina: 721 MM<\/li>\n<li>Oblik: Okrugli<\/li>\n<li>Kapacitet rezervoara: 60 L<\/li>\n<li>Te\u017eina: 14.6 KG<\/li>\n<\/ul>\n<p style=\"color: rgb(34, 34, 34); font-family: Arial, Helvetica, sans-serif; font-size: small;\">Dostupni modeli:<\/p>\n<ul style=\"color: rgb(34, 34, 34); font-family: Arial, Helvetica, sans-serif; font-size: small;\">\n<li>B3 15<\/li>\n<li>B3 20<\/li>\n<li>B3 25<\/li>\n<li>B3 30<\/li>\n<li>B3 40<\/li>\n<li>B3 60<\/li>\n<li>B3 80<\/li>\n<\/ul>\n<p style=\"color: rgb(34, 34, 34); font-family: Arial, Helvetica, sans-serif; font-size: small;\">Specifikacije:<\/p>\n<ul style=\"color: rgb(34, 34, 34); font-family: Arial, Helvetica, sans-serif; font-size: small;\">\n<li>Kapacitet rezervoara: 15L, 20L, 25L, 30L, 40L, 60L, 80L<\/li>\n<li>Materijal rezervoara: Nehr\u0111aju\u0107i \u010delik<\/li>\n<li>Termi\u010dka izolacija: Pjena od poliuretana<\/li>\n<li>Materijal vanjske obloge: Kompozit<\/li>\n<li>Pritisak rezervoara (testiranje): 800 kPa<\/li>\n<li>Maksimalni radni pritisak: 600 kPa<\/li>\n<li>Naponska ocjena elektri\u010dnog elementa: 220 Vac \u00b1 10% ili 110 Vac \u00b1 10%<\/li>\n<li>Snaga elektri\u010dnog elementa: 500 W (Model 05), 600 W (Model 06), 1200 W (Model 12)<\/li>\n<li>Izlazni promjer: 1\/2&#8243;<\/li>\n<li>Te\u017eina s toplinskim izmjenjiva\u010dem: 15.4 lb, 17.9 lb, 18.7 lb, 23.1 lb, 25.8 lb, 32.2 lb, 39.2 lb<\/li>\n<\/ul>\n<p style=\"color: rgb(34, 34, 34); font-family: Arial, Helvetica, sans-serif; font-size: small;\">Ovaj detaljni pregled isti\u010de kvalitetu i karakteristike na\u0161ih Nautic Boiler vodnih grija\u010da, osiguravaju\u0107i da imate sve potrebne informacije za dono\u0161enje informirane odluke.<\/p>\n","protected":false},"excerpt":{"rendered":"<p>Grija\u010d vode Quick B3 60lt &#8211; Nautic Boiler vodeni grijaci su posebno dizajnirani za morska okru\u017eenja. Opremljeni su elektri\u010dnim grija\u010dem<\/p>\n","protected":false},"featured_media":5938709,"comment_status":"open","ping_status":"closed","template":"","meta":[],"product_brand":[3281],"product_cat":[1651],"product_tag":[],"class_list":{"0":"post-742244","1":"product","2":"type-product","3":"status-publish","4":"has-post-thumbnail","6":"product_brand-quick-hr","7":"product_cat-grijaci-vode","9":"first","10":"instock","11":"shipping-taxable","12":"purchasable","13":"product-type-simple"},"_links":{"self":[{"href":"https:\/\/stoic-curie.212-227-153-4.plesk.page\/hr\/wp-json\/wp\/v2\/product\/742244","targetHints":{"allow":["GET"]}}],"collection":[{"href":"https:\/\/stoic-curie.212-227-153-4.plesk.page\/hr\/wp-json\/wp\/v2\/product"}],"about":[{"href":"https:\/\/stoic-curie.212-227-153-4.plesk.page\/hr\/wp-json\/wp\/v2\/types\/product"}],"replies":[{"embeddable":true,"href":"https:\/\/stoic-curie.212-227-153-4.plesk.page\/hr\/wp-json\/wp\/v2\/comments?post=742244"}],"version-history":[{"count":0,"href":"https:\/\/stoic-curie.212-227-153-4.plesk.page\/hr\/wp-json\/wp\/v2\/product\/742244\/revisions"}],"wp:featuredmedia":[{"embeddable":true,"href":"https:\/\/stoic-curie.212-227-153-4.plesk.page\/hr\/wp-json\/wp\/v2\/media\/5938709"}],"wp:attachment":[{"href":"https:\/\/stoic-curie.212-227-153-4.plesk.page\/hr\/wp-json\/wp\/v2\/media?parent=742244"}],"wp:term":[{"taxonomy":"product_brand","embeddable":true,"href":"https:\/\/stoic-curie.212-227-153-4.plesk.page\/hr\/wp-json\/wp\/v2\/product_brand?post=742244"},{"taxonomy":"product_cat","embeddable":true,"href":"https:\/\/stoic-curie.212-227-153-4.plesk.page\/hr\/wp-json\/wp\/v2\/product_cat?post=742244"},{"taxonomy":"product_tag","embeddable":true,"href":"https:\/\/stoic-curie.212-227-153-4.plesk.page\/hr\/wp-json\/wp\/v2\/product_tag?post=742244"}],"curies":[{"name":"wp","href":"https:\/\/api.w.org\/{rel}","templated":true}]}}