{"id":742246,"date":"2025-03-03T18:19:26","date_gmt":"2025-03-03T17:19:26","guid":{"rendered":"https:\/\/stoic-curie.212-227-153-4.plesk.page\/producto\/fendress-navlake-za-vanbrodski-motor-crna-60-x-50-x-50-cm\/"},"modified":"2026-02-25T00:00:59","modified_gmt":"2026-02-25T00:00:59","slug":"fendress-navlake-za-vanbrodski-motor-crna-60-x-50-x-50-cm","status":"publish","type":"product","link":"https:\/\/stoic-curie.212-227-153-4.plesk.page\/hr\/product\/fendress-navlake-za-vanbrodski-motor-crna-60-x-50-x-50-cm\/","title":{"rendered":"Fendress navlake za vanbrodski motor crna 60 x 50 x 50 cm"},"content":{"rendered":"<p>Fendress navlake za vanbrodski motor crna 60 x 50 x 50 cm &#8211; <\/p>\n<p>Premium kvalitete pokriva\u010da za vanbrodske motore, izra\u0111enih od iste tkanine koja se koristi za mekane i \u010dvrste Fendress pokriva\u010de za fendere. \u0160titi od tro\u0161enja, vremenskih uvjeta, udaraca, ogrebotina, UV zraka i mo\u017ee se \u010dak ostaviti na vanbrodskom motoru tijekom plovidbe. Fenboard pokriva\u010di su napravljeni od prozra\u010dne tkanine (ne stvaraju kondenzaciju) i ne blijede. Mogu se prati u ma\u0161ini i brzo su\u0161e. S Fendboard pokriva\u010dem va\u0161 vanbrodski motor ostat \u0107e du\u017ee kao nov.<\/p>\n","protected":false},"excerpt":{"rendered":"<p>Fendress navlake za vanbrodski motor crna 60 x 50 x 50 cm &#8211; Premium kvalitete pokriva\u010da za vanbrodske motore, izra\u0111enih<\/p>\n","protected":false},"featured_media":5936878,"comment_status":"open","ping_status":"closed","template":"","meta":[],"product_brand":[2936],"product_cat":[1683,1827],"product_tag":[],"class_list":{"0":"post-742246","1":"product","2":"type-product","3":"status-publish","4":"has-post-thumbnail","6":"product_brand-fendress-hr","7":"product_cat-cerade","8":"product_cat-dodatna-oprema-za-vanbrodske-motore","10":"first","11":"instock","12":"shipping-taxable","13":"purchasable","14":"product-type-simple"},"_links":{"self":[{"href":"https:\/\/stoic-curie.212-227-153-4.plesk.page\/hr\/wp-json\/wp\/v2\/product\/742246","targetHints":{"allow":["GET"]}}],"collection":[{"href":"https:\/\/stoic-curie.212-227-153-4.plesk.page\/hr\/wp-json\/wp\/v2\/product"}],"about":[{"href":"https:\/\/stoic-curie.212-227-153-4.plesk.page\/hr\/wp-json\/wp\/v2\/types\/product"}],"replies":[{"embeddable":true,"href":"https:\/\/stoic-curie.212-227-153-4.plesk.page\/hr\/wp-json\/wp\/v2\/comments?post=742246"}],"version-history":[{"count":0,"href":"https:\/\/stoic-curie.212-227-153-4.plesk.page\/hr\/wp-json\/wp\/v2\/product\/742246\/revisions"}],"wp:featuredmedia":[{"embeddable":true,"href":"https:\/\/stoic-curie.212-227-153-4.plesk.page\/hr\/wp-json\/wp\/v2\/media\/5936878"}],"wp:attachment":[{"href":"https:\/\/stoic-curie.212-227-153-4.plesk.page\/hr\/wp-json\/wp\/v2\/media?parent=742246"}],"wp:term":[{"taxonomy":"product_brand","embeddable":true,"href":"https:\/\/stoic-curie.212-227-153-4.plesk.page\/hr\/wp-json\/wp\/v2\/product_brand?post=742246"},{"taxonomy":"product_cat","embeddable":true,"href":"https:\/\/stoic-curie.212-227-153-4.plesk.page\/hr\/wp-json\/wp\/v2\/product_cat?post=742246"},{"taxonomy":"product_tag","embeddable":true,"href":"https:\/\/stoic-curie.212-227-153-4.plesk.page\/hr\/wp-json\/wp\/v2\/product_tag?post=742246"}],"curies":[{"name":"wp","href":"https:\/\/api.w.org\/{rel}","templated":true}]}}