{"id":742248,"date":"2025-03-03T18:19:26","date_gmt":"2025-03-03T17:19:26","guid":{"rendered":"https:\/\/stoic-curie.212-227-153-4.plesk.page\/producto\/teleskopske-ljestve-od-nehrdajuceg-celika-jednostruka-osovina-3-koraka-34-x-h87-cm\/"},"modified":"2026-02-25T00:01:00","modified_gmt":"2026-02-25T00:01:00","slug":"teleskopske-ljestve-od-nehrdajuceg-celika-jednostruka-osovina-3-koraka-34-x-h87-cm","status":"publish","type":"product","link":"https:\/\/stoic-curie.212-227-153-4.plesk.page\/hr\/product\/teleskopske-ljestve-od-nehrdajuceg-celika-jednostruka-osovina-3-koraka-34-x-h87-cm\/","title":{"rendered":"Teleskopske ljestve od nehr\u0111aju\u0107eg \u010delika (jednostruka osovina )3 koraka 34 x H87 cm"},"content":{"rendered":"<p>Teleskopske ljestve od nehr\u0111aju\u0107eg \u010delika (jednostruka osovina )3 koraka 34 x H87 cm &#8211; <\/p>\n<p>Telescopskie sklopive ljestve od elektropoliranog nehr\u0111aju\u0107eg \u010delika. Lako ukrcavanje za pliva\u010de ili ronioce s perajama i te\u0161kom opremom zahvaljuju\u0107i sredi\u0161njoj potpori i stepenicama slobodnim s obje strane.<\/p>\n","protected":false},"excerpt":{"rendered":"<p>Teleskopske ljestve od nehr\u0111aju\u0107eg \u010delika (jednostruka osovina )3 koraka 34 x H87 cm &#8211; Telescopskie sklopive ljestve od elektropoliranog nehr\u0111aju\u0107eg<\/p>\n","protected":false},"featured_media":5941046,"comment_status":"open","ping_status":"closed","template":"","meta":[],"product_brand":[3491],"product_cat":[1618],"product_tag":[],"class_list":{"0":"post-742248","1":"product","2":"type-product","3":"status-publish","4":"has-post-thumbnail","6":"product_brand-trem-hr","7":"product_cat-ljestve-za-brodove","9":"first","10":"instock","11":"shipping-taxable","12":"purchasable","13":"product-type-simple"},"_links":{"self":[{"href":"https:\/\/stoic-curie.212-227-153-4.plesk.page\/hr\/wp-json\/wp\/v2\/product\/742248","targetHints":{"allow":["GET"]}}],"collection":[{"href":"https:\/\/stoic-curie.212-227-153-4.plesk.page\/hr\/wp-json\/wp\/v2\/product"}],"about":[{"href":"https:\/\/stoic-curie.212-227-153-4.plesk.page\/hr\/wp-json\/wp\/v2\/types\/product"}],"replies":[{"embeddable":true,"href":"https:\/\/stoic-curie.212-227-153-4.plesk.page\/hr\/wp-json\/wp\/v2\/comments?post=742248"}],"version-history":[{"count":0,"href":"https:\/\/stoic-curie.212-227-153-4.plesk.page\/hr\/wp-json\/wp\/v2\/product\/742248\/revisions"}],"wp:featuredmedia":[{"embeddable":true,"href":"https:\/\/stoic-curie.212-227-153-4.plesk.page\/hr\/wp-json\/wp\/v2\/media\/5941046"}],"wp:attachment":[{"href":"https:\/\/stoic-curie.212-227-153-4.plesk.page\/hr\/wp-json\/wp\/v2\/media?parent=742248"}],"wp:term":[{"taxonomy":"product_brand","embeddable":true,"href":"https:\/\/stoic-curie.212-227-153-4.plesk.page\/hr\/wp-json\/wp\/v2\/product_brand?post=742248"},{"taxonomy":"product_cat","embeddable":true,"href":"https:\/\/stoic-curie.212-227-153-4.plesk.page\/hr\/wp-json\/wp\/v2\/product_cat?post=742248"},{"taxonomy":"product_tag","embeddable":true,"href":"https:\/\/stoic-curie.212-227-153-4.plesk.page\/hr\/wp-json\/wp\/v2\/product_tag?post=742248"}],"curies":[{"name":"wp","href":"https:\/\/api.w.org\/{rel}","templated":true}]}}