{"id":742252,"date":"2025-03-03T18:19:27","date_gmt":"2025-03-03T17:19:27","guid":{"rendered":"https:\/\/stoic-curie.212-227-153-4.plesk.page\/producto\/led-stropna-svjetiljka-foresti-sextans-55-x-55-mm-12-24-v-toplo-3200-k\/"},"modified":"2026-02-25T00:01:00","modified_gmt":"2026-02-25T00:01:00","slug":"led-stropna-svjetiljka-foresti-sextans-55-x-55-mm-12-24-v-toplo-3200-k","status":"publish","type":"product","link":"https:\/\/stoic-curie.212-227-153-4.plesk.page\/hr\/product\/led-stropna-svjetiljka-foresti-sextans-55-x-55-mm-12-24-v-toplo-3200-k\/","title":{"rendered":"LED stropna svjetiljka Foresti Sextans 55 x 55 mm 12-24 V (toplo 3200 K\u00b0)"},"content":{"rendered":"<p>LED stropna svjetiljka Foresti Sextans 55 x 55 mm 12-24 V (toplo 3200 K\u00b0) &#8211; <\/p>\n<p>Power LED ugradni reflektor za unutra\u0161njost s kromiranim mesingom i vijkom od nehr\u0111aju\u0107eg \u010delika. Univerzalno napajanje 12\/24V &#8211; 3,5W. Za\u0161tita IP43.<\/p>\n","protected":false},"excerpt":{"rendered":"<p>LED stropna svjetiljka Foresti Sextans 55 x 55 mm 12-24 V (toplo 3200 K\u00b0) &#8211; Power LED ugradni reflektor za<\/p>\n","protected":false},"featured_media":5941061,"comment_status":"open","ping_status":"closed","template":"","meta":[],"product_brand":[2946],"product_cat":[1739],"product_tag":[],"class_list":{"0":"post-742252","1":"product","2":"type-product","3":"status-publish","4":"has-post-thumbnail","6":"product_brand-foresti-suardi-hr","7":"product_cat-rasvjeta","9":"first","10":"instock","11":"shipping-taxable","12":"purchasable","13":"product-type-simple"},"_links":{"self":[{"href":"https:\/\/stoic-curie.212-227-153-4.plesk.page\/hr\/wp-json\/wp\/v2\/product\/742252","targetHints":{"allow":["GET"]}}],"collection":[{"href":"https:\/\/stoic-curie.212-227-153-4.plesk.page\/hr\/wp-json\/wp\/v2\/product"}],"about":[{"href":"https:\/\/stoic-curie.212-227-153-4.plesk.page\/hr\/wp-json\/wp\/v2\/types\/product"}],"replies":[{"embeddable":true,"href":"https:\/\/stoic-curie.212-227-153-4.plesk.page\/hr\/wp-json\/wp\/v2\/comments?post=742252"}],"version-history":[{"count":0,"href":"https:\/\/stoic-curie.212-227-153-4.plesk.page\/hr\/wp-json\/wp\/v2\/product\/742252\/revisions"}],"wp:featuredmedia":[{"embeddable":true,"href":"https:\/\/stoic-curie.212-227-153-4.plesk.page\/hr\/wp-json\/wp\/v2\/media\/5941061"}],"wp:attachment":[{"href":"https:\/\/stoic-curie.212-227-153-4.plesk.page\/hr\/wp-json\/wp\/v2\/media?parent=742252"}],"wp:term":[{"taxonomy":"product_brand","embeddable":true,"href":"https:\/\/stoic-curie.212-227-153-4.plesk.page\/hr\/wp-json\/wp\/v2\/product_brand?post=742252"},{"taxonomy":"product_cat","embeddable":true,"href":"https:\/\/stoic-curie.212-227-153-4.plesk.page\/hr\/wp-json\/wp\/v2\/product_cat?post=742252"},{"taxonomy":"product_tag","embeddable":true,"href":"https:\/\/stoic-curie.212-227-153-4.plesk.page\/hr\/wp-json\/wp\/v2\/product_tag?post=742252"}],"curies":[{"name":"wp","href":"https:\/\/api.w.org\/{rel}","templated":true}]}}