{"id":742260,"date":"2025-03-03T18:19:30","date_gmt":"2025-03-03T17:19:30","guid":{"rendered":"https:\/\/stoic-curie.212-227-153-4.plesk.page\/producto\/sidreno-vitlo-quick-prince-dp3-1500w-d-s-bubnjem-24v-10mm-lanac\/"},"modified":"2026-02-25T00:01:00","modified_gmt":"2026-02-25T00:01:00","slug":"sidreno-vitlo-quick-prince-dp3-1500w-d-s-bubnjem-24v-10mm-lanac","status":"publish","type":"product","link":"https:\/\/stoic-curie.212-227-153-4.plesk.page\/hr\/product\/sidreno-vitlo-quick-prince-dp3-1500w-d-s-bubnjem-24v-10mm-lanac\/","title":{"rendered":"Sidreno vitlo Quick Prince DP3 1500W-D s bubnjem- 24V &#8211; 10mm Lanac"},"content":{"rendered":"<p>Sidreno vitlo Quick Prince DP3 1500W-D s bubnjem- 24V &#8211; 10mm Lanac &#8211; <\/p>\n<p style=\"color: rgb(34, 34, 34); font-family: Arial, Helvetica, sans-serif; font-size: small;\">Prince DP3 1524D Vertikalni vitlo je sofisticirano slobodno padaju\u0107e sidreno vitlo, s trajnim komponentama za vu\u010du od bronce i nehr\u0111aju\u0107eg \u010delika. Ovaj model uklju\u010duje senzor za broja\u010d lance i ru\u010dni sustav slobodnog pada, \u0161to osigurava jednostavnu upotrebu. Opremljen je sustavom za ru\u010dno podizanje u hitnim slu\u010dajevima i prekida\u010dem za dodatnu sigurnost. Vitlo dolazi s kontrolnom kutijom i ru\u010dkom, a njegova robusna konstrukcija uklju\u010duje dno i ku\u0107i\u0161te od nehr\u0111aju\u0107eg \u010delika, zajedno s vodootpornim motorom koji ima IP67 certifikat.<\/p>\n<p style=\"color: rgb(34, 34, 34); font-family: Arial, Helvetica, sans-serif; font-size: small;\">Vitlo sadr\u017ei dno od nehr\u0111aju\u0107eg \u010delika 316 koje uklju\u010duje ugra\u0111enu cijev za lanac. Dizajnirano je s gypsy za u\u017ee\/lanac koji je opremljen senzorom broja\u010da lanca. Jedinica je isporu\u010dena s relejnom kutijom i gypsy, koja se mo\u017ee isporu\u010diti s ili bez bubnja. Motor tako\u0111er ima IP67 oznaku kako bi osigurao vodootpornost.<\/p>\n<p style=\"color: rgb(34, 34, 34); font-family: Arial, Helvetica, sans-serif; font-size: small;\">Prince DP3 1524D prikladan je za \u010damce du\u017eine od 12 do 15 metara (39 do 49 stopa).<\/p>\n<p style=\"color: rgb(34, 34, 34); font-family: Arial, Helvetica, sans-serif; font-size: small;\">Specifikacije uklju\u010duju:<\/p>\n<ul style=\"color: rgb(34, 34, 34); font-family: Arial, Helvetica, sans-serif; font-size: small;\">\n<li>Bubanj: Da<\/li>\n<li>Snaga motora: 1500 W<\/li>\n<li>Napon ulaza: 24 V<\/li>\n<li>Maksimalna vu\u010dna sila: 1100 kg<\/li>\n<li>Maksimalna radna optere\u0107enja: 540 kg<\/li>\n<li>Radno optere\u0107enje: 180 kg<\/li>\n<li>Brzina lanca pod radnim optere\u0107enjem: 19 m\/min<\/li>\n<li>Potro\u0161nja struje pod radnim optere\u0107enjem: 85 A<\/li>\n<li>Debljina palube: 30-50 mm<\/li>\n<li>Te\u017eina: 21,4 kg<\/li>\n<li>Gypsy veli\u010dina: 10 mm<\/li>\n<\/ul>\n<p style=\"color: rgb(34, 34, 34); font-family: Arial, Helvetica, sans-serif; font-size: small;\">Ovo vitlo kombinira pouzdanost i performanse, \u0161to ga \u010dini odli\u010dnim izborom za vlasnike brodova koji tra\u017ee visoko kvalitetnu opremu.<\/p>\n","protected":false},"excerpt":{"rendered":"<p>Sidreno vitlo Quick Prince DP3 1500W-D s bubnjem- 24V &#8211; 10mm Lanac &#8211; Prince DP3 1524D Vertikalni vitlo je sofisticirano<\/p>\n","protected":false},"featured_media":5941169,"comment_status":"open","ping_status":"closed","template":"","meta":[],"product_brand":[3281],"product_cat":[1611],"product_tag":[],"class_list":{"0":"post-742260","1":"product","2":"type-product","3":"status-publish","4":"has-post-thumbnail","6":"product_brand-quick-hr","7":"product_cat-vitla-quick","9":"first","10":"instock","11":"shipping-taxable","12":"purchasable","13":"product-type-simple"},"_links":{"self":[{"href":"https:\/\/stoic-curie.212-227-153-4.plesk.page\/hr\/wp-json\/wp\/v2\/product\/742260","targetHints":{"allow":["GET"]}}],"collection":[{"href":"https:\/\/stoic-curie.212-227-153-4.plesk.page\/hr\/wp-json\/wp\/v2\/product"}],"about":[{"href":"https:\/\/stoic-curie.212-227-153-4.plesk.page\/hr\/wp-json\/wp\/v2\/types\/product"}],"replies":[{"embeddable":true,"href":"https:\/\/stoic-curie.212-227-153-4.plesk.page\/hr\/wp-json\/wp\/v2\/comments?post=742260"}],"version-history":[{"count":0,"href":"https:\/\/stoic-curie.212-227-153-4.plesk.page\/hr\/wp-json\/wp\/v2\/product\/742260\/revisions"}],"wp:featuredmedia":[{"embeddable":true,"href":"https:\/\/stoic-curie.212-227-153-4.plesk.page\/hr\/wp-json\/wp\/v2\/media\/5941169"}],"wp:attachment":[{"href":"https:\/\/stoic-curie.212-227-153-4.plesk.page\/hr\/wp-json\/wp\/v2\/media?parent=742260"}],"wp:term":[{"taxonomy":"product_brand","embeddable":true,"href":"https:\/\/stoic-curie.212-227-153-4.plesk.page\/hr\/wp-json\/wp\/v2\/product_brand?post=742260"},{"taxonomy":"product_cat","embeddable":true,"href":"https:\/\/stoic-curie.212-227-153-4.plesk.page\/hr\/wp-json\/wp\/v2\/product_cat?post=742260"},{"taxonomy":"product_tag","embeddable":true,"href":"https:\/\/stoic-curie.212-227-153-4.plesk.page\/hr\/wp-json\/wp\/v2\/product_tag?post=742260"}],"curies":[{"name":"wp","href":"https:\/\/api.w.org\/{rel}","templated":true}]}}