{"id":742261,"date":"2025-03-03T18:19:30","date_gmt":"2025-03-03T17:19:30","guid":{"rendered":"https:\/\/stoic-curie.212-227-153-4.plesk.page\/producto\/daljinski-rds-1560-q-zaslon-za-quick-punjace\/"},"modified":"2026-02-25T00:01:00","modified_gmt":"2026-02-25T00:01:00","slug":"daljinski-rds-1560-q-zaslon-za-quick-punjace","status":"publish","type":"product","link":"https:\/\/stoic-curie.212-227-153-4.plesk.page\/hr\/product\/daljinski-rds-1560-q-zaslon-za-quick-punjace\/","title":{"rendered":"Daljinski Rds 1560 Q zaslon za Quick punjace"},"content":{"rendered":"<p>Daljinski Rds 1560 Q zaslon za Quick punjace &#8211; <\/p>\n<p>RDS 1562 LCD 12\/24V zaslon s Can Bus su\u010deljem koji omogu\u0107ava udaljeno pra\u0107enje statusa Quick SBC NRG+ srednjih i visokih punja\u010da baterija. Istovremeno prikazuje tri izlazna napona i ukupnu isporu\u010denu struju, opremljen podesivom svjetlinom i vi\u0161ejezi\u010dnim su\u010deljem. Uklju\u010duje signalni zvu\u010dnik i mogu\u0107nost postavljanja parametara na punja\u010du baterija (CAN parametri isklju\u010deni).<\/p>\n","protected":false},"excerpt":{"rendered":"<p>Daljinski Rds 1560 Q zaslon za Quick punjace &#8211; RDS 1562 LCD 12\/24V zaslon s Can Bus su\u010deljem koji omogu\u0107ava<\/p>\n","protected":false},"featured_media":5943621,"comment_status":"open","ping_status":"closed","template":"","meta":[],"product_brand":[3281],"product_cat":[1737],"product_tag":[],"class_list":{"0":"post-742261","1":"product","2":"type-product","3":"status-publish","4":"has-post-thumbnail","6":"product_brand-quick-hr","7":"product_cat-punjaci-baterija","9":"first","10":"instock","11":"shipping-taxable","12":"purchasable","13":"product-type-simple"},"_links":{"self":[{"href":"https:\/\/stoic-curie.212-227-153-4.plesk.page\/hr\/wp-json\/wp\/v2\/product\/742261","targetHints":{"allow":["GET"]}}],"collection":[{"href":"https:\/\/stoic-curie.212-227-153-4.plesk.page\/hr\/wp-json\/wp\/v2\/product"}],"about":[{"href":"https:\/\/stoic-curie.212-227-153-4.plesk.page\/hr\/wp-json\/wp\/v2\/types\/product"}],"replies":[{"embeddable":true,"href":"https:\/\/stoic-curie.212-227-153-4.plesk.page\/hr\/wp-json\/wp\/v2\/comments?post=742261"}],"version-history":[{"count":0,"href":"https:\/\/stoic-curie.212-227-153-4.plesk.page\/hr\/wp-json\/wp\/v2\/product\/742261\/revisions"}],"wp:featuredmedia":[{"embeddable":true,"href":"https:\/\/stoic-curie.212-227-153-4.plesk.page\/hr\/wp-json\/wp\/v2\/media\/5943621"}],"wp:attachment":[{"href":"https:\/\/stoic-curie.212-227-153-4.plesk.page\/hr\/wp-json\/wp\/v2\/media?parent=742261"}],"wp:term":[{"taxonomy":"product_brand","embeddable":true,"href":"https:\/\/stoic-curie.212-227-153-4.plesk.page\/hr\/wp-json\/wp\/v2\/product_brand?post=742261"},{"taxonomy":"product_cat","embeddable":true,"href":"https:\/\/stoic-curie.212-227-153-4.plesk.page\/hr\/wp-json\/wp\/v2\/product_cat?post=742261"},{"taxonomy":"product_tag","embeddable":true,"href":"https:\/\/stoic-curie.212-227-153-4.plesk.page\/hr\/wp-json\/wp\/v2\/product_tag?post=742261"}],"curies":[{"name":"wp","href":"https:\/\/api.w.org\/{rel}","templated":true}]}}