{"id":742273,"date":"2025-03-03T18:19:33","date_gmt":"2025-03-03T17:19:33","guid":{"rendered":"https:\/\/stoic-curie.212-227-153-4.plesk.page\/producto\/aluminijski-propeler-solas-7-875x7\/"},"modified":"2026-02-25T00:01:00","modified_gmt":"2026-02-25T00:01:00","slug":"aluminijski-propeler-solas-7-875x7","status":"publish","type":"product","link":"https:\/\/stoic-curie.212-227-153-4.plesk.page\/hr\/product\/aluminijski-propeler-solas-7-875x7\/","title":{"rendered":"Aluminijski propeler Solas 7. 875&#215;7"},"content":{"rendered":"<p>Aluminijski propeler Solas 7. 875&#215;7 &#8211; <\/p>\n<p>Aluminijske Solas propelere za Suzuki vanbrodske motore. Superiorna kvaliteta izrade omogu\u0107ava da Solas propelere lako zamijene bilo koju vrstu izvorne propelera. Plus = Pove\u0107ana povr\u0161ina no\u017ea propelera L = Desni okretni propeler (suprotno od kazaljke na satu)<\/p>\n","protected":false},"excerpt":{"rendered":"<p>Aluminijski propeler Solas 7. 875&#215;7 &#8211; Aluminijske Solas propelere za Suzuki vanbrodske motore. Superiorna kvaliteta izrade omogu\u0107ava da Solas propelere<\/p>\n","protected":false},"featured_media":5936916,"comment_status":"open","ping_status":"closed","template":"","meta":[],"product_brand":[3411],"product_cat":[1803,1832],"product_tag":[],"class_list":{"0":"post-742273","1":"product","2":"type-product","3":"status-publish","4":"has-post-thumbnail","6":"product_brand-solas-hr","7":"product_cat-propeleri-za-vanbrodske-motore","8":"product_cat-rezervni-dijelovi-za-vanbrodske-motore-suzuki","10":"first","11":"instock","12":"shipping-taxable","13":"purchasable","14":"product-type-simple"},"_links":{"self":[{"href":"https:\/\/stoic-curie.212-227-153-4.plesk.page\/hr\/wp-json\/wp\/v2\/product\/742273","targetHints":{"allow":["GET"]}}],"collection":[{"href":"https:\/\/stoic-curie.212-227-153-4.plesk.page\/hr\/wp-json\/wp\/v2\/product"}],"about":[{"href":"https:\/\/stoic-curie.212-227-153-4.plesk.page\/hr\/wp-json\/wp\/v2\/types\/product"}],"replies":[{"embeddable":true,"href":"https:\/\/stoic-curie.212-227-153-4.plesk.page\/hr\/wp-json\/wp\/v2\/comments?post=742273"}],"version-history":[{"count":0,"href":"https:\/\/stoic-curie.212-227-153-4.plesk.page\/hr\/wp-json\/wp\/v2\/product\/742273\/revisions"}],"wp:featuredmedia":[{"embeddable":true,"href":"https:\/\/stoic-curie.212-227-153-4.plesk.page\/hr\/wp-json\/wp\/v2\/media\/5936916"}],"wp:attachment":[{"href":"https:\/\/stoic-curie.212-227-153-4.plesk.page\/hr\/wp-json\/wp\/v2\/media?parent=742273"}],"wp:term":[{"taxonomy":"product_brand","embeddable":true,"href":"https:\/\/stoic-curie.212-227-153-4.plesk.page\/hr\/wp-json\/wp\/v2\/product_brand?post=742273"},{"taxonomy":"product_cat","embeddable":true,"href":"https:\/\/stoic-curie.212-227-153-4.plesk.page\/hr\/wp-json\/wp\/v2\/product_cat?post=742273"},{"taxonomy":"product_tag","embeddable":true,"href":"https:\/\/stoic-curie.212-227-153-4.plesk.page\/hr\/wp-json\/wp\/v2\/product_tag?post=742273"}],"curies":[{"name":"wp","href":"https:\/\/api.w.org\/{rel}","templated":true}]}}