{"id":742289,"date":"2025-03-03T18:19:37","date_gmt":"2025-03-03T17:19:37","guid":{"rendered":"https:\/\/stoic-curie.212-227-153-4.plesk.page\/producto\/aluminijski-propeler-solas-9-25x11-2\/"},"modified":"2026-02-25T00:01:00","modified_gmt":"2026-02-25T00:01:00","slug":"aluminijski-propeler-solas-9-25x11-2","status":"publish","type":"product","link":"https:\/\/stoic-curie.212-227-153-4.plesk.page\/hr\/product\/aluminijski-propeler-solas-9-25x11-2\/","title":{"rendered":"Aluminijski propeler Solas 9.25&#215;11"},"content":{"rendered":"<p>Aluminijski propeler Solas 9.25&#215;11 &#8211; <\/p>\n<p>Aluminijske Solas propeler za Mercury izvanbrodske motore i Mercruiser unutarnje\/vanjske motore. Superiorna kvaliteta izrade omogu\u0107uje jednostavnu zamjenu bilo koje vrste originalnog propelera s Solas propelerima. Plus = Pove\u0107ana povr\u0161ina lopatica propelera L = Obratni propeler (protiv smjera kazaljke na satu) = Od navedenog godine (uklju\u010deno)<\/p>\n","protected":false},"excerpt":{"rendered":"<p>Aluminijski propeler Solas 9.25&#215;11 &#8211; Aluminijske Solas propeler za Mercury izvanbrodske motore i Mercruiser unutarnje\/vanjske motore. Superiorna kvaliteta izrade omogu\u0107uje<\/p>\n","protected":false},"featured_media":5936916,"comment_status":"open","ping_status":"closed","template":"","meta":[],"product_brand":[3411],"product_cat":[1803,1815],"product_tag":[],"class_list":{"0":"post-742289","1":"product","2":"type-product","3":"status-publish","4":"has-post-thumbnail","6":"product_brand-solas-hr","7":"product_cat-propeleri-za-vanbrodske-motore","8":"product_cat-rezervni-dijelovi-za-vanbrodske-motore-mercury-i-mariner","10":"first","11":"outofstock","12":"shipping-taxable","13":"purchasable","14":"product-type-simple"},"_links":{"self":[{"href":"https:\/\/stoic-curie.212-227-153-4.plesk.page\/hr\/wp-json\/wp\/v2\/product\/742289","targetHints":{"allow":["GET"]}}],"collection":[{"href":"https:\/\/stoic-curie.212-227-153-4.plesk.page\/hr\/wp-json\/wp\/v2\/product"}],"about":[{"href":"https:\/\/stoic-curie.212-227-153-4.plesk.page\/hr\/wp-json\/wp\/v2\/types\/product"}],"replies":[{"embeddable":true,"href":"https:\/\/stoic-curie.212-227-153-4.plesk.page\/hr\/wp-json\/wp\/v2\/comments?post=742289"}],"version-history":[{"count":0,"href":"https:\/\/stoic-curie.212-227-153-4.plesk.page\/hr\/wp-json\/wp\/v2\/product\/742289\/revisions"}],"wp:featuredmedia":[{"embeddable":true,"href":"https:\/\/stoic-curie.212-227-153-4.plesk.page\/hr\/wp-json\/wp\/v2\/media\/5936916"}],"wp:attachment":[{"href":"https:\/\/stoic-curie.212-227-153-4.plesk.page\/hr\/wp-json\/wp\/v2\/media?parent=742289"}],"wp:term":[{"taxonomy":"product_brand","embeddable":true,"href":"https:\/\/stoic-curie.212-227-153-4.plesk.page\/hr\/wp-json\/wp\/v2\/product_brand?post=742289"},{"taxonomy":"product_cat","embeddable":true,"href":"https:\/\/stoic-curie.212-227-153-4.plesk.page\/hr\/wp-json\/wp\/v2\/product_cat?post=742289"},{"taxonomy":"product_tag","embeddable":true,"href":"https:\/\/stoic-curie.212-227-153-4.plesk.page\/hr\/wp-json\/wp\/v2\/product_tag?post=742289"}],"curies":[{"name":"wp","href":"https:\/\/api.w.org\/{rel}","templated":true}]}}