{"id":742299,"date":"2025-03-03T18:19:40","date_gmt":"2025-03-03T17:19:40","guid":{"rendered":"https:\/\/stoic-curie.212-227-153-4.plesk.page\/producto\/profesionalni-waeco-sinusni-pretvarac-dsp2024-2000wt-24v\/"},"modified":"2026-02-25T00:01:00","modified_gmt":"2026-02-25T00:01:00","slug":"profesionalni-waeco-sinusni-pretvarac-dsp2024-2000wt-24v","status":"publish","type":"product","link":"https:\/\/stoic-curie.212-227-153-4.plesk.page\/hr\/product\/profesionalni-waeco-sinusni-pretvarac-dsp2024-2000wt-24v\/","title":{"rendered":"Dometic DSP 2024 SinePower inverter 2000W 24V"},"content":{"rendered":"<p>Dometic DSP 2024 SinePower inverter 2000W 24V &#8211; <\/p>\n<p style=\"color: rgb(34, 34, 34); font-family: Arial, Helvetica, sans-serif; font-size: small;\">S ponosom predstavljamo Dometic SinePower DSP 2024, sofisticirani kompaktni inverter sinusnog vala dizajniran za pretvaranje 24 V baterijske energije u \u010distu 230 V AC. Srobustan kapacitet od 2000 W osigurava pouzdano napajanje elektri\u010dnih ure\u0111aja izravno iz baterije va\u0161eg vozila. Opremljen je ugra\u0111enim za\u0161titnim krugovima koji \u0161tite od preoptere\u0107enja, pregrijavanja i fluktuacija napona. Dodatno, njegov automatski na\u010din mirovanja doprinosi o\u010duvanju energije.<\/p>\n<p style=\"color: rgb(34, 34, 34); font-family: Arial, Helvetica, sans-serif; font-size: small;\"><strong>Klju\u010dne zna\u010dajke:<\/strong><\/p>\n<ul style=\"color: rgb(34, 34, 34); font-family: Arial, Helvetica, sans-serif; font-size: small;\">\n<li><strong>\u010cist izlaz sinusnog vala<\/strong>: 230 V AC izlaz idealan je za osjetljive elektroni\u010dke ure\u0111aje.<\/li>\n<li><strong>\u0160irok DC ulazni raspon<\/strong>: Posebno dizajniran za vozila koja udovoljavaju EURO 6 standardima emisije.<\/li>\n<li><strong>Sna\u017ean na\u010din mirovanja<\/strong>: Automatski se aktivira kada je potrebno.<\/li>\n<li><strong>Fleksibilna instalacija<\/strong>: Mogu\u0107e je jednostavno montirati horizontalno ili vertikalno.<\/li>\n<li><strong>Automatski restart<\/strong>: Samo se resetira nakon preoptere\u0107enja ili nepravilnosti napona.<\/li>\n<li><strong>Tih rad<\/strong>: Ventilator se prilago\u0111ava prema optere\u0107enju i uvjetima temperature.<\/li>\n<li><strong>Daljinski upravlja\u010d<\/strong>: Uklju\u010deno kao standardna zna\u010dajka za jednostavno rukovanje.<\/li>\n<\/ul>\n<p style=\"color: rgb(34, 34, 34); font-family: Arial, Helvetica, sans-serif; font-size: small;\"><strong>Dimenzije proizvoda<\/strong>:<\/p>\n<ul style=\"color: rgb(34, 34, 34); font-family: Arial, Helvetica, sans-serif; font-size: small;\">\n<li>Dubina: 360 mm<\/li>\n<li>Visina: 97 mm<\/li>\n<li>\u0160irina: 272 mm<\/li>\n<li>Neto te\u017eina: 5,20 kg<\/li>\n<\/ul>\n<p style=\"color: rgb(34, 34, 34); font-family: Arial, Helvetica, sans-serif; font-size: small;\">Otkrijte pouzdanu energiju u pokretu s Dometic SinePower DSP 2024<\/p>\n","protected":false},"excerpt":{"rendered":"<p>Dometic DSP 2024 SinePower inverter 2000W 24V &#8211; S ponosom predstavljamo Dometic SinePower DSP 2024, sofisticirani kompaktni inverter sinusnog vala<\/p>\n","protected":false},"featured_media":5941272,"comment_status":"open","ping_status":"closed","template":"","meta":[],"product_brand":[2896],"product_cat":[1742],"product_tag":[],"class_list":{"0":"post-742299","1":"product","2":"type-product","3":"status-publish","4":"has-post-thumbnail","6":"product_brand-dometic-hr","7":"product_cat-inverteri-snage","9":"first","10":"instock","11":"shipping-taxable","12":"purchasable","13":"product-type-simple"},"_links":{"self":[{"href":"https:\/\/stoic-curie.212-227-153-4.plesk.page\/hr\/wp-json\/wp\/v2\/product\/742299","targetHints":{"allow":["GET"]}}],"collection":[{"href":"https:\/\/stoic-curie.212-227-153-4.plesk.page\/hr\/wp-json\/wp\/v2\/product"}],"about":[{"href":"https:\/\/stoic-curie.212-227-153-4.plesk.page\/hr\/wp-json\/wp\/v2\/types\/product"}],"replies":[{"embeddable":true,"href":"https:\/\/stoic-curie.212-227-153-4.plesk.page\/hr\/wp-json\/wp\/v2\/comments?post=742299"}],"version-history":[{"count":0,"href":"https:\/\/stoic-curie.212-227-153-4.plesk.page\/hr\/wp-json\/wp\/v2\/product\/742299\/revisions"}],"wp:featuredmedia":[{"embeddable":true,"href":"https:\/\/stoic-curie.212-227-153-4.plesk.page\/hr\/wp-json\/wp\/v2\/media\/5941272"}],"wp:attachment":[{"href":"https:\/\/stoic-curie.212-227-153-4.plesk.page\/hr\/wp-json\/wp\/v2\/media?parent=742299"}],"wp:term":[{"taxonomy":"product_brand","embeddable":true,"href":"https:\/\/stoic-curie.212-227-153-4.plesk.page\/hr\/wp-json\/wp\/v2\/product_brand?post=742299"},{"taxonomy":"product_cat","embeddable":true,"href":"https:\/\/stoic-curie.212-227-153-4.plesk.page\/hr\/wp-json\/wp\/v2\/product_cat?post=742299"},{"taxonomy":"product_tag","embeddable":true,"href":"https:\/\/stoic-curie.212-227-153-4.plesk.page\/hr\/wp-json\/wp\/v2\/product_tag?post=742299"}],"curies":[{"name":"wp","href":"https:\/\/api.w.org\/{rel}","templated":true}]}}