{"id":742300,"date":"2025-03-03T18:19:40","date_gmt":"2025-03-03T17:19:40","guid":{"rendered":"https:\/\/stoic-curie.212-227-153-4.plesk.page\/producto\/profesionalni-waeco-sinusni-pretvarac-dsp1824t-1800wt-24v\/"},"modified":"2026-02-25T00:01:00","modified_gmt":"2026-02-25T00:01:00","slug":"profesionalni-waeco-sinusni-pretvarac-dsp1824t-1800wt-24v","status":"publish","type":"product","link":"https:\/\/stoic-curie.212-227-153-4.plesk.page\/hr\/product\/profesionalni-waeco-sinusni-pretvarac-dsp1824t-1800wt-24v\/","title":{"rendered":"Dometic SinePower inverter DSP1824T 24v"},"content":{"rendered":"<p>Dometic SinePower inverter DSP1824T 24v &#8211; <\/p>\n<p>Ovaj inverter sa sinusnim valovima je dizajniran za pretvaranje snage 24 V baterije u \u010distu 230 V AC, omogu\u0107uju\u0107i vam da izravno napajate elektri\u010dne ure\u0111aje do 1800 W iz baterije va\u0161eg vozila. Istaknute zna\u010dajke ovog premium proizvoda uklju\u010duju krug prioriteta napajanja koji \u0161tedi bateriju i energetski u\u010dinkoviti Smart Standby na\u010din rada. Tako\u0111er mo\u017eete povezati inverter s elegantnom kontrolnom plo\u010dom za jednostavno upravljanje i jasnu prikaz funkcionalnosti.<\/p>\n<p>\u010cisti sinusni val 230 V AC izlaz idealan je za delikatne elektroni\u010dke ure\u0111aje.<\/p>\n<p>Inovativni Smart Standby na\u010din rada poma\u017ee u u\u0161tedi energije kada inverter nije aktivno u upotrebi.<\/p>\n<p>Pobolj\u0161ano korisni\u010dko su\u010delje pojednostavljuje upravljanje i kontrolu.<\/p>\n<p>Kompatibilan je s CI-Busom, \u0161to olak\u0161ava integraciju u elektri\u010dni sustav va\u0161eg vozila.<\/p>\n<p>Ugra\u0111eni krug prioriteta napajanja jam\u010di uskla\u0111enost napona.<\/p>\n<p>\u0160irok raspon DC ulaznog napona \u010dini ovaj inverter savr\u0161enim za vozila koja udovoljavaju EURO 6 standardima emisije.<\/p>\n<p><strong>Dimenzije proizvoda:<\/strong><\/p>\n<ul>\n<li>Dubina: 405 mm<\/li>\n<li>Visina: 118 mm<\/li>\n<li>\u0160irina: 284 mm<\/li>\n<\/ul>\n<p><strong>Neto te\u017eina:<\/strong> 6.10 kg<\/p>\n","protected":false},"excerpt":{"rendered":"<p>Dometic SinePower inverter DSP1824T 24v &#8211; Ovaj inverter sa sinusnim valovima je dizajniran za pretvaranje snage 24 V baterije u<\/p>\n","protected":false},"featured_media":5941272,"comment_status":"open","ping_status":"closed","template":"","meta":[],"product_brand":[2896],"product_cat":[1742],"product_tag":[],"class_list":{"0":"post-742300","1":"product","2":"type-product","3":"status-publish","4":"has-post-thumbnail","6":"product_brand-dometic-hr","7":"product_cat-inverteri-snage","9":"first","10":"instock","11":"shipping-taxable","12":"purchasable","13":"product-type-simple"},"_links":{"self":[{"href":"https:\/\/stoic-curie.212-227-153-4.plesk.page\/hr\/wp-json\/wp\/v2\/product\/742300","targetHints":{"allow":["GET"]}}],"collection":[{"href":"https:\/\/stoic-curie.212-227-153-4.plesk.page\/hr\/wp-json\/wp\/v2\/product"}],"about":[{"href":"https:\/\/stoic-curie.212-227-153-4.plesk.page\/hr\/wp-json\/wp\/v2\/types\/product"}],"replies":[{"embeddable":true,"href":"https:\/\/stoic-curie.212-227-153-4.plesk.page\/hr\/wp-json\/wp\/v2\/comments?post=742300"}],"version-history":[{"count":0,"href":"https:\/\/stoic-curie.212-227-153-4.plesk.page\/hr\/wp-json\/wp\/v2\/product\/742300\/revisions"}],"wp:featuredmedia":[{"embeddable":true,"href":"https:\/\/stoic-curie.212-227-153-4.plesk.page\/hr\/wp-json\/wp\/v2\/media\/5941272"}],"wp:attachment":[{"href":"https:\/\/stoic-curie.212-227-153-4.plesk.page\/hr\/wp-json\/wp\/v2\/media?parent=742300"}],"wp:term":[{"taxonomy":"product_brand","embeddable":true,"href":"https:\/\/stoic-curie.212-227-153-4.plesk.page\/hr\/wp-json\/wp\/v2\/product_brand?post=742300"},{"taxonomy":"product_cat","embeddable":true,"href":"https:\/\/stoic-curie.212-227-153-4.plesk.page\/hr\/wp-json\/wp\/v2\/product_cat?post=742300"},{"taxonomy":"product_tag","embeddable":true,"href":"https:\/\/stoic-curie.212-227-153-4.plesk.page\/hr\/wp-json\/wp\/v2\/product_tag?post=742300"}],"curies":[{"name":"wp","href":"https:\/\/api.w.org\/{rel}","templated":true}]}}