{"id":742302,"date":"2025-03-03T18:19:41","date_gmt":"2025-03-03T17:19:41","guid":{"rendered":"https:\/\/stoic-curie.212-227-153-4.plesk.page\/producto\/profesionalni-waeco-sinepower-pretvarac-dsp3512t-3500wt-12v\/"},"modified":"2026-02-25T00:01:00","modified_gmt":"2026-02-25T00:01:00","slug":"profesionalni-waeco-sinepower-pretvarac-dsp3512t-3500wt-12v","status":"publish","type":"product","link":"https:\/\/stoic-curie.212-227-153-4.plesk.page\/hr\/product\/profesionalni-waeco-sinepower-pretvarac-dsp3512t-3500wt-12v\/","title":{"rendered":"Profesionalni Waeco SinePower pretvara\u010d DSP3512T 3500wt 12v"},"content":{"rendered":"<p>Profesionalni Waeco SinePower pretvara\u010d DSP3512T 3500wt 12v &#8211; <\/p>\n<p>Dometic SinePower inverter predstavlja vrhunac in\u017eenjeringa u podru\u010dju konverzije energije, posebno dizajniran za u\u010dinkovito pretvaranje 12V ili 24V istosmjerne struje iz va\u0161e baterije u stabilnu 230V izmjeni\u010dnu struju, karakteriziranu pravim sinusnim valom. Ova zna\u010dajka je posebno korisna za one koji trebaju pouzdani izvor napajanja za osjetljivu elektroniku i razne elektri\u010dne ure\u0111aje, osiguravaju\u0107i njihov nesmetan rad bez rizika od o\u0161te\u0107enja. Inverter modeli 1812-24T, 2312-24T i 3512-24T opremljeni su integriranim prioritetnim krugom za mre\u017eu, koji jam\u010di optimalne performanse i pouzdanost u razli\u010ditim uvjetima optere\u0107enja.<\/p>\n<p>Ovaj sofisticirani inverter sinusnog vala sposoban je pretvoriti 12V baterijsku energiju u \u010distu 230V AC, omogu\u0107uju\u0107i mu u\u010dinkovito napajanje elektri\u010dnih ure\u0111aja s ukupnom potro\u0161njom energije do 3500W izravno iz baterije va\u0161eg vozila. Me\u0111u njegovim istaknutim zna\u010dajkama je sustav prioritetne veze s mre\u017eom koji \u0161tedi energiju, koji inteligentno upravlja raspodjelom energije, te energetski u\u010dinkoviti na\u010din rada Smart Standby koji minimizira potro\u0161nju kada inverter nije aktivno kori\u0161ten.<\/p>\n<p>Za pobolj\u0161ano korisni\u010dko iskustvo, inverter se mo\u017ee povezati s elegantnom i funkcionalnom kontrolnom plo\u010dom, koja ne samo da olak\u0161ava rad, ve\u0107 tako\u0111er pru\u017ea jasan pregled njegovih raznih funkcija i pokazatelja performansi. Ova kombinacija napredne tehnologije i korisni\u010dkog dizajna \u010dini Dometic SinePower inverter nezaobilaznim alatom za vlasnike \u010damaca i entuzijaste na otvorenom, osiguravaju\u0107i vam pristup pouzdanoj energiji gdje god vas va\u0161e avanture odvedu.<\/p>\n","protected":false},"excerpt":{"rendered":"<p>Profesionalni Waeco SinePower pretvara\u010d DSP3512T 3500wt 12v &#8211; Dometic SinePower inverter predstavlja vrhunac in\u017eenjeringa u podru\u010dju konverzije energije, posebno dizajniran<\/p>\n","protected":false},"featured_media":5941272,"comment_status":"open","ping_status":"closed","template":"","meta":[],"product_brand":[2896],"product_cat":[1742],"product_tag":[],"class_list":{"0":"post-742302","1":"product","2":"type-product","3":"status-publish","4":"has-post-thumbnail","6":"product_brand-dometic-hr","7":"product_cat-inverteri-snage","9":"first","10":"instock","11":"shipping-taxable","12":"purchasable","13":"product-type-simple"},"_links":{"self":[{"href":"https:\/\/stoic-curie.212-227-153-4.plesk.page\/hr\/wp-json\/wp\/v2\/product\/742302","targetHints":{"allow":["GET"]}}],"collection":[{"href":"https:\/\/stoic-curie.212-227-153-4.plesk.page\/hr\/wp-json\/wp\/v2\/product"}],"about":[{"href":"https:\/\/stoic-curie.212-227-153-4.plesk.page\/hr\/wp-json\/wp\/v2\/types\/product"}],"replies":[{"embeddable":true,"href":"https:\/\/stoic-curie.212-227-153-4.plesk.page\/hr\/wp-json\/wp\/v2\/comments?post=742302"}],"version-history":[{"count":0,"href":"https:\/\/stoic-curie.212-227-153-4.plesk.page\/hr\/wp-json\/wp\/v2\/product\/742302\/revisions"}],"wp:featuredmedia":[{"embeddable":true,"href":"https:\/\/stoic-curie.212-227-153-4.plesk.page\/hr\/wp-json\/wp\/v2\/media\/5941272"}],"wp:attachment":[{"href":"https:\/\/stoic-curie.212-227-153-4.plesk.page\/hr\/wp-json\/wp\/v2\/media?parent=742302"}],"wp:term":[{"taxonomy":"product_brand","embeddable":true,"href":"https:\/\/stoic-curie.212-227-153-4.plesk.page\/hr\/wp-json\/wp\/v2\/product_brand?post=742302"},{"taxonomy":"product_cat","embeddable":true,"href":"https:\/\/stoic-curie.212-227-153-4.plesk.page\/hr\/wp-json\/wp\/v2\/product_cat?post=742302"},{"taxonomy":"product_tag","embeddable":true,"href":"https:\/\/stoic-curie.212-227-153-4.plesk.page\/hr\/wp-json\/wp\/v2\/product_tag?post=742302"}],"curies":[{"name":"wp","href":"https:\/\/api.w.org\/{rel}","templated":true}]}}